{"id":134,"date":"2024-08-30T15:09:00","date_gmt":"2024-08-30T13:09:00","guid":{"rendered":"https:\/\/huescaturismoagro.com\/?page_id=134"},"modified":"2024-12-18T13:03:35","modified_gmt":"2024-12-18T12:03:35","slug":"valdecina","status":"publish","type":"page","link":"https:\/\/huescaturismoagro.com\/index.php\/valdecina\/","title":{"rendered":"VALdeCINCA"},"content":{"rendered":"\n<p>Reconocidos como Artesan\u00eda Alimentaria por el Gobierno de Arag\u00f3n, los productos de Valdecinca son transformados en unas modernas instalaciones que aseguran la calidad y el control , desde la elaboraci\u00f3n hasta la entrega del producto.<\/p>\n\n\n\n<figure class=\"wp-block-video\"><video controls src=\"https:\/\/huescaturismoagro.com\/wp-content\/uploads\/2024\/08\/preparando-para-la-visita.mp4\"><\/video><\/figure>\n\n\n\n<p class=\"has-contrast-color has-text-color has-link-color has-medium-font-size wp-elements-1fc6d89d459aa0d7caac505b431a7eac\"><strong>Elaboraci\u00f3n de productos de leche de oveja de reba\u00f1o propio<\/strong>.<\/p>\n\n\n\n<p class=\"has-custom-color-1-color has-text-color has-link-color has-large-font-size wp-elements-c90b8ddf077c0e53db1b6a1e343a3535\"><strong><strong>VISITA GUIADA Y GRATUITA<\/strong><\/strong><\/p>\n\n\n\n<p><strong>Duraci\u00f3n:<\/strong> <em>1h15.<\/em><\/p>\n\n\n\n<p class=\"has-text-align-left\"><strong>Horario:<\/strong> <em>S\u00e1bados, domingos y festivos a las 12 de la ma\u00f1ana, no hay visitas el 1 de enero, 6 de enero, 15 agosto, 12 de octubre y 25 de diciembre.<\/em><\/p>\n\n\n\n<p class=\"has-text-align-left\"><strong>Aforo:<\/strong> <em>Grupos aforo m\u00e1ximo de 45, en visitas individuales numero m\u00e1ximo 45.<\/em><\/p>\n\n\n\n<p><strong>Accesibilidad: <\/strong><em>Para todo tipo de p\u00fablico.<\/em><\/p>\n\n\n\n<figure data-wp-context=\"{&quot;uploadedSrc&quot;:&quot;https:\\\/\\\/huescaturismoagro.com\\\/wp-content\\\/uploads\\\/2024\\\/08\\\/WEB-COLOR-OK-scaled.jpg&quot;,&quot;figureClassNames&quot;:&quot;wp-block-image has-custom-border&quot;,&quot;figureStyles&quot;:null,&quot;imgClassNames&quot;:&quot;wp-image-139&quot;,&quot;imgStyles&quot;:&quot;border-style:none;border-width:0px;border-radius:12px&quot;,&quot;targetWidth&quot;:2560,&quot;targetHeight&quot;:1379,&quot;scaleAttr&quot;:false,&quot;ariaLabel&quot;:&quot;Ampliar la imagen&quot;,&quot;alt&quot;:&quot;&quot;}\" data-wp-interactive=\"core\/image\" class=\"wp-block-image has-custom-border wp-lightbox-container\"><img loading=\"lazy\" decoding=\"async\" width=\"1024\" height=\"551\" data-wp-init=\"callbacks.setButtonStyles\" data-wp-on--click=\"actions.showLightbox\" data-wp-on--load=\"callbacks.setButtonStyles\" data-wp-on-window--resize=\"callbacks.setButtonStyles\" src=\"https:\/\/huescaturismoagro.com\/wp-content\/uploads\/2024\/08\/WEB-COLOR-OK-1024x551.jpg\" alt=\"\" class=\"wp-image-139\" style=\"border-style:none;border-width:0px;border-radius:12px\" srcset=\"https:\/\/huescaturismoagro.com\/wp-content\/uploads\/2024\/08\/WEB-COLOR-OK-1024x551.jpg 1024w, https:\/\/huescaturismoagro.com\/wp-content\/uploads\/2024\/08\/WEB-COLOR-OK-300x162.jpg 300w, https:\/\/huescaturismoagro.com\/wp-content\/uploads\/2024\/08\/WEB-COLOR-OK-768x414.jpg 768w, https:\/\/huescaturismoagro.com\/wp-content\/uploads\/2024\/08\/WEB-COLOR-OK-1536x827.jpg 1536w, https:\/\/huescaturismoagro.com\/wp-content\/uploads\/2024\/08\/WEB-COLOR-OK-2048x1103.jpg 2048w\" sizes=\"(max-width: 1024px) 100vw, 1024px\" \/><button\n\t\t\tclass=\"lightbox-trigger\"\n\t\t\ttype=\"button\"\n\t\t\taria-haspopup=\"dialog\"\n\t\t\taria-label=\"Ampliar la imagen\"\n\t\t\tdata-wp-init=\"callbacks.initTriggerButton\"\n\t\t\tdata-wp-on--click=\"actions.showLightbox\"\n\t\t\tdata-wp-style--right=\"context.imageButtonRight\"\n\t\t\tdata-wp-style--top=\"context.imageButtonTop\"\n\t\t>\n\t\t\t<svg xmlns=\"http:\/\/www.w3.org\/2000\/svg\" width=\"12\" height=\"12\" fill=\"none\" viewBox=\"0 0 12 12\">\n\t\t\t\t<path fill=\"#fff\" d=\"M2 0a2 2 0 0 0-2 2v2h1.5V2a.5.5 0 0 1 .5-.5h2V0H2Zm2 10.5H2a.5.5 0 0 1-.5-.5V8H0v2a2 2 0 0 0 2 2h2v-1.5ZM8 12v-1.5h2a.5.5 0 0 0 .5-.5V8H12v2a2 2 0 0 1-2 2H8Zm2-12a2 2 0 0 1 2 2v2h-1.5V2a.5.5 0 0 0-.5-.5H8V0h2Z\" \/>\n\t\t\t<\/svg>\n\t\t<\/button><\/figure>\n\n\n\n<p><em>Adheridos como empresa agroalimentaria a al ruta del vino del Somontano.<\/em><\/p>\n\n\n\n<figure class=\"wp-block-gallery has-nested-images columns-default is-cropped wp-block-gallery-1 is-layout-flex wp-block-gallery-is-layout-flex\">\n<figure data-wp-context=\"{&quot;uploadedSrc&quot;:&quot;https:\\\/\\\/huescaturismoagro.com\\\/wp-content\\\/uploads\\\/2024\\\/08\\\/IMG-20210406-WA0007-1.jpg&quot;,&quot;figureClassNames&quot;:&quot;wp-block-image size-full has-custom-border&quot;,&quot;figureStyles&quot;:null,&quot;imgClassNames&quot;:&quot;wp-image-141&quot;,&quot;imgStyles&quot;:&quot;border-radius:12px&quot;,&quot;targetWidth&quot;:1024,&quot;targetHeight&quot;:683,&quot;scaleAttr&quot;:false,&quot;ariaLabel&quot;:&quot;Ampliar la imagen&quot;,&quot;alt&quot;:&quot;&quot;}\" data-wp-interactive=\"core\/image\" class=\"wp-block-image size-full has-custom-border wp-lightbox-container\"><img loading=\"lazy\" decoding=\"async\" width=\"1024\" height=\"683\" data-wp-init=\"callbacks.setButtonStyles\" data-wp-on--click=\"actions.showLightbox\" data-wp-on--load=\"callbacks.setButtonStyles\" data-wp-on-window--resize=\"callbacks.setButtonStyles\" data-id=\"141\" src=\"https:\/\/huescaturismoagro.com\/wp-content\/uploads\/2024\/08\/IMG-20210406-WA0007-1.jpg\" alt=\"\" class=\"wp-image-141\" style=\"border-radius:12px\" srcset=\"https:\/\/huescaturismoagro.com\/wp-content\/uploads\/2024\/08\/IMG-20210406-WA0007-1.jpg 1024w, https:\/\/huescaturismoagro.com\/wp-content\/uploads\/2024\/08\/IMG-20210406-WA0007-1-300x200.jpg 300w, https:\/\/huescaturismoagro.com\/wp-content\/uploads\/2024\/08\/IMG-20210406-WA0007-1-768x512.jpg 768w\" sizes=\"(max-width: 1024px) 100vw, 1024px\" \/><button\n\t\t\tclass=\"lightbox-trigger\"\n\t\t\ttype=\"button\"\n\t\t\taria-haspopup=\"dialog\"\n\t\t\taria-label=\"Ampliar la imagen\"\n\t\t\tdata-wp-init=\"callbacks.initTriggerButton\"\n\t\t\tdata-wp-on--click=\"actions.showLightbox\"\n\t\t\tdata-wp-style--right=\"context.imageButtonRight\"\n\t\t\tdata-wp-style--top=\"context.imageButtonTop\"\n\t\t>\n\t\t\t<svg xmlns=\"http:\/\/www.w3.org\/2000\/svg\" width=\"12\" height=\"12\" fill=\"none\" viewBox=\"0 0 12 12\">\n\t\t\t\t<path fill=\"#fff\" d=\"M2 0a2 2 0 0 0-2 2v2h1.5V2a.5.5 0 0 1 .5-.5h2V0H2Zm2 10.5H2a.5.5 0 0 1-.5-.5V8H0v2a2 2 0 0 0 2 2h2v-1.5ZM8 12v-1.5h2a.5.5 0 0 0 .5-.5V8H12v2a2 2 0 0 1-2 2H8Zm2-12a2 2 0 0 1 2 2v2h-1.5V2a.5.5 0 0 0-.5-.5H8V0h2Z\" \/>\n\t\t\t<\/svg>\n\t\t<\/button><\/figure>\n\n\n\n<figure data-wp-context=\"{&quot;uploadedSrc&quot;:&quot;https:\\\/\\\/huescaturismoagro.com\\\/wp-content\\\/uploads\\\/2024\\\/08\\\/1-2.jpg&quot;,&quot;figureClassNames&quot;:&quot;wp-block-image size-large has-custom-border&quot;,&quot;figureStyles&quot;:null,&quot;imgClassNames&quot;:&quot;wp-image-142&quot;,&quot;imgStyles&quot;:&quot;border-radius:12px&quot;,&quot;targetWidth&quot;:1080,&quot;targetHeight&quot;:1080,&quot;scaleAttr&quot;:false,&quot;ariaLabel&quot;:&quot;Ampliar la imagen&quot;,&quot;alt&quot;:&quot;&quot;}\" data-wp-interactive=\"core\/image\" class=\"wp-block-image size-large has-custom-border wp-lightbox-container\"><img loading=\"lazy\" decoding=\"async\" width=\"1024\" height=\"1024\" data-wp-init=\"callbacks.setButtonStyles\" data-wp-on--click=\"actions.showLightbox\" data-wp-on--load=\"callbacks.setButtonStyles\" data-wp-on-window--resize=\"callbacks.setButtonStyles\" data-id=\"142\" src=\"https:\/\/huescaturismoagro.com\/wp-content\/uploads\/2024\/08\/1-2-1024x1024.jpg\" alt=\"\" class=\"wp-image-142\" style=\"border-radius:12px\" srcset=\"https:\/\/huescaturismoagro.com\/wp-content\/uploads\/2024\/08\/1-2-1024x1024.jpg 1024w, https:\/\/huescaturismoagro.com\/wp-content\/uploads\/2024\/08\/1-2-300x300.jpg 300w, https:\/\/huescaturismoagro.com\/wp-content\/uploads\/2024\/08\/1-2-150x150.jpg 150w, https:\/\/huescaturismoagro.com\/wp-content\/uploads\/2024\/08\/1-2-768x768.jpg 768w, https:\/\/huescaturismoagro.com\/wp-content\/uploads\/2024\/08\/1-2.jpg 1080w\" sizes=\"(max-width: 1024px) 100vw, 1024px\" \/><button\n\t\t\tclass=\"lightbox-trigger\"\n\t\t\ttype=\"button\"\n\t\t\taria-haspopup=\"dialog\"\n\t\t\taria-label=\"Ampliar la imagen\"\n\t\t\tdata-wp-init=\"callbacks.initTriggerButton\"\n\t\t\tdata-wp-on--click=\"actions.showLightbox\"\n\t\t\tdata-wp-style--right=\"context.imageButtonRight\"\n\t\t\tdata-wp-style--top=\"context.imageButtonTop\"\n\t\t>\n\t\t\t<svg xmlns=\"http:\/\/www.w3.org\/2000\/svg\" width=\"12\" height=\"12\" fill=\"none\" viewBox=\"0 0 12 12\">\n\t\t\t\t<path fill=\"#fff\" d=\"M2 0a2 2 0 0 0-2 2v2h1.5V2a.5.5 0 0 1 .5-.5h2V0H2Zm2 10.5H2a.5.5 0 0 1-.5-.5V8H0v2a2 2 0 0 0 2 2h2v-1.5ZM8 12v-1.5h2a.5.5 0 0 0 .5-.5V8H12v2a2 2 0 0 1-2 2H8Zm2-12a2 2 0 0 1 2 2v2h-1.5V2a.5.5 0 0 0-.5-.5H8V0h2Z\" \/>\n\t\t\t<\/svg>\n\t\t<\/button><\/figure>\n<\/figure>\n\n\n\n<details class=\"wp-block-details is-style-default is-layout-flow wp-container-core-details-is-layout-1 wp-block-details-is-layout-flow\"><summary>SOBRE NOSOSTROS <\/summary>\n<p>VALdeCINCA es fruto de una iniciativa familiar de Fonz , donde apostamos por la elaboraci\u00f3n de derivados de leche de oveja procedente de nuestro reba\u00f1o propio, que nos permite controlar el cuidado, alimentaci\u00f3n y estado de salud del ganado para poder obtener leche cruda de la mejor calidad.<\/p>\n\n\n\n<p>La pasi\u00f3n por el medio rural , la iniciativa emprendedora y el compromiso por el trabajo bien hecho, convierten a Valdecinca en un referente de la elaboraci\u00f3n artesanal de quesos y yogures de oveja, producidos exclusivamente con leche propia para garantizar la calidad de nuestros productos.<\/p>\n\n\n\n<p><\/p>\n<\/details>\n\n\n\n<details class=\"wp-block-details has-base-2-background-color has-background is-layout-flow wp-block-details-is-layout-flow\"><summary>CONTACTO Y REDES SOCIALES<\/summary>\n<ul>\n<li><strong>Web:<\/strong> <a href=\"https:\/\/www.blackotruffles.com\/\"><\/a><a href=\"https:\/\/www.valdecinca.com\/contacto-2\/\"><\/a><a href=\"https:\/\/www.valdecinca.com\/\" target=\"_blank\" rel=\"noreferrer noopener\">Valdecinca \u2013 Reba\u00f1o propio<\/a><\/li>\n\n\n\n<li><strong>Tel\u00e9fono:<\/strong> 615401050<\/li>\n\n\n\n<li><strong>Instagram:<\/strong> <a href=\"https:\/\/www.instagram.com\/valdecinca\/\"><\/a><a href=\"https:\/\/www.instagram.com\/valdecinca\/\" target=\"_blank\" rel=\"noreferrer noopener\">Yogur griego de leche de oveja (@valdecinca) \u2022 Fotos y videos de Instagram<\/a><\/li>\n\n\n\n<li><strong>Facebook:<\/strong> <a href=\"https:\/\/www.facebook.com\/valdecinca\" target=\"_blank\" rel=\"noreferrer noopener\">ValdeCinca | Fonz | Facebook<\/a><\/li>\n<\/ul>\n<\/details>\n\n\n\n<p><\/p>\n\n\n\n<p class=\"has-text-align-center\"><strong><a href=\"https:\/\/huescaturismoagro.com\/wp-content\/uploads\/2024\/12\/Valdecinca-1.pdf\">Haz click para descargar el folleto digital<\/a><\/strong><\/p>\n","protected":false},"excerpt":{"rendered":"<p>Reconocidos como Artesan\u00eda Alimentaria por el Gobierno de Arag\u00f3n, los productos de Valdecinca son transformados en unas modernas instalaciones que aseguran la calidad y el control , desde la elaboraci\u00f3n hasta la entrega del producto. Elaboraci\u00f3n de productos de leche de oveja de reba\u00f1o propio. VISITA GUIADA Y GRATUITA Duraci\u00f3n: 1h15. Horario: S\u00e1bados, domingos y [&hellip;]<\/p>\n","protected":false},"author":1,"featured_media":0,"parent":0,"menu_order":0,"comment_status":"closed","ping_status":"closed","template":"","meta":{"footnotes":""},"_links":{"self":[{"href":"https:\/\/huescaturismoagro.com\/index.php\/wp-json\/wp\/v2\/pages\/134"}],"collection":[{"href":"https:\/\/huescaturismoagro.com\/index.php\/wp-json\/wp\/v2\/pages"}],"about":[{"href":"https:\/\/huescaturismoagro.com\/index.php\/wp-json\/wp\/v2\/types\/page"}],"author":[{"embeddable":true,"href":"https:\/\/huescaturismoagro.com\/index.php\/wp-json\/wp\/v2\/users\/1"}],"replies":[{"embeddable":true,"href":"https:\/\/huescaturismoagro.com\/index.php\/wp-json\/wp\/v2\/comments?post=134"}],"version-history":[{"count":12,"href":"https:\/\/huescaturismoagro.com\/index.php\/wp-json\/wp\/v2\/pages\/134\/revisions"}],"predecessor-version":[{"id":812,"href":"https:\/\/huescaturismoagro.com\/index.php\/wp-json\/wp\/v2\/pages\/134\/revisions\/812"}],"wp:attachment":[{"href":"https:\/\/huescaturismoagro.com\/index.php\/wp-json\/wp\/v2\/media?parent=134"}],"curies":[{"name":"wp","href":"https:\/\/api.w.org\/{rel}","templated":true}]}}