{"id":150,"date":"2024-09-02T11:36:32","date_gmt":"2024-09-02T09:36:32","guid":{"rendered":"https:\/\/huescaturismoagro.com\/?page_id=150"},"modified":"2024-12-18T13:13:41","modified_gmt":"2024-12-18T12:13:41","slug":"carniceria-tonet-del-llarc","status":"publish","type":"page","link":"https:\/\/huescaturismoagro.com\/index.php\/carniceria-tonet-del-llarc\/","title":{"rendered":"Carnicer\u00eda To\u00f1et del Llarc"},"content":{"rendered":"\n<p>La experiencia alimentaria en Carnicer\u00eda&nbsp;To\u00f1et&nbsp;del Llarc es activa. Ofrecemos degustaci\u00f3n de nuestros productos durante una experiencia pastoril con nuestras ovejas. <\/p>\n\n\n\n<figure class=\"wp-block-video\"><video controls src=\"https:\/\/huescaturismoagro.com\/wp-content\/uploads\/2024\/09\/resumenexperiencia.mov\"><\/video><\/figure>\n\n\n\n<p class=\"has-custom-color-1-color has-text-color has-link-color has-large-font-size wp-elements-270b32f267012694428e48311c9b9254\"><strong>Sum\u00e9rgete en la vida del pastor<\/strong><\/p>\n\n\n\n<div class=\"wp-block-media-text is-stacked-on-mobile\" style=\"grid-template-columns:48% auto\"><figure class=\"wp-block-media-text__media\"><img loading=\"lazy\" decoding=\"async\" width=\"576\" height=\"1024\" src=\"https:\/\/huescaturismoagro.com\/wp-content\/uploads\/2024\/09\/experienciapastoril1-576x1024.jpg\" alt=\"\" class=\"wp-image-156 size-full\" srcset=\"https:\/\/huescaturismoagro.com\/wp-content\/uploads\/2024\/09\/experienciapastoril1-576x1024.jpg 576w, https:\/\/huescaturismoagro.com\/wp-content\/uploads\/2024\/09\/experienciapastoril1-169x300.jpg 169w, https:\/\/huescaturismoagro.com\/wp-content\/uploads\/2024\/09\/experienciapastoril1-768x1365.jpg 768w, https:\/\/huescaturismoagro.com\/wp-content\/uploads\/2024\/09\/experienciapastoril1-864x1536.jpg 864w, https:\/\/huescaturismoagro.com\/wp-content\/uploads\/2024\/09\/experienciapastoril1.jpg 1080w\" sizes=\"(max-width: 576px) 100vw, 576px\" \/><\/figure><div class=\"wp-block-media-text__content\">\n<p>Acompa\u00f1a a nuestro reba\u00f1o de ovejas xisquetas en una traves\u00eda inolvidable por nuestros pastos ecol\u00f3gicos. Descubre los secretos del pastoreo tradicional, desde la identificaci\u00f3n de las ovejas hasta el manejo del reba\u00f1o con el fiel perro pastor. Seg\u00fan la \u00e9poca del a\u00f1o, podr\u00e1s presenciar momentos \u00fanicos como el nacimiento de corderos o el emocionante proceso de esquila.<\/p>\n\n\n\n<p>Aprende sobre las plantas medicinales y la rica vegetaci\u00f3n de nuestros campos, mientras disfrutas de la tranquilidad de la naturaleza.<\/p>\n<\/div><\/div>\n\n\n\n<p class=\"has-text-align-center has-custom-color-1-color has-text-color has-link-color has-large-font-size wp-elements-1b6bc713a17c2e22b2790f4a46c26fe4\"><strong>ACTIVIDAD<\/strong><\/p>\n\n\n\n<div class=\"wp-block-group has-global-padding is-layout-constrained wp-block-group-is-layout-constrained\" style=\"border-radius:12px\">\n<div class=\"wp-block-media-text has-media-on-the-right is-stacked-on-mobile\" style=\"border-radius:12px;grid-template-columns:auto 53%\"><div class=\"wp-block-media-text__content\">\n<p><strong>Duraci\u00f3n: <\/strong>2,5h<\/p>\n\n\n\n<p><strong>Horarios y d\u00edas de visita<\/strong>:<em> A convenir seg\u00fan estaci\u00f3n del a\u00f1o<\/em><\/p>\n\n\n\n<p><strong>Afro y grupos:<\/strong> <em>Grupos 10, en visitas individuales m\u00ednimo 1 y m\u00e1ximo 10. <\/em><\/p>\n\n\n\n<p><strong>Precio de la actividad:<\/strong><em> Adulto 15\u20ac. Ni\u00f1os gratis.<\/em><\/p>\n\n\n\n<p><strong>Forma de reserva:<\/strong> <em>Por tel\u00e9fono, whatsapp, instagram o en la propia carnicer\u00eda<\/em><\/p>\n<\/div><figure class=\"wp-block-media-text__media\"><img loading=\"lazy\" decoding=\"async\" width=\"1024\" height=\"768\" src=\"https:\/\/huescaturismoagro.com\/wp-content\/uploads\/2024\/09\/experienciapastoril2-2-1024x768.jpg\" alt=\"\" class=\"wp-image-216 size-full\" srcset=\"https:\/\/huescaturismoagro.com\/wp-content\/uploads\/2024\/09\/experienciapastoril2-2-1024x768.jpg 1024w, https:\/\/huescaturismoagro.com\/wp-content\/uploads\/2024\/09\/experienciapastoril2-2-300x225.jpg 300w, https:\/\/huescaturismoagro.com\/wp-content\/uploads\/2024\/09\/experienciapastoril2-2-768x576.jpg 768w, https:\/\/huescaturismoagro.com\/wp-content\/uploads\/2024\/09\/experienciapastoril2-2-1536x1152.jpg 1536w, https:\/\/huescaturismoagro.com\/wp-content\/uploads\/2024\/09\/experienciapastoril2-2-2048x1536.jpg 2048w\" sizes=\"(max-width: 1024px) 100vw, 1024px\" \/><\/figure><\/div>\n<\/div>\n\n\n\n<p>Accesibilidad parcial: zona de establos accesible y la de pastos de monte, no. Seg\u00fan la \u00e9poca del a\u00f1o, se pueden ver nacimientos en directo. Se permite grabar video y fotos y existe la posibilidad de usar la barbacoa para degustar la carne de cordero ecol\u00f3gico a la brasa.<\/p>\n\n\n\n<div class=\"wp-block-columns is-layout-flex wp-container-core-columns-is-layout-1 wp-block-columns-is-layout-flex\">\n<div class=\"wp-block-column is-vertically-aligned-center is-layout-flow wp-block-column-is-layout-flow\">\n<figure class=\"wp-block-gallery has-nested-images columns-default is-cropped wp-block-gallery-1 is-layout-flex wp-block-gallery-is-layout-flex\">\n<figure data-wp-context=\"{&quot;uploadedSrc&quot;:&quot;https:\\\/\\\/huescaturismoagro.com\\\/wp-content\\\/uploads\\\/2024\\\/09\\\/gancho-1-3.jpg&quot;,&quot;figureClassNames&quot;:&quot;wp-block-image size-large has-custom-border&quot;,&quot;figureStyles&quot;:null,&quot;imgClassNames&quot;:&quot;wp-image-161&quot;,&quot;imgStyles&quot;:&quot;border-radius:12px&quot;,&quot;targetWidth&quot;:900,&quot;targetHeight&quot;:1600,&quot;scaleAttr&quot;:false,&quot;ariaLabel&quot;:&quot;Ampliar la imagen&quot;,&quot;alt&quot;:&quot;&quot;}\" data-wp-interactive=\"core\/image\" class=\"wp-block-image size-large has-custom-border wp-lightbox-container\"><img loading=\"lazy\" decoding=\"async\" width=\"576\" height=\"1024\" data-wp-init=\"callbacks.setButtonStyles\" data-wp-on--click=\"actions.showLightbox\" data-wp-on--load=\"callbacks.setButtonStyles\" data-wp-on-window--resize=\"callbacks.setButtonStyles\" src=\"https:\/\/huescaturismoagro.com\/wp-content\/uploads\/2024\/09\/gancho-1-3-576x1024.jpg\" alt=\"\" class=\"wp-image-161\" style=\"border-radius:12px\" srcset=\"https:\/\/huescaturismoagro.com\/wp-content\/uploads\/2024\/09\/gancho-1-3-576x1024.jpg 576w, https:\/\/huescaturismoagro.com\/wp-content\/uploads\/2024\/09\/gancho-1-3-169x300.jpg 169w, https:\/\/huescaturismoagro.com\/wp-content\/uploads\/2024\/09\/gancho-1-3-768x1365.jpg 768w, https:\/\/huescaturismoagro.com\/wp-content\/uploads\/2024\/09\/gancho-1-3-864x1536.jpg 864w, https:\/\/huescaturismoagro.com\/wp-content\/uploads\/2024\/09\/gancho-1-3.jpg 900w\" sizes=\"(max-width: 576px) 100vw, 576px\" \/><button\n\t\t\tclass=\"lightbox-trigger\"\n\t\t\ttype=\"button\"\n\t\t\taria-haspopup=\"dialog\"\n\t\t\taria-label=\"Ampliar la imagen\"\n\t\t\tdata-wp-init=\"callbacks.initTriggerButton\"\n\t\t\tdata-wp-on--click=\"actions.showLightbox\"\n\t\t\tdata-wp-style--right=\"context.imageButtonRight\"\n\t\t\tdata-wp-style--top=\"context.imageButtonTop\"\n\t\t>\n\t\t\t<svg xmlns=\"http:\/\/www.w3.org\/2000\/svg\" width=\"12\" height=\"12\" fill=\"none\" viewBox=\"0 0 12 12\">\n\t\t\t\t<path fill=\"#fff\" d=\"M2 0a2 2 0 0 0-2 2v2h1.5V2a.5.5 0 0 1 .5-.5h2V0H2Zm2 10.5H2a.5.5 0 0 1-.5-.5V8H0v2a2 2 0 0 0 2 2h2v-1.5ZM8 12v-1.5h2a.5.5 0 0 0 .5-.5V8H12v2a2 2 0 0 1-2 2H8Zm2-12a2 2 0 0 1 2 2v2h-1.5V2a.5.5 0 0 0-.5-.5H8V0h2Z\" \/>\n\t\t\t<\/svg>\n\t\t<\/button><\/figure>\n<\/figure>\n<\/div>\n<\/div>\n\n\n\n<details class=\"wp-block-details is-style-default has-base-2-background-color has-background is-layout-flow wp-container-core-details-is-layout-1 wp-block-details-is-layout-flow\"><summary>SOBRE NOSOSTROS <\/summary>\n<p>Carnicer\u00eda Moderna naci\u00f3 de la pasi\u00f3n por la carne y el deseo de crear un espacio donde los amantes de la buena carne pudieran encontrar los mejores productos y establecimientos en un solo lugar. Fundado en marzo de 2023, nuestro sitio web se ha convertido en un referente en el sector c\u00e1rnico en Espa\u00f1a.<\/p>\n\n\n\n<p>Todo comenz\u00f3 con la idea de simplificar la b\u00fasqueda de carnicer\u00edas de calidad en toda Espa\u00f1a. Ante la falta de una plataforma integral que reuniera esta informaci\u00f3n de manera accesible, decidimos tomar la iniciativa y crear Carnicer\u00eda Moderna.<\/p>\n\n\n\n<p>A lo largo de los a\u00f1os, hemos trabajado arduamente para recopilar informaci\u00f3n detallada sobre carnicer\u00edas en todo el pa\u00eds, brindando a nuestros usuarios la oportunidad de descubrir nuevas opciones y disfrutar de productos frescos y de alta calidad.<\/p>\n<\/details>\n\n\n\n<details class=\"wp-block-details has-base-2-background-color has-background is-layout-flow wp-block-details-is-layout-flow\"><summary>CONTACTO Y REDES SOCIALES<\/summary>\n<ul>\n<li><strong>Web:<\/strong> <a href=\"https:\/\/carniceriamoderna.es\/carniceria\/carniceria-tonyet-del-llarc\/\" target=\"_blank\" rel=\"noreferrer noopener\">https:\/\/carniceriamoderna.es\/carniceria\/carniceria-tonyet-del-llarc\/<\/a><\/li>\n\n\n\n<li><strong>Tel\u00e9fono:<\/strong> 696402261 (Jos\u00e9 M\u00aa Ferro)<\/li>\n\n\n\n<li><strong>Instagram:<\/strong> carniceria_tonyet_del_llarc<\/li>\n<\/ul>\n<\/details>\n\n\n\n<p class=\"has-text-align-center\"><strong><a href=\"https:\/\/huescaturismoagro.com\/wp-content\/uploads\/2024\/12\/Carniceria-Tonet-del-Llarc-1.pdf\">Haz click para descargar el folleto digital<\/a><\/strong><\/p>\n","protected":false},"excerpt":{"rendered":"<p>La experiencia alimentaria en Carnicer\u00eda&nbsp;To\u00f1et&nbsp;del Llarc es activa. Ofrecemos degustaci\u00f3n de nuestros productos durante una experiencia pastoril con nuestras ovejas. Sum\u00e9rgete en la vida del pastor Acompa\u00f1a a nuestro reba\u00f1o de ovejas xisquetas en una traves\u00eda inolvidable por nuestros pastos ecol\u00f3gicos. Descubre los secretos del pastoreo tradicional, desde la identificaci\u00f3n de las ovejas hasta el [&hellip;]<\/p>\n","protected":false},"author":1,"featured_media":0,"parent":0,"menu_order":0,"comment_status":"closed","ping_status":"closed","template":"","meta":{"footnotes":""},"_links":{"self":[{"href":"https:\/\/huescaturismoagro.com\/index.php\/wp-json\/wp\/v2\/pages\/150"}],"collection":[{"href":"https:\/\/huescaturismoagro.com\/index.php\/wp-json\/wp\/v2\/pages"}],"about":[{"href":"https:\/\/huescaturismoagro.com\/index.php\/wp-json\/wp\/v2\/types\/page"}],"author":[{"embeddable":true,"href":"https:\/\/huescaturismoagro.com\/index.php\/wp-json\/wp\/v2\/users\/1"}],"replies":[{"embeddable":true,"href":"https:\/\/huescaturismoagro.com\/index.php\/wp-json\/wp\/v2\/comments?post=150"}],"version-history":[{"count":10,"href":"https:\/\/huescaturismoagro.com\/index.php\/wp-json\/wp\/v2\/pages\/150\/revisions"}],"predecessor-version":[{"id":826,"href":"https:\/\/huescaturismoagro.com\/index.php\/wp-json\/wp\/v2\/pages\/150\/revisions\/826"}],"wp:attachment":[{"href":"https:\/\/huescaturismoagro.com\/index.php\/wp-json\/wp\/v2\/media?parent=150"}],"curies":[{"name":"wp","href":"https:\/\/api.w.org\/{rel}","templated":true}]}}