{"id":28,"date":"2024-08-30T13:03:26","date_gmt":"2024-08-30T11:03:26","guid":{"rendered":"https:\/\/huescaturismoagro.com\/?page_id=28"},"modified":"2024-12-18T13:00:34","modified_gmt":"2024-12-18T12:00:34","slug":"blacko-truffles","status":"publish","type":"page","link":"https:\/\/huescaturismoagro.com\/index.php\/blacko-truffles\/","title":{"rendered":"Blacko Truffles"},"content":{"rendered":"\n<p>\u00danete a nosotros en una aventura \u00fanica y ad\u00e9ntrate en el fascinante mundo de la trufa negra. Durante los meses de diciembre, enero y febrero, te invitamos a vivir la emoci\u00f3n de la b\u00fasqueda de este preciado hongo junto a nuestros expertos perros truferos.<\/p>\n\n\n\n<p><strong>\u00bfQu\u00e9 te ofrecemos?<\/strong><\/p>\n\n\n\n<ul>\n<li><strong>Paseos por fincas de encinas:<\/strong> Explora nuestros campos y bosques mientras nuestros fieles compa\u00f1eros olfatean el aroma inconfundible de la trufa.<\/li>\n\n\n\n<li><strong>El misterio de la trufa:<\/strong> Desvela los secretos de este hongo tan apreciado y aprende sobre su ciclo de vida y las t\u00e9cnicas de b\u00fasqueda tradicionales.<\/li>\n\n\n\n<li><strong>Degustaci\u00f3n exclusiva:<\/strong> Complementa tu experiencia con una degustaci\u00f3n de trufa negra, donde podr\u00e1s disfrutar de su intenso sabor y aroma.<\/li>\n\n\n\n<li><strong>Men\u00fa trufado completo:<\/strong> Si deseas una experiencia a\u00fan m\u00e1s especial, te ofrecemos un men\u00fa elaborado con trufa negra, donde cada bocado ser\u00e1 un aut\u00e9ntico placer para tus sentidos.<\/li>\n<\/ul>\n\n\n\n<figure class=\"wp-block-video\"><video controls src=\"https:\/\/huescaturismoagro.com\/wp-content\/uploads\/2024\/08\/Blacko-The-Brand-of-Truffles.mp4\"><\/video><\/figure>\n\n\n\n<p class=\"has-contrast-color has-text-color has-link-color has-large-font-size wp-elements-8258263202dbc4c2e903473168e171ee\">Descubre <strong>nuestras actividades<\/strong> m\u00e1s exquisitas:<\/p>\n\n\n\n<p class=\"has-custom-color-1-color has-text-color has-link-color has-large-font-size wp-elements-bf9a7432f8051db27348abeffff99b5d\"><strong>TRUFITURISMO + DEGUSTACI\u00d3N<\/strong><\/p>\n\n\n\n<div class=\"wp-block-media-text is-stacked-on-mobile\" style=\"grid-template-columns:44% auto\"><figure class=\"wp-block-media-text__media\"><img loading=\"lazy\" decoding=\"async\" width=\"549\" height=\"366\" src=\"https:\/\/huescaturismoagro.com\/wp-content\/uploads\/2024\/08\/trufiturismodegustacion.jpg\" alt=\"\" class=\"wp-image-29 size-full\" srcset=\"https:\/\/huescaturismoagro.com\/wp-content\/uploads\/2024\/08\/trufiturismodegustacion.jpg 549w, https:\/\/huescaturismoagro.com\/wp-content\/uploads\/2024\/08\/trufiturismodegustacion-300x200.jpg 300w\" sizes=\"(max-width: 549px) 100vw, 549px\" \/><\/figure><div class=\"wp-block-media-text__content\">\n<p><strong>Visita a \u201cla reguera\u201d, finca de encinas con TRUFA NEGRA (TUBER<br>MELANOSPORUM) y b\u00fasqueda de la trufa con perritos truferos.<\/strong><\/p>\n<\/div><\/div>\n\n\n\n<div class=\"wp-block-columns is-layout-flex wp-container-core-columns-is-layout-1 wp-block-columns-is-layout-flex\">\n<div class=\"wp-block-column is-layout-flow wp-block-column-is-layout-flow\">\n<p><strong>Aperitivos<\/strong><\/p>\n\n\n\n<p>Un aperitivo de trufa con AOVE y sal en escamas.<br>Un aperitivo de queso crema con mermelada de manzana y trufa.<\/p>\n\n\n\n<p>Precio de la actividad: <em>32,5\u20ac<\/em><\/p>\n<\/div>\n\n\n\n<div class=\"wp-block-column is-layout-flow wp-block-column-is-layout-flow\">\n<p><strong>Bebidas<\/strong><\/p>\n\n\n\n<p>A elegir entre copa de vino \u201ccabecita loca\u201d, cerveza artesana \u201cLo vilot\u201d y zumo natural bio.<\/p>\n\n\n\n<p><\/p>\n<\/div>\n<\/div>\n\n\n\n<p class=\"has-custom-color-1-color has-text-color has-link-color has-large-font-size wp-elements-fa9b26ef5435ef4107c1fc7e83237193\"><strong><strong>TRUFITURISMO + MEN\u00da TRUFADO<\/strong><\/strong><\/p>\n\n\n\n<div class=\"wp-block-media-text is-stacked-on-mobile\" style=\"grid-template-columns:44% auto\"><figure class=\"wp-block-media-text__media\"><img loading=\"lazy\" decoding=\"async\" width=\"550\" height=\"367\" src=\"https:\/\/huescaturismoagro.com\/wp-content\/uploads\/2024\/08\/trufiturismomenu.jpg\" alt=\"\" class=\"wp-image-30 size-full\" srcset=\"https:\/\/huescaturismoagro.com\/wp-content\/uploads\/2024\/08\/trufiturismomenu.jpg 550w, https:\/\/huescaturismoagro.com\/wp-content\/uploads\/2024\/08\/trufiturismomenu-300x200.jpg 300w\" sizes=\"(max-width: 550px) 100vw, 550px\" \/><\/figure><div class=\"wp-block-media-text__content\">\n<p><strong><strong>Visita a \u201cla reguera\u201d, finca de encinas con TRUFA NEGRA (TUBER<\/strong><br><strong>MELANOSPORUM) y b\u00fasqueda de la trufa con perritos truferos.<\/strong><\/strong><\/p>\n<\/div><\/div>\n\n\n\n<div class=\"wp-block-columns is-layout-flex wp-container-core-columns-is-layout-2 wp-block-columns-is-layout-flex\">\n<div class=\"wp-block-column is-layout-flow wp-block-column-is-layout-flow\">\n<p><strong>Aperitivos<\/strong><\/p>\n\n\n\n<p>Tostadas de trufa en aove y sal en escamas, queso de cabra con l\u00e1mina de trufa ba\u00f1ada en aove y miel, queso de cabra con mermelada de manzana y trufa.<\/p>\n<\/div>\n\n\n\n<div class=\"wp-block-column is-layout-flow wp-block-column-is-layout-flow\">\n<p><strong>Principal<\/strong><\/p>\n\n\n\n<p>Huevos rotos con patatas de Camporrells y longaniza a la brasa o verduras a la brasa.<br>Postre trufado del d\u00eda y caf\u00e9 o infusi\u00f3n<\/p>\n<\/div>\n\n\n\n<div class=\"wp-block-column is-layout-flow wp-block-column-is-layout-flow\">\n<p><strong>Bebidas<\/strong><\/p>\n\n\n\n<p>1 Botella de vino cada 4 personas, cerveza artesa o zumo natural.<\/p>\n<\/div>\n<\/div>\n\n\n\n<figure class=\"wp-block-gallery has-nested-images columns-default is-cropped wp-block-gallery-1 is-layout-flex wp-block-gallery-is-layout-flex\">\n<figure data-wp-context=\"{&quot;uploadedSrc&quot;:&quot;https:\\\/\\\/huescaturismoagro.com\\\/wp-content\\\/uploads\\\/2024\\\/08\\\/1.-Trufiturismo-degustacion-scaled.jpg&quot;,&quot;figureClassNames&quot;:&quot;wp-block-image size-large&quot;,&quot;figureStyles&quot;:null,&quot;imgClassNames&quot;:&quot;wp-image-32&quot;,&quot;imgStyles&quot;:null,&quot;targetWidth&quot;:2560,&quot;targetHeight&quot;:1735,&quot;scaleAttr&quot;:false,&quot;ariaLabel&quot;:&quot;Ampliar la imagen&quot;,&quot;alt&quot;:&quot;&quot;}\" data-wp-interactive=\"core\/image\" class=\"wp-block-image size-large wp-lightbox-container\"><img loading=\"lazy\" decoding=\"async\" width=\"1024\" height=\"694\" data-wp-init=\"callbacks.setButtonStyles\" data-wp-on--click=\"actions.showLightbox\" data-wp-on--load=\"callbacks.setButtonStyles\" data-wp-on-window--resize=\"callbacks.setButtonStyles\" data-id=\"32\" src=\"https:\/\/huescaturismoagro.com\/wp-content\/uploads\/2024\/08\/1.-Trufiturismo-degustacion-1024x694.jpg\" alt=\"\" class=\"wp-image-32\" srcset=\"https:\/\/huescaturismoagro.com\/wp-content\/uploads\/2024\/08\/1.-Trufiturismo-degustacion-1024x694.jpg 1024w, https:\/\/huescaturismoagro.com\/wp-content\/uploads\/2024\/08\/1.-Trufiturismo-degustacion-300x203.jpg 300w\" sizes=\"(max-width: 1024px) 100vw, 1024px\" \/><button\n\t\t\tclass=\"lightbox-trigger\"\n\t\t\ttype=\"button\"\n\t\t\taria-haspopup=\"dialog\"\n\t\t\taria-label=\"Ampliar la imagen\"\n\t\t\tdata-wp-init=\"callbacks.initTriggerButton\"\n\t\t\tdata-wp-on--click=\"actions.showLightbox\"\n\t\t\tdata-wp-style--right=\"context.imageButtonRight\"\n\t\t\tdata-wp-style--top=\"context.imageButtonTop\"\n\t\t>\n\t\t\t<svg xmlns=\"http:\/\/www.w3.org\/2000\/svg\" width=\"12\" height=\"12\" fill=\"none\" viewBox=\"0 0 12 12\">\n\t\t\t\t<path fill=\"#fff\" d=\"M2 0a2 2 0 0 0-2 2v2h1.5V2a.5.5 0 0 1 .5-.5h2V0H2Zm2 10.5H2a.5.5 0 0 1-.5-.5V8H0v2a2 2 0 0 0 2 2h2v-1.5ZM8 12v-1.5h2a.5.5 0 0 0 .5-.5V8H12v2a2 2 0 0 1-2 2H8Zm2-12a2 2 0 0 1 2 2v2h-1.5V2a.5.5 0 0 0-.5-.5H8V0h2Z\" \/>\n\t\t\t<\/svg>\n\t\t<\/button><\/figure>\n\n\n\n<figure data-wp-context=\"{&quot;uploadedSrc&quot;:&quot;https:\\\/\\\/huescaturismoagro.com\\\/wp-content\\\/uploads\\\/2024\\\/08\\\/4.-Trufiturismo-degustacion-scaled.jpg&quot;,&quot;figureClassNames&quot;:&quot;wp-block-image size-large&quot;,&quot;figureStyles&quot;:null,&quot;imgClassNames&quot;:&quot;wp-image-31&quot;,&quot;imgStyles&quot;:null,&quot;targetWidth&quot;:2560,&quot;targetHeight&quot;:1707,&quot;scaleAttr&quot;:false,&quot;ariaLabel&quot;:&quot;Ampliar la imagen&quot;,&quot;alt&quot;:&quot;&quot;}\" data-wp-interactive=\"core\/image\" class=\"wp-block-image size-large wp-lightbox-container\"><img loading=\"lazy\" decoding=\"async\" width=\"1024\" height=\"683\" data-wp-init=\"callbacks.setButtonStyles\" data-wp-on--click=\"actions.showLightbox\" data-wp-on--load=\"callbacks.setButtonStyles\" data-wp-on-window--resize=\"callbacks.setButtonStyles\" data-id=\"31\" src=\"https:\/\/huescaturismoagro.com\/wp-content\/uploads\/2024\/08\/4.-Trufiturismo-degustacion-1024x683.jpg\" alt=\"\" class=\"wp-image-31\" srcset=\"https:\/\/huescaturismoagro.com\/wp-content\/uploads\/2024\/08\/4.-Trufiturismo-degustacion-1024x683.jpg 1024w, https:\/\/huescaturismoagro.com\/wp-content\/uploads\/2024\/08\/4.-Trufiturismo-degustacion-300x200.jpg 300w\" sizes=\"(max-width: 1024px) 100vw, 1024px\" \/><button\n\t\t\tclass=\"lightbox-trigger\"\n\t\t\ttype=\"button\"\n\t\t\taria-haspopup=\"dialog\"\n\t\t\taria-label=\"Ampliar la imagen\"\n\t\t\tdata-wp-init=\"callbacks.initTriggerButton\"\n\t\t\tdata-wp-on--click=\"actions.showLightbox\"\n\t\t\tdata-wp-style--right=\"context.imageButtonRight\"\n\t\t\tdata-wp-style--top=\"context.imageButtonTop\"\n\t\t>\n\t\t\t<svg xmlns=\"http:\/\/www.w3.org\/2000\/svg\" width=\"12\" height=\"12\" fill=\"none\" viewBox=\"0 0 12 12\">\n\t\t\t\t<path fill=\"#fff\" d=\"M2 0a2 2 0 0 0-2 2v2h1.5V2a.5.5 0 0 1 .5-.5h2V0H2Zm2 10.5H2a.5.5 0 0 1-.5-.5V8H0v2a2 2 0 0 0 2 2h2v-1.5ZM8 12v-1.5h2a.5.5 0 0 0 .5-.5V8H12v2a2 2 0 0 1-2 2H8Zm2-12a2 2 0 0 1 2 2v2h-1.5V2a.5.5 0 0 0-.5-.5H8V0h2Z\" \/>\n\t\t\t<\/svg>\n\t\t<\/button><\/figure>\n\n\n\n<figure data-wp-context=\"{&quot;uploadedSrc&quot;:&quot;https:\\\/\\\/huescaturismoagro.com\\\/wp-content\\\/uploads\\\/2024\\\/08\\\/chocolate-4455840_1280.jpg&quot;,&quot;figureClassNames&quot;:&quot;wp-block-image size-large&quot;,&quot;figureStyles&quot;:null,&quot;imgClassNames&quot;:&quot;wp-image-14&quot;,&quot;imgStyles&quot;:null,&quot;targetWidth&quot;:853,&quot;targetHeight&quot;:1280,&quot;scaleAttr&quot;:false,&quot;ariaLabel&quot;:&quot;Ampliar la imagen&quot;,&quot;alt&quot;:&quot;&quot;}\" data-wp-interactive=\"core\/image\" class=\"wp-block-image size-large wp-lightbox-container\"><img loading=\"lazy\" decoding=\"async\" width=\"682\" height=\"1024\" data-wp-init=\"callbacks.setButtonStyles\" data-wp-on--click=\"actions.showLightbox\" data-wp-on--load=\"callbacks.setButtonStyles\" data-wp-on-window--resize=\"callbacks.setButtonStyles\" data-id=\"14\" src=\"https:\/\/huescaturismoagro.com\/wp-content\/uploads\/2024\/08\/chocolate-4455840_1280-682x1024.jpg\" alt=\"\" class=\"wp-image-14\" srcset=\"https:\/\/huescaturismoagro.com\/wp-content\/uploads\/2024\/08\/chocolate-4455840_1280-682x1024.jpg 682w, https:\/\/huescaturismoagro.com\/wp-content\/uploads\/2024\/08\/chocolate-4455840_1280-200x300.jpg 200w, https:\/\/huescaturismoagro.com\/wp-content\/uploads\/2024\/08\/chocolate-4455840_1280-768x1152.jpg 768w, https:\/\/huescaturismoagro.com\/wp-content\/uploads\/2024\/08\/chocolate-4455840_1280.jpg 853w\" sizes=\"(max-width: 682px) 100vw, 682px\" \/><button\n\t\t\tclass=\"lightbox-trigger\"\n\t\t\ttype=\"button\"\n\t\t\taria-haspopup=\"dialog\"\n\t\t\taria-label=\"Ampliar la imagen\"\n\t\t\tdata-wp-init=\"callbacks.initTriggerButton\"\n\t\t\tdata-wp-on--click=\"actions.showLightbox\"\n\t\t\tdata-wp-style--right=\"context.imageButtonRight\"\n\t\t\tdata-wp-style--top=\"context.imageButtonTop\"\n\t\t>\n\t\t\t<svg xmlns=\"http:\/\/www.w3.org\/2000\/svg\" width=\"12\" height=\"12\" fill=\"none\" viewBox=\"0 0 12 12\">\n\t\t\t\t<path fill=\"#fff\" d=\"M2 0a2 2 0 0 0-2 2v2h1.5V2a.5.5 0 0 1 .5-.5h2V0H2Zm2 10.5H2a.5.5 0 0 1-.5-.5V8H0v2a2 2 0 0 0 2 2h2v-1.5ZM8 12v-1.5h2a.5.5 0 0 0 .5-.5V8H12v2a2 2 0 0 1-2 2H8Zm2-12a2 2 0 0 1 2 2v2h-1.5V2a.5.5 0 0 0-.5-.5H8V0h2Z\" \/>\n\t\t\t<\/svg>\n\t\t<\/button><\/figure>\n<\/figure>\n\n\n\n<p>Precio de la actividad: <em>62,5\u20ac<\/em><\/p>\n\n\n\n<details class=\"wp-block-details is-style-default has-base-2-background-color has-background is-layout-flow wp-container-core-details-is-layout-1 wp-block-details-is-layout-flow\"><summary>SOBRE NOSOSTROS \u2013 producimos y recogemos nuestras propias trufas<\/summary>\n<p>Somos productores de Trufa Negra y apostamos por el producto fresco, natural y rural, sin suced\u00e1neos ni aromas qu\u00edmicos de trufa.<\/p>\n\n\n\n<p>BLACKO es el resultado del nuevo conocimiento, un proyecto que ampl\u00eda la actividad de producci\u00f3n, des del campo con el cuidado y la recogida de la trufa, hasta el turismo y la gastronom\u00eda de la trufa negra, \u201cTrufiturismo\u201d.<\/p>\n<\/details>\n\n\n\n<details class=\"wp-block-details has-base-2-background-color has-background is-layout-flow wp-block-details-is-layout-flow\"><summary>CONTACTO Y REDES SOCIALES<\/summary>\n<ul>\n<li><strong>Web:<\/strong> <a href=\"https:\/\/www.blackotruffles.com\/\">https:\/\/www.blackotruffles.com\/<\/a><\/li>\n\n\n\n<li><strong>Tel\u00e9fono:<\/strong> 685 41 86 79 (Maria Gasol)<\/li>\n\n\n\n<li><strong>Instagram:<\/strong> @blackotruffles<\/li>\n\n\n\n<li><strong>Facebook:<\/strong> BlackO<\/li>\n<\/ul>\n<\/details>\n\n\n\n<p class=\"has-text-align-center\"><strong><a href=\"https:\/\/huescaturismoagro.com\/wp-content\/uploads\/2024\/12\/Blacko-Truffles-1.pdf\">Haz click para descargar el folleto digital<\/a><\/strong><\/p>\n","protected":false},"excerpt":{"rendered":"<p>\u00danete a nosotros en una aventura \u00fanica y ad\u00e9ntrate en el fascinante mundo de la trufa negra. Durante los meses de diciembre, enero y febrero, te invitamos a vivir la emoci\u00f3n de la b\u00fasqueda de este preciado hongo junto a nuestros expertos perros truferos. \u00bfQu\u00e9 te ofrecemos? Descubre nuestras actividades m\u00e1s exquisitas: TRUFITURISMO + DEGUSTACI\u00d3N [&hellip;]<\/p>\n","protected":false},"author":1,"featured_media":0,"parent":0,"menu_order":0,"comment_status":"closed","ping_status":"closed","template":"","meta":{"footnotes":""},"_links":{"self":[{"href":"https:\/\/huescaturismoagro.com\/index.php\/wp-json\/wp\/v2\/pages\/28"}],"collection":[{"href":"https:\/\/huescaturismoagro.com\/index.php\/wp-json\/wp\/v2\/pages"}],"about":[{"href":"https:\/\/huescaturismoagro.com\/index.php\/wp-json\/wp\/v2\/types\/page"}],"author":[{"embeddable":true,"href":"https:\/\/huescaturismoagro.com\/index.php\/wp-json\/wp\/v2\/users\/1"}],"replies":[{"embeddable":true,"href":"https:\/\/huescaturismoagro.com\/index.php\/wp-json\/wp\/v2\/comments?post=28"}],"version-history":[{"count":19,"href":"https:\/\/huescaturismoagro.com\/index.php\/wp-json\/wp\/v2\/pages\/28\/revisions"}],"predecessor-version":[{"id":810,"href":"https:\/\/huescaturismoagro.com\/index.php\/wp-json\/wp\/v2\/pages\/28\/revisions\/810"}],"wp:attachment":[{"href":"https:\/\/huescaturismoagro.com\/index.php\/wp-json\/wp\/v2\/media?parent=28"}],"curies":[{"name":"wp","href":"https:\/\/api.w.org\/{rel}","templated":true}]}}