{"id":313,"date":"2024-10-14T09:21:28","date_gmt":"2024-10-14T07:21:28","guid":{"rendered":"https:\/\/huescaturismoagro.com\/?page_id=313"},"modified":"2024-12-18T13:08:03","modified_gmt":"2024-12-18T12:08:03","slug":"molino-de-olivas-de-bolea","status":"publish","type":"page","link":"https:\/\/huescaturismoagro.com\/index.php\/molino-de-olivas-de-bolea\/","title":{"rendered":"Molino de Olivas de Bolea"},"content":{"rendered":"\n<p>Desde sus inicios y durante ya tres generaciones, hemos seguido una \u00fanica filosof\u00eda: tratar de conseguir la mejor calidad en nuestros aceites. <\/p>\n\n\n\n<figure class=\"wp-block-embed is-type-video is-provider-youtube wp-block-embed-youtube wp-embed-aspect-16-9 wp-has-aspect-ratio\"><div class=\"wp-block-embed__wrapper\">\n<iframe loading=\"lazy\" title=\"Molino de Olivas de Bolea\" width=\"500\" height=\"281\" src=\"https:\/\/www.youtube.com\/embed\/B4M80rUo4gg?start=1&#038;feature=oembed\" frameborder=\"0\" allow=\"accelerometer; autoplay; clipboard-write; encrypted-media; gyroscope; picture-in-picture; web-share\" referrerpolicy=\"strict-origin-when-cross-origin\" allowfullscreen><\/iframe>\n<\/div><\/figure>\n\n\n\n<p class=\"has-large-font-size\">El Proceso:<\/p>\n\n\n\n<p class=\"has-custom-color-1-color has-text-color has-link-color has-large-font-size wp-elements-d5c4d2bdcd14d629eace1e19b3a0a6f0\"><strong>El \u00e1rbol<\/strong><\/p>\n\n\n\n<p>Como cualquier zumo natural, todo comienza en el cuidado del \u00e1rbol. Riego, poda y alimentaci\u00f3n son las claves desde el inicio.<\/p>\n\n\n\n<p class=\"has-custom-color-1-color has-text-color has-link-color has-large-font-size wp-elements-9b2179cd429028e5ca0c6f27f25e8292\"><strong>La Recolecci\u00f3n<\/strong><\/p>\n\n\n\n<p>Para maximizar la calidad, recolectamos las aceitunas todav\u00eda verdes y, las transportamos inmediatamente a la almazara.<\/p>\n\n\n\n<p class=\"has-custom-color-1-color has-text-color has-link-color has-large-font-size wp-elements-c91c46d1d3e01b639ea58ae850fb2dbe\"><strong>La molturaci\u00f3n<\/strong><\/p>\n\n\n\n<p>A la espera de las aceitunas, en la almazara, cuando llegan son transformadas en aceite de oliva virgen extra en menos de dos horas desde su recolecci\u00f3n. Para ello se utilizan los m\u00e1s modernos sistemas de molturaci\u00f3n, batido y extracci\u00f3n. Siembre en b\u00fasqueda de la m\u00e1xima calidad.<\/p>\n\n\n\n<p class=\"has-custom-color-1-color has-text-color has-link-color has-large-font-size wp-elements-51b24948888aa531e25972fd9ecca5ff\"><strong>El Almacenado<\/strong><\/p>\n\n\n\n<p>El aceite de oliva virgen extra es decantado y despu\u00e9s almacenado en dep\u00f3sitos de acero inoxidable, para mantener todas sus  propiedades intactas.<\/p>\n\n\n\n<p class=\"has-custom-color-1-color has-text-color has-link-color has-large-font-size wp-elements-2d869bf0e4ed6901bfff5c311d5de71e\"><strong>Embotellado<\/strong><\/p>\n\n\n\n<p>Se embotella en peque\u00f1os lotes y \u00fanicamente, bajo pedido. Cada botella se llena, etiqueta y revisa con mucho cari\u00f1o en un proceso sumamente manual, antes de enviarla a nuestros clientes.<\/p>\n\n\n\n<figure class=\"wp-block-gallery has-nested-images columns-default is-cropped wp-block-gallery-1 is-layout-flex wp-block-gallery-is-layout-flex\">\n<figure data-wp-context=\"{&quot;uploadedSrc&quot;:&quot;https:\\\/\\\/huescaturismoagro.com\\\/wp-content\\\/uploads\\\/2024\\\/10\\\/BODEGON_02-scaled.jpg&quot;,&quot;figureClassNames&quot;:&quot;wp-block-image size-large&quot;,&quot;figureStyles&quot;:null,&quot;imgClassNames&quot;:&quot;wp-image-317&quot;,&quot;imgStyles&quot;:null,&quot;targetWidth&quot;:1707,&quot;targetHeight&quot;:2560,&quot;scaleAttr&quot;:false,&quot;ariaLabel&quot;:&quot;Ampliar la imagen&quot;,&quot;alt&quot;:&quot;&quot;}\" data-wp-interactive=\"core\/image\" class=\"wp-block-image size-large wp-lightbox-container\"><img loading=\"lazy\" decoding=\"async\" width=\"683\" height=\"1024\" data-wp-init=\"callbacks.setButtonStyles\" data-wp-on--click=\"actions.showLightbox\" data-wp-on--load=\"callbacks.setButtonStyles\" data-wp-on-window--resize=\"callbacks.setButtonStyles\" data-id=\"317\" src=\"https:\/\/huescaturismoagro.com\/wp-content\/uploads\/2024\/10\/BODEGON_02-683x1024.jpg\" alt=\"\" class=\"wp-image-317\" srcset=\"https:\/\/huescaturismoagro.com\/wp-content\/uploads\/2024\/10\/BODEGON_02-683x1024.jpg 683w, https:\/\/huescaturismoagro.com\/wp-content\/uploads\/2024\/10\/BODEGON_02-200x300.jpg 200w, https:\/\/huescaturismoagro.com\/wp-content\/uploads\/2024\/10\/BODEGON_02-768x1152.jpg 768w, https:\/\/huescaturismoagro.com\/wp-content\/uploads\/2024\/10\/BODEGON_02-1024x1536.jpg 1024w, https:\/\/huescaturismoagro.com\/wp-content\/uploads\/2024\/10\/BODEGON_02-1365x2048.jpg 1365w, https:\/\/huescaturismoagro.com\/wp-content\/uploads\/2024\/10\/BODEGON_02-scaled.jpg 1707w\" sizes=\"(max-width: 683px) 100vw, 683px\" \/><button\n\t\t\tclass=\"lightbox-trigger\"\n\t\t\ttype=\"button\"\n\t\t\taria-haspopup=\"dialog\"\n\t\t\taria-label=\"Ampliar la imagen\"\n\t\t\tdata-wp-init=\"callbacks.initTriggerButton\"\n\t\t\tdata-wp-on--click=\"actions.showLightbox\"\n\t\t\tdata-wp-style--right=\"context.imageButtonRight\"\n\t\t\tdata-wp-style--top=\"context.imageButtonTop\"\n\t\t>\n\t\t\t<svg xmlns=\"http:\/\/www.w3.org\/2000\/svg\" width=\"12\" height=\"12\" fill=\"none\" viewBox=\"0 0 12 12\">\n\t\t\t\t<path fill=\"#fff\" d=\"M2 0a2 2 0 0 0-2 2v2h1.5V2a.5.5 0 0 1 .5-.5h2V0H2Zm2 10.5H2a.5.5 0 0 1-.5-.5V8H0v2a2 2 0 0 0 2 2h2v-1.5ZM8 12v-1.5h2a.5.5 0 0 0 .5-.5V8H12v2a2 2 0 0 1-2 2H8Zm2-12a2 2 0 0 1 2 2v2h-1.5V2a.5.5 0 0 0-.5-.5H8V0h2Z\" \/>\n\t\t\t<\/svg>\n\t\t<\/button><\/figure>\n\n\n\n<figure data-wp-context=\"{&quot;uploadedSrc&quot;:&quot;https:\\\/\\\/huescaturismoagro.com\\\/wp-content\\\/uploads\\\/2024\\\/10\\\/BODEGON_04_2-1-scaled.jpg&quot;,&quot;figureClassNames&quot;:&quot;wp-block-image size-large&quot;,&quot;figureStyles&quot;:null,&quot;imgClassNames&quot;:&quot;wp-image-316&quot;,&quot;imgStyles&quot;:null,&quot;targetWidth&quot;:2560,&quot;targetHeight&quot;:2106,&quot;scaleAttr&quot;:false,&quot;ariaLabel&quot;:&quot;Ampliar la imagen&quot;,&quot;alt&quot;:&quot;&quot;}\" data-wp-interactive=\"core\/image\" class=\"wp-block-image size-large wp-lightbox-container\"><img loading=\"lazy\" decoding=\"async\" width=\"1024\" height=\"843\" data-wp-init=\"callbacks.setButtonStyles\" data-wp-on--click=\"actions.showLightbox\" data-wp-on--load=\"callbacks.setButtonStyles\" data-wp-on-window--resize=\"callbacks.setButtonStyles\" data-id=\"316\" src=\"https:\/\/huescaturismoagro.com\/wp-content\/uploads\/2024\/10\/BODEGON_04_2-1-1024x843.jpg\" alt=\"\" class=\"wp-image-316\" srcset=\"https:\/\/huescaturismoagro.com\/wp-content\/uploads\/2024\/10\/BODEGON_04_2-1-1024x843.jpg 1024w, https:\/\/huescaturismoagro.com\/wp-content\/uploads\/2024\/10\/BODEGON_04_2-1-300x247.jpg 300w, https:\/\/huescaturismoagro.com\/wp-content\/uploads\/2024\/10\/BODEGON_04_2-1-768x632.jpg 768w, https:\/\/huescaturismoagro.com\/wp-content\/uploads\/2024\/10\/BODEGON_04_2-1-1536x1264.jpg 1536w, https:\/\/huescaturismoagro.com\/wp-content\/uploads\/2024\/10\/BODEGON_04_2-1-2048x1685.jpg 2048w\" sizes=\"(max-width: 1024px) 100vw, 1024px\" \/><button\n\t\t\tclass=\"lightbox-trigger\"\n\t\t\ttype=\"button\"\n\t\t\taria-haspopup=\"dialog\"\n\t\t\taria-label=\"Ampliar la imagen\"\n\t\t\tdata-wp-init=\"callbacks.initTriggerButton\"\n\t\t\tdata-wp-on--click=\"actions.showLightbox\"\n\t\t\tdata-wp-style--right=\"context.imageButtonRight\"\n\t\t\tdata-wp-style--top=\"context.imageButtonTop\"\n\t\t>\n\t\t\t<svg xmlns=\"http:\/\/www.w3.org\/2000\/svg\" width=\"12\" height=\"12\" fill=\"none\" viewBox=\"0 0 12 12\">\n\t\t\t\t<path fill=\"#fff\" d=\"M2 0a2 2 0 0 0-2 2v2h1.5V2a.5.5 0 0 1 .5-.5h2V0H2Zm2 10.5H2a.5.5 0 0 1-.5-.5V8H0v2a2 2 0 0 0 2 2h2v-1.5ZM8 12v-1.5h2a.5.5 0 0 0 .5-.5V8H12v2a2 2 0 0 1-2 2H8Zm2-12a2 2 0 0 1 2 2v2h-1.5V2a.5.5 0 0 0-.5-.5H8V0h2Z\" \/>\n\t\t\t<\/svg>\n\t\t<\/button><\/figure>\n\n\n\n<figure data-wp-context=\"{&quot;uploadedSrc&quot;:&quot;https:\\\/\\\/huescaturismoagro.com\\\/wp-content\\\/uploads\\\/2024\\\/10\\\/BODEGON_06_blanco_2_peque-scaled.jpg&quot;,&quot;figureClassNames&quot;:&quot;wp-block-image size-large&quot;,&quot;figureStyles&quot;:null,&quot;imgClassNames&quot;:&quot;wp-image-315&quot;,&quot;imgStyles&quot;:null,&quot;targetWidth&quot;:2304,&quot;targetHeight&quot;:2560,&quot;scaleAttr&quot;:false,&quot;ariaLabel&quot;:&quot;Ampliar la imagen&quot;,&quot;alt&quot;:&quot;&quot;}\" data-wp-interactive=\"core\/image\" class=\"wp-block-image size-large wp-lightbox-container\"><img loading=\"lazy\" decoding=\"async\" width=\"922\" height=\"1024\" data-wp-init=\"callbacks.setButtonStyles\" data-wp-on--click=\"actions.showLightbox\" data-wp-on--load=\"callbacks.setButtonStyles\" data-wp-on-window--resize=\"callbacks.setButtonStyles\" data-id=\"315\" src=\"https:\/\/huescaturismoagro.com\/wp-content\/uploads\/2024\/10\/BODEGON_06_blanco_2_peque-922x1024.jpg\" alt=\"\" class=\"wp-image-315\" srcset=\"https:\/\/huescaturismoagro.com\/wp-content\/uploads\/2024\/10\/BODEGON_06_blanco_2_peque-922x1024.jpg 922w, https:\/\/huescaturismoagro.com\/wp-content\/uploads\/2024\/10\/BODEGON_06_blanco_2_peque-270x300.jpg 270w, https:\/\/huescaturismoagro.com\/wp-content\/uploads\/2024\/10\/BODEGON_06_blanco_2_peque-768x853.jpg 768w, https:\/\/huescaturismoagro.com\/wp-content\/uploads\/2024\/10\/BODEGON_06_blanco_2_peque-1382x1536.jpg 1382w, https:\/\/huescaturismoagro.com\/wp-content\/uploads\/2024\/10\/BODEGON_06_blanco_2_peque-1843x2048.jpg 1843w\" sizes=\"(max-width: 922px) 100vw, 922px\" \/><button\n\t\t\tclass=\"lightbox-trigger\"\n\t\t\ttype=\"button\"\n\t\t\taria-haspopup=\"dialog\"\n\t\t\taria-label=\"Ampliar la imagen\"\n\t\t\tdata-wp-init=\"callbacks.initTriggerButton\"\n\t\t\tdata-wp-on--click=\"actions.showLightbox\"\n\t\t\tdata-wp-style--right=\"context.imageButtonRight\"\n\t\t\tdata-wp-style--top=\"context.imageButtonTop\"\n\t\t>\n\t\t\t<svg xmlns=\"http:\/\/www.w3.org\/2000\/svg\" width=\"12\" height=\"12\" fill=\"none\" viewBox=\"0 0 12 12\">\n\t\t\t\t<path fill=\"#fff\" d=\"M2 0a2 2 0 0 0-2 2v2h1.5V2a.5.5 0 0 1 .5-.5h2V0H2Zm2 10.5H2a.5.5 0 0 1-.5-.5V8H0v2a2 2 0 0 0 2 2h2v-1.5ZM8 12v-1.5h2a.5.5 0 0 0 .5-.5V8H12v2a2 2 0 0 1-2 2H8Zm2-12a2 2 0 0 1 2 2v2h-1.5V2a.5.5 0 0 0-.5-.5H8V0h2Z\" \/>\n\t\t\t<\/svg>\n\t\t<\/button><\/figure>\n<\/figure>\n\n\n\n<details class=\"wp-block-details is-style-default has-base-2-background-color has-background is-layout-flow wp-container-core-details-is-layout-1 wp-block-details-is-layout-flow\"><summary>SOBRE NOSOSTROS<\/summary>\n<p>Nuestra almazara Molino de Olivas de Bolea esta situada en la villa de Bolea, provincia de Huesca y fue construida en el a\u00f1o 1940.<\/p>\n\n\n\n<p>Desde sus inicios y durante ya tres generaciones, hemos seguido una \u00fanica filosof\u00eda: tratar de conseguir la mejor calidad en nuestros aceites. Esto nos permiti\u00f3 en 2003 acometer una importante modernizaci\u00f3n de la almazara, sustituyendo el sistema tradicional de prensado, por el de extracci\u00f3n continua en dos fases.<\/p>\n\n\n\n<p>Posteriormente, en 2009, siempre sobre el objetivo transversal. de b\u00fasqueda de la m\u00e1xima calidad comenzamos a plantar nuestros propios olivos para controlar la trazabilidad de la extracci\u00f3n del aceite garantizando la calidad desde el fruto (aceituna) hasta el embotellado.<\/p>\n\n\n\n<p>En la ultima d\u00e9cada, los beneficios del aceite de oliva se han reconocido a nivel global. Tanto dentro como fuera de nuestro pa\u00eds, el llamado oro l\u00edquido esta cada vez mas presente en la gastronom\u00eda de muchas culturas.<\/p>\n\n\n\n<p>El pasado 2016 sometimos a la fabrica a la ultima reforma en sus instalaciones, implementando modernos procesos de producci\u00f3n con los que seguir avanzando en los niveles de calidad de nuestros aceites. Porque somos una peque\u00f1a empresa familiar que hemos y seguimos apostando por la excelencia en lo mejor que sabemos hacer: Aceite de oliva virgen Extra.<\/p>\n<\/details>\n\n\n\n<details class=\"wp-block-details has-base-2-background-color has-background is-layout-flow wp-block-details-is-layout-flow\"><summary>CONTACTO Y REDES SOCIALES<\/summary>\n<ul>\n<li><strong>Web:<\/strong> <a href=\"http:\/\/aceitedebolea.es\/quienes-somos\/\" target=\"_blank\" rel=\"noreferrer noopener\">http:\/\/aceitedebolea.es\/quienes-somos\/<\/a><\/li>\n\n\n\n<li><strong>Tel\u00e9fono:<\/strong> 974 27 25 20<\/li>\n\n\n\n<li><strong>Instagram:<\/strong> <a href=\"https:\/\/www.instagram.com\/boleavirgenExtra\" target=\"_blank\" rel=\"noreferrer noopener\">@boleavirgenextra<\/a><\/li>\n\n\n\n<li><strong>Facebook:<\/strong> <a href=\"https:\/\/www.facebook.com\/aceitedebolea\">Aceite de Bolea<\/a><\/li>\n\n\n\n<li><strong>Twitter:<\/strong> <a href=\"https:\/\/x.com\/aceitedebolea\" data-type=\"link\" data-id=\"https:\/\/x.com\/aceitedebolea\" target=\"_blank\" rel=\"noreferrer noopener\">@AceiteDeBolea<\/a><\/li>\n<\/ul>\n<\/details>\n\n\n\n<p class=\"has-text-align-center\"><strong><a href=\"https:\/\/huescaturismoagro.com\/wp-content\/uploads\/2024\/12\/Molino-de-Olivas-de-Bolea-1.pdf\">Haz click para descargar el folleto digital<\/a><\/strong><\/p>\n","protected":false},"excerpt":{"rendered":"<p>Desde sus inicios y durante ya tres generaciones, hemos seguido una \u00fanica filosof\u00eda: tratar de conseguir la mejor calidad en nuestros aceites. El Proceso: El \u00e1rbol Como cualquier zumo natural, todo comienza en el cuidado del \u00e1rbol. Riego, poda y alimentaci\u00f3n son las claves desde el inicio. La Recolecci\u00f3n Para maximizar la calidad, recolectamos las [&hellip;]<\/p>\n","protected":false},"author":1,"featured_media":0,"parent":0,"menu_order":0,"comment_status":"closed","ping_status":"closed","template":"","meta":{"footnotes":""},"_links":{"self":[{"href":"https:\/\/huescaturismoagro.com\/index.php\/wp-json\/wp\/v2\/pages\/313"}],"collection":[{"href":"https:\/\/huescaturismoagro.com\/index.php\/wp-json\/wp\/v2\/pages"}],"about":[{"href":"https:\/\/huescaturismoagro.com\/index.php\/wp-json\/wp\/v2\/types\/page"}],"author":[{"embeddable":true,"href":"https:\/\/huescaturismoagro.com\/index.php\/wp-json\/wp\/v2\/users\/1"}],"replies":[{"embeddable":true,"href":"https:\/\/huescaturismoagro.com\/index.php\/wp-json\/wp\/v2\/comments?post=313"}],"version-history":[{"count":3,"href":"https:\/\/huescaturismoagro.com\/index.php\/wp-json\/wp\/v2\/pages\/313\/revisions"}],"predecessor-version":[{"id":818,"href":"https:\/\/huescaturismoagro.com\/index.php\/wp-json\/wp\/v2\/pages\/313\/revisions\/818"}],"wp:attachment":[{"href":"https:\/\/huescaturismoagro.com\/index.php\/wp-json\/wp\/v2\/media?parent=313"}],"curies":[{"name":"wp","href":"https:\/\/api.w.org\/{rel}","templated":true}]}}