{"id":322,"date":"2024-10-14T09:59:05","date_gmt":"2024-10-14T07:59:05","guid":{"rendered":"https:\/\/huescaturismoagro.com\/?page_id=322"},"modified":"2025-02-17T11:59:40","modified_gmt":"2025-02-17T10:59:40","slug":"aceite-flor-de-sal-y-shio","status":"publish","type":"page","link":"https:\/\/huescaturismoagro.com\/index.php\/aceite-flor-de-sal-y-shio\/","title":{"rendered":"Aceite Flor de Sal &amp; SHIO"},"content":{"rendered":"\n<p>Somos una empresa familiar que desde varias generaciones nos dedicamos a la agricultura y la ganader\u00eda. Cada generaci\u00f3n, con los medios de su \u00e9poca, ha sembrado su sabidur\u00eda y ha cultivado su conocimiento para llegar hasta donde estamos hoy.<\/p>\n\n\n\n<p>La base de nuestra empresa es la producci\u00f3n y elaboraci\u00f3n de AOVE (Aceite de oliva virgen extra) bajo las marcas Flor de Sal y la premium SHIO. Alrededor de \u00e9stas hemos ido creando nuevos productos, adem\u00e1s cada cierto tiempo vamos a\u00f1adiendo a nuestro cat\u00e1logo nuevos productos gourmet.<\/p>\n\n\n\n<figure class=\"wp-block-video\"><video controls src=\"https:\/\/huescaturismoagro.com\/wp-content\/uploads\/2024\/11\/ARROZ_2024_16x9_LARGO_youtube.mp4\"><\/video><\/figure>\n\n\n\n<p class=\"has-custom-color-1-color has-text-color has-link-color has-large-font-size wp-elements-2c25fbe1f815500ec3645bb09155a247\"><strong>Descubre nuestra actividad<\/strong><\/p>\n\n\n\n<p class=\"has-medium-font-size\">Como experiencia gastron\u00f3mica, ofrecemos la posibilidad de realizar una visita a diversos cultivos en muy poco espacio de tiempo, acompa\u00f1ado de una visita tur\u00edstica al entorno de Alcolea, un municipio rico en h\u00e1bitats y puntos de inter\u00e9s cultural.<\/p>\n\n\n\n<p><\/p>\n\n\n\n<figure class=\"wp-block-gallery has-nested-images columns-default is-cropped wp-block-gallery-1 is-layout-flex wp-block-gallery-is-layout-flex\">\n<figure data-wp-context=\"{&quot;uploadedSrc&quot;:&quot;https:\\\/\\\/huescaturismoagro.com\\\/wp-content\\\/uploads\\\/2024\\\/10\\\/58842267_1123747144476393_6717007643224834048_n.jpg&quot;,&quot;figureClassNames&quot;:&quot;wp-block-image size-large&quot;,&quot;figureStyles&quot;:null,&quot;imgClassNames&quot;:&quot;wp-image-326&quot;,&quot;imgStyles&quot;:null,&quot;targetWidth&quot;:1080,&quot;targetHeight&quot;:1350,&quot;scaleAttr&quot;:false,&quot;ariaLabel&quot;:&quot;Ampliar la imagen&quot;,&quot;alt&quot;:&quot;&quot;}\" data-wp-interactive=\"core\/image\" class=\"wp-block-image size-large wp-lightbox-container\"><img loading=\"lazy\" decoding=\"async\" width=\"819\" height=\"1024\" data-wp-init=\"callbacks.setButtonStyles\" data-wp-on--click=\"actions.showLightbox\" data-wp-on--load=\"callbacks.setButtonStyles\" data-wp-on-window--resize=\"callbacks.setButtonStyles\" data-id=\"326\" src=\"https:\/\/huescaturismoagro.com\/wp-content\/uploads\/2024\/10\/58842267_1123747144476393_6717007643224834048_n-819x1024.jpg\" alt=\"\" class=\"wp-image-326\" srcset=\"https:\/\/huescaturismoagro.com\/wp-content\/uploads\/2024\/10\/58842267_1123747144476393_6717007643224834048_n-819x1024.jpg 819w, https:\/\/huescaturismoagro.com\/wp-content\/uploads\/2024\/10\/58842267_1123747144476393_6717007643224834048_n-240x300.jpg 240w, https:\/\/huescaturismoagro.com\/wp-content\/uploads\/2024\/10\/58842267_1123747144476393_6717007643224834048_n-768x960.jpg 768w, https:\/\/huescaturismoagro.com\/wp-content\/uploads\/2024\/10\/58842267_1123747144476393_6717007643224834048_n.jpg 1080w\" sizes=\"(max-width: 819px) 100vw, 819px\" \/><button\n\t\t\tclass=\"lightbox-trigger\"\n\t\t\ttype=\"button\"\n\t\t\taria-haspopup=\"dialog\"\n\t\t\taria-label=\"Ampliar la imagen\"\n\t\t\tdata-wp-init=\"callbacks.initTriggerButton\"\n\t\t\tdata-wp-on--click=\"actions.showLightbox\"\n\t\t\tdata-wp-style--right=\"context.imageButtonRight\"\n\t\t\tdata-wp-style--top=\"context.imageButtonTop\"\n\t\t>\n\t\t\t<svg xmlns=\"http:\/\/www.w3.org\/2000\/svg\" width=\"12\" height=\"12\" fill=\"none\" viewBox=\"0 0 12 12\">\n\t\t\t\t<path fill=\"#fff\" d=\"M2 0a2 2 0 0 0-2 2v2h1.5V2a.5.5 0 0 1 .5-.5h2V0H2Zm2 10.5H2a.5.5 0 0 1-.5-.5V8H0v2a2 2 0 0 0 2 2h2v-1.5ZM8 12v-1.5h2a.5.5 0 0 0 .5-.5V8H12v2a2 2 0 0 1-2 2H8Zm2-12a2 2 0 0 1 2 2v2h-1.5V2a.5.5 0 0 0-.5-.5H8V0h2Z\" \/>\n\t\t\t<\/svg>\n\t\t<\/button><\/figure>\n\n\n\n<figure data-wp-context=\"{&quot;uploadedSrc&quot;:&quot;https:\\\/\\\/huescaturismoagro.com\\\/wp-content\\\/uploads\\\/2024\\\/10\\\/165122437_1692819510902484_7551899821413662091_n.jpg&quot;,&quot;figureClassNames&quot;:&quot;wp-block-image size-large&quot;,&quot;figureStyles&quot;:null,&quot;imgClassNames&quot;:&quot;wp-image-331&quot;,&quot;imgStyles&quot;:null,&quot;targetWidth&quot;:1440,&quot;targetHeight&quot;:1080,&quot;scaleAttr&quot;:false,&quot;ariaLabel&quot;:&quot;Ampliar la imagen&quot;,&quot;alt&quot;:&quot;&quot;}\" data-wp-interactive=\"core\/image\" class=\"wp-block-image size-large wp-lightbox-container\"><img loading=\"lazy\" decoding=\"async\" width=\"1024\" height=\"768\" data-wp-init=\"callbacks.setButtonStyles\" data-wp-on--click=\"actions.showLightbox\" data-wp-on--load=\"callbacks.setButtonStyles\" data-wp-on-window--resize=\"callbacks.setButtonStyles\" data-id=\"331\" src=\"https:\/\/huescaturismoagro.com\/wp-content\/uploads\/2024\/10\/165122437_1692819510902484_7551899821413662091_n-1024x768.jpg\" alt=\"\" class=\"wp-image-331\" srcset=\"https:\/\/huescaturismoagro.com\/wp-content\/uploads\/2024\/10\/165122437_1692819510902484_7551899821413662091_n-1024x768.jpg 1024w, https:\/\/huescaturismoagro.com\/wp-content\/uploads\/2024\/10\/165122437_1692819510902484_7551899821413662091_n-300x225.jpg 300w, https:\/\/huescaturismoagro.com\/wp-content\/uploads\/2024\/10\/165122437_1692819510902484_7551899821413662091_n-768x576.jpg 768w, https:\/\/huescaturismoagro.com\/wp-content\/uploads\/2024\/10\/165122437_1692819510902484_7551899821413662091_n.jpg 1440w\" sizes=\"(max-width: 1024px) 100vw, 1024px\" \/><button\n\t\t\tclass=\"lightbox-trigger\"\n\t\t\ttype=\"button\"\n\t\t\taria-haspopup=\"dialog\"\n\t\t\taria-label=\"Ampliar la imagen\"\n\t\t\tdata-wp-init=\"callbacks.initTriggerButton\"\n\t\t\tdata-wp-on--click=\"actions.showLightbox\"\n\t\t\tdata-wp-style--right=\"context.imageButtonRight\"\n\t\t\tdata-wp-style--top=\"context.imageButtonTop\"\n\t\t>\n\t\t\t<svg xmlns=\"http:\/\/www.w3.org\/2000\/svg\" width=\"12\" height=\"12\" fill=\"none\" viewBox=\"0 0 12 12\">\n\t\t\t\t<path fill=\"#fff\" d=\"M2 0a2 2 0 0 0-2 2v2h1.5V2a.5.5 0 0 1 .5-.5h2V0H2Zm2 10.5H2a.5.5 0 0 1-.5-.5V8H0v2a2 2 0 0 0 2 2h2v-1.5ZM8 12v-1.5h2a.5.5 0 0 0 .5-.5V8H12v2a2 2 0 0 1-2 2H8Zm2-12a2 2 0 0 1 2 2v2h-1.5V2a.5.5 0 0 0-.5-.5H8V0h2Z\" \/>\n\t\t\t<\/svg>\n\t\t<\/button><\/figure>\n\n\n\n<figure data-wp-context=\"{&quot;uploadedSrc&quot;:&quot;https:\\\/\\\/huescaturismoagro.com\\\/wp-content\\\/uploads\\\/2024\\\/10\\\/186361458_1725909020926866_5435605922342126594_n.jpg&quot;,&quot;figureClassNames&quot;:&quot;wp-block-image size-large&quot;,&quot;figureStyles&quot;:null,&quot;imgClassNames&quot;:&quot;wp-image-328&quot;,&quot;imgStyles&quot;:null,&quot;targetWidth&quot;:1440,&quot;targetHeight&quot;:1439,&quot;scaleAttr&quot;:false,&quot;ariaLabel&quot;:&quot;Ampliar la imagen&quot;,&quot;alt&quot;:&quot;&quot;}\" data-wp-interactive=\"core\/image\" class=\"wp-block-image size-large wp-lightbox-container\"><img loading=\"lazy\" decoding=\"async\" width=\"1024\" height=\"1024\" data-wp-init=\"callbacks.setButtonStyles\" data-wp-on--click=\"actions.showLightbox\" data-wp-on--load=\"callbacks.setButtonStyles\" data-wp-on-window--resize=\"callbacks.setButtonStyles\" data-id=\"328\" src=\"https:\/\/huescaturismoagro.com\/wp-content\/uploads\/2024\/10\/186361458_1725909020926866_5435605922342126594_n-1024x1024.jpg\" alt=\"\" class=\"wp-image-328\" srcset=\"https:\/\/huescaturismoagro.com\/wp-content\/uploads\/2024\/10\/186361458_1725909020926866_5435605922342126594_n-1024x1024.jpg 1024w, https:\/\/huescaturismoagro.com\/wp-content\/uploads\/2024\/10\/186361458_1725909020926866_5435605922342126594_n-300x300.jpg 300w, https:\/\/huescaturismoagro.com\/wp-content\/uploads\/2024\/10\/186361458_1725909020926866_5435605922342126594_n-150x150.jpg 150w, https:\/\/huescaturismoagro.com\/wp-content\/uploads\/2024\/10\/186361458_1725909020926866_5435605922342126594_n-768x767.jpg 768w, https:\/\/huescaturismoagro.com\/wp-content\/uploads\/2024\/10\/186361458_1725909020926866_5435605922342126594_n.jpg 1440w\" sizes=\"(max-width: 1024px) 100vw, 1024px\" \/><button\n\t\t\tclass=\"lightbox-trigger\"\n\t\t\ttype=\"button\"\n\t\t\taria-haspopup=\"dialog\"\n\t\t\taria-label=\"Ampliar la imagen\"\n\t\t\tdata-wp-init=\"callbacks.initTriggerButton\"\n\t\t\tdata-wp-on--click=\"actions.showLightbox\"\n\t\t\tdata-wp-style--right=\"context.imageButtonRight\"\n\t\t\tdata-wp-style--top=\"context.imageButtonTop\"\n\t\t>\n\t\t\t<svg xmlns=\"http:\/\/www.w3.org\/2000\/svg\" width=\"12\" height=\"12\" fill=\"none\" viewBox=\"0 0 12 12\">\n\t\t\t\t<path fill=\"#fff\" d=\"M2 0a2 2 0 0 0-2 2v2h1.5V2a.5.5 0 0 1 .5-.5h2V0H2Zm2 10.5H2a.5.5 0 0 1-.5-.5V8H0v2a2 2 0 0 0 2 2h2v-1.5ZM8 12v-1.5h2a.5.5 0 0 0 .5-.5V8H12v2a2 2 0 0 1-2 2H8Zm2-12a2 2 0 0 1 2 2v2h-1.5V2a.5.5 0 0 0-.5-.5H8V0h2Z\" \/>\n\t\t\t<\/svg>\n\t\t<\/button><\/figure>\n\n\n\n<figure data-wp-context=\"{&quot;uploadedSrc&quot;:&quot;https:\\\/\\\/huescaturismoagro.com\\\/wp-content\\\/uploads\\\/2024\\\/10\\\/447778631_873742154768744_7858675844242458980_n.jpg&quot;,&quot;figureClassNames&quot;:&quot;wp-block-image size-large&quot;,&quot;figureStyles&quot;:null,&quot;imgClassNames&quot;:&quot;wp-image-327&quot;,&quot;imgStyles&quot;:null,&quot;targetWidth&quot;:1440,&quot;targetHeight&quot;:1440,&quot;scaleAttr&quot;:false,&quot;ariaLabel&quot;:&quot;Ampliar la imagen&quot;,&quot;alt&quot;:&quot;&quot;}\" data-wp-interactive=\"core\/image\" class=\"wp-block-image size-large wp-lightbox-container\"><img loading=\"lazy\" decoding=\"async\" width=\"1024\" height=\"1024\" data-wp-init=\"callbacks.setButtonStyles\" data-wp-on--click=\"actions.showLightbox\" data-wp-on--load=\"callbacks.setButtonStyles\" data-wp-on-window--resize=\"callbacks.setButtonStyles\" data-id=\"327\" src=\"https:\/\/huescaturismoagro.com\/wp-content\/uploads\/2024\/10\/447778631_873742154768744_7858675844242458980_n-1024x1024.jpg\" alt=\"\" class=\"wp-image-327\" srcset=\"https:\/\/huescaturismoagro.com\/wp-content\/uploads\/2024\/10\/447778631_873742154768744_7858675844242458980_n-1024x1024.jpg 1024w, https:\/\/huescaturismoagro.com\/wp-content\/uploads\/2024\/10\/447778631_873742154768744_7858675844242458980_n-300x300.jpg 300w, https:\/\/huescaturismoagro.com\/wp-content\/uploads\/2024\/10\/447778631_873742154768744_7858675844242458980_n-150x150.jpg 150w, https:\/\/huescaturismoagro.com\/wp-content\/uploads\/2024\/10\/447778631_873742154768744_7858675844242458980_n-768x768.jpg 768w, https:\/\/huescaturismoagro.com\/wp-content\/uploads\/2024\/10\/447778631_873742154768744_7858675844242458980_n.jpg 1440w\" sizes=\"(max-width: 1024px) 100vw, 1024px\" \/><button\n\t\t\tclass=\"lightbox-trigger\"\n\t\t\ttype=\"button\"\n\t\t\taria-haspopup=\"dialog\"\n\t\t\taria-label=\"Ampliar la imagen\"\n\t\t\tdata-wp-init=\"callbacks.initTriggerButton\"\n\t\t\tdata-wp-on--click=\"actions.showLightbox\"\n\t\t\tdata-wp-style--right=\"context.imageButtonRight\"\n\t\t\tdata-wp-style--top=\"context.imageButtonTop\"\n\t\t>\n\t\t\t<svg xmlns=\"http:\/\/www.w3.org\/2000\/svg\" width=\"12\" height=\"12\" fill=\"none\" viewBox=\"0 0 12 12\">\n\t\t\t\t<path fill=\"#fff\" d=\"M2 0a2 2 0 0 0-2 2v2h1.5V2a.5.5 0 0 1 .5-.5h2V0H2Zm2 10.5H2a.5.5 0 0 1-.5-.5V8H0v2a2 2 0 0 0 2 2h2v-1.5ZM8 12v-1.5h2a.5.5 0 0 0 .5-.5V8H12v2a2 2 0 0 1-2 2H8Zm2-12a2 2 0 0 1 2 2v2h-1.5V2a.5.5 0 0 0-.5-.5H8V0h2Z\" \/>\n\t\t\t<\/svg>\n\t\t<\/button><\/figure>\n\n\n\n<figure data-wp-context=\"{&quot;uploadedSrc&quot;:&quot;https:\\\/\\\/huescaturismoagro.com\\\/wp-content\\\/uploads\\\/2024\\\/10\\\/451474257_18444622690031559_1650651700512672276_n.jpg&quot;,&quot;figureClassNames&quot;:&quot;wp-block-image size-large&quot;,&quot;figureStyles&quot;:null,&quot;imgClassNames&quot;:&quot;wp-image-329&quot;,&quot;imgStyles&quot;:null,&quot;targetWidth&quot;:1440,&quot;targetHeight&quot;:1796,&quot;scaleAttr&quot;:false,&quot;ariaLabel&quot;:&quot;Ampliar la imagen&quot;,&quot;alt&quot;:&quot;&quot;}\" data-wp-interactive=\"core\/image\" class=\"wp-block-image size-large wp-lightbox-container\"><img loading=\"lazy\" decoding=\"async\" width=\"821\" height=\"1024\" data-wp-init=\"callbacks.setButtonStyles\" data-wp-on--click=\"actions.showLightbox\" data-wp-on--load=\"callbacks.setButtonStyles\" data-wp-on-window--resize=\"callbacks.setButtonStyles\" data-id=\"329\" src=\"https:\/\/huescaturismoagro.com\/wp-content\/uploads\/2024\/10\/451474257_18444622690031559_1650651700512672276_n-821x1024.jpg\" alt=\"\" class=\"wp-image-329\" srcset=\"https:\/\/huescaturismoagro.com\/wp-content\/uploads\/2024\/10\/451474257_18444622690031559_1650651700512672276_n-821x1024.jpg 821w, https:\/\/huescaturismoagro.com\/wp-content\/uploads\/2024\/10\/451474257_18444622690031559_1650651700512672276_n-241x300.jpg 241w, https:\/\/huescaturismoagro.com\/wp-content\/uploads\/2024\/10\/451474257_18444622690031559_1650651700512672276_n-768x958.jpg 768w, https:\/\/huescaturismoagro.com\/wp-content\/uploads\/2024\/10\/451474257_18444622690031559_1650651700512672276_n-1232x1536.jpg 1232w, https:\/\/huescaturismoagro.com\/wp-content\/uploads\/2024\/10\/451474257_18444622690031559_1650651700512672276_n.jpg 1440w\" sizes=\"(max-width: 821px) 100vw, 821px\" \/><button\n\t\t\tclass=\"lightbox-trigger\"\n\t\t\ttype=\"button\"\n\t\t\taria-haspopup=\"dialog\"\n\t\t\taria-label=\"Ampliar la imagen\"\n\t\t\tdata-wp-init=\"callbacks.initTriggerButton\"\n\t\t\tdata-wp-on--click=\"actions.showLightbox\"\n\t\t\tdata-wp-style--right=\"context.imageButtonRight\"\n\t\t\tdata-wp-style--top=\"context.imageButtonTop\"\n\t\t>\n\t\t\t<svg xmlns=\"http:\/\/www.w3.org\/2000\/svg\" width=\"12\" height=\"12\" fill=\"none\" viewBox=\"0 0 12 12\">\n\t\t\t\t<path fill=\"#fff\" d=\"M2 0a2 2 0 0 0-2 2v2h1.5V2a.5.5 0 0 1 .5-.5h2V0H2Zm2 10.5H2a.5.5 0 0 1-.5-.5V8H0v2a2 2 0 0 0 2 2h2v-1.5ZM8 12v-1.5h2a.5.5 0 0 0 .5-.5V8H12v2a2 2 0 0 1-2 2H8Zm2-12a2 2 0 0 1 2 2v2h-1.5V2a.5.5 0 0 0-.5-.5H8V0h2Z\" \/>\n\t\t\t<\/svg>\n\t\t<\/button><\/figure>\n\n\n\n<figure data-wp-context=\"{&quot;uploadedSrc&quot;:&quot;https:\\\/\\\/huescaturismoagro.com\\\/wp-content\\\/uploads\\\/2024\\\/10\\\/451999762_18446132377031559_5217483108226093911_n.jpg&quot;,&quot;figureClassNames&quot;:&quot;wp-block-image size-large&quot;,&quot;figureStyles&quot;:null,&quot;imgClassNames&quot;:&quot;wp-image-330&quot;,&quot;imgStyles&quot;:null,&quot;targetWidth&quot;:1440,&quot;targetHeight&quot;:1440,&quot;scaleAttr&quot;:false,&quot;ariaLabel&quot;:&quot;Ampliar la imagen&quot;,&quot;alt&quot;:&quot;&quot;}\" data-wp-interactive=\"core\/image\" class=\"wp-block-image size-large wp-lightbox-container\"><img loading=\"lazy\" decoding=\"async\" width=\"1024\" height=\"1024\" data-wp-init=\"callbacks.setButtonStyles\" data-wp-on--click=\"actions.showLightbox\" data-wp-on--load=\"callbacks.setButtonStyles\" data-wp-on-window--resize=\"callbacks.setButtonStyles\" data-id=\"330\" src=\"https:\/\/huescaturismoagro.com\/wp-content\/uploads\/2024\/10\/451999762_18446132377031559_5217483108226093911_n-1024x1024.jpg\" alt=\"\" class=\"wp-image-330\" srcset=\"https:\/\/huescaturismoagro.com\/wp-content\/uploads\/2024\/10\/451999762_18446132377031559_5217483108226093911_n-1024x1024.jpg 1024w, https:\/\/huescaturismoagro.com\/wp-content\/uploads\/2024\/10\/451999762_18446132377031559_5217483108226093911_n-300x300.jpg 300w, https:\/\/huescaturismoagro.com\/wp-content\/uploads\/2024\/10\/451999762_18446132377031559_5217483108226093911_n-150x150.jpg 150w, https:\/\/huescaturismoagro.com\/wp-content\/uploads\/2024\/10\/451999762_18446132377031559_5217483108226093911_n-768x768.jpg 768w, https:\/\/huescaturismoagro.com\/wp-content\/uploads\/2024\/10\/451999762_18446132377031559_5217483108226093911_n.jpg 1440w\" sizes=\"(max-width: 1024px) 100vw, 1024px\" \/><button\n\t\t\tclass=\"lightbox-trigger\"\n\t\t\ttype=\"button\"\n\t\t\taria-haspopup=\"dialog\"\n\t\t\taria-label=\"Ampliar la imagen\"\n\t\t\tdata-wp-init=\"callbacks.initTriggerButton\"\n\t\t\tdata-wp-on--click=\"actions.showLightbox\"\n\t\t\tdata-wp-style--right=\"context.imageButtonRight\"\n\t\t\tdata-wp-style--top=\"context.imageButtonTop\"\n\t\t>\n\t\t\t<svg xmlns=\"http:\/\/www.w3.org\/2000\/svg\" width=\"12\" height=\"12\" fill=\"none\" viewBox=\"0 0 12 12\">\n\t\t\t\t<path fill=\"#fff\" d=\"M2 0a2 2 0 0 0-2 2v2h1.5V2a.5.5 0 0 1 .5-.5h2V0H2Zm2 10.5H2a.5.5 0 0 1-.5-.5V8H0v2a2 2 0 0 0 2 2h2v-1.5ZM8 12v-1.5h2a.5.5 0 0 0 .5-.5V8H12v2a2 2 0 0 1-2 2H8Zm2-12a2 2 0 0 1 2 2v2h-1.5V2a.5.5 0 0 0-.5-.5H8V0h2Z\" \/>\n\t\t\t<\/svg>\n\t\t<\/button><\/figure>\n<\/figure>\n\n\n\n<details class=\"wp-block-details is-style-default has-base-2-background-color has-background is-layout-flow wp-container-core-details-is-layout-1 wp-block-details-is-layout-flow\"><summary>SOBRE NOSOSTROS<\/summary>\n<p>Flor de Sal nace como marca de un proyecto capitaneado por Manuel Forton, un joven emprendedor que desde siempre el campo ha sido su mayor pasi\u00f3n. Desde 2009 , y despu\u00e9s del aprendizaje en varias empresas del sector trabajando como ingeniero agr\u00f3nomo, se lanza a la aventura del emprendimiento. El objetivo de nuestra empresa es la de generar el mayor valor a\u00f1adido a los productos que cultivamos, aprovechando las tierras de la familia, y elaborando productos agroalimentarios que destaquen en el mercado. Nuestra filosof\u00eda es la de apostar por la creaci\u00f3n de productos nuevos que no est\u00e9n todav\u00eda en el mercado donde la calidad y la imagen sean nuestra carta de presentaci\u00f3n.<\/p>\n\n\n\n<p>En nuestras fincas se cultivan diversidad de especies como cereales, arroz, forrajes, olivos e incluso granadas.<\/p>\n\n\n\n<p>Nuestra marca naci\u00f3 en 2009 con la plantaci\u00f3n de 10 ha de olivos, y en 2011 se lanz\u00f3 la primera botella de Aceite Flor de sal. A\u00f1os despu\u00e9s, la marca ha ido madurando y alcanzando nuevos mercados. Fue unos a\u00f1os despu\u00e9s cuando naci\u00f3 la marca SHIO, una l\u00ednea premium donde se encuentran aquellos productos m\u00e1s innovadores. SHIO significa sal en japon\u00e9s y la lib\u00e9lula es el s\u00edmbolo que representa ese insecto tan abundante y llamativo que vive en nuestros arrozales. La sal es la esencia de nuestra marca ya que los terrenos donde cultivamos nuestras plantas son altamente salinos e incluso pueden verse las afloraciones de sal en superficie. Lo que que para muchos es un inconveniente por la baja producci\u00f3n de estas tierras y su dificultad de manejo, para nosotros ha sido una oportunidad para diferenciarnos.<\/p>\n\n\n\n<p>A d\u00eda de hoy destacamos como eje de la empresa los aceites de distintas variedades, de alt\u00edsima calidad, pero poco a poco, cada a\u00f1o incorporamos novedades a nuestro catalogo.<\/p>\n\n\n\n<p>Aprovechamos la miel de nuestras colmenas que utilizamos para polinizar las granadas para elaborar distintos vinagres de miel. En navidad tambi\u00e9n contamos con productos exclusivos como la gama de bombones Olivia, hechos con nuestro AOVE SHIO y pintados a mano.<\/p>\n\n\n\n<p>Como curiosidad podemos destacar que queremos desarrollar una l\u00ednea de productos hechos con granada, ya que es una fruta con unos niveles alt\u00edsimos de antioxidantes y cada vez hay mayor inter\u00e9s en estos alimentos funcionales. A d\u00eda de hoy elaboramos un vinagre de miel y granada y un dulce similar al de membrillo pero hecho con granada y lima. Todo ello aprovechando las granadas que no pueden aprovecharse `para su mercado en fresco y reduciendo las mermas de producci\u00f3n.<\/p>\n<\/details>\n\n\n\n<details class=\"wp-block-details has-base-2-background-color has-background is-layout-flow wp-block-details-is-layout-flow\"><summary>CONTACTO Y REDES SOCIALES<\/summary>\n<ul>\n<li><strong>Web:<\/strong> <a href=\"https:\/\/aceiteflordesal.com\/\" target=\"_blank\" rel=\"noreferrer noopener\">https:\/\/aceiteflordesal.com\/<\/a><\/li>\n\n\n\n<li><strong>Tel\u00e9fono:<\/strong> +34 667 21 96 06<\/li>\n\n\n\n<li><strong>Instagram:<\/strong> <a href=\"https:\/\/www.instagram.com\/aceiteflordesal\/\" data-type=\"link\" data-id=\"https:\/\/www.instagram.com\/aceiteflordesal\/\" target=\"_blank\" rel=\"noreferrer noopener\">@aceiteflordesal<\/a><\/li>\n\n\n\n<li><strong>Facebook:<\/strong> <a href=\"https:\/\/www.facebook.com\/aoveflordesal\" data-type=\"link\" data-id=\"https:\/\/www.facebook.com\/aoveflordesal\" target=\"_blank\" rel=\"noreferrer noopener\">Aceite Flor de Sal&nbsp;<\/a><\/li>\n<\/ul>\n<\/details>\n\n\n\n<p class=\"has-text-align-center\"><strong><a href=\"https:\/\/huescaturismoagro.com\/wp-content\/uploads\/2024\/12\/Folleto-Aceite-flor-de-Sal-1.pdf\">Haz click para descargar el folleto digital<\/a><\/strong><\/p>\n","protected":false},"excerpt":{"rendered":"<p>Somos una empresa familiar que desde varias generaciones nos dedicamos a la agricultura y la ganader\u00eda. Cada generaci\u00f3n, con los medios de su \u00e9poca, ha sembrado su sabidur\u00eda y ha cultivado su conocimiento para llegar hasta donde estamos hoy. La base de nuestra empresa es la producci\u00f3n y elaboraci\u00f3n de AOVE (Aceite de oliva virgen [&hellip;]<\/p>\n","protected":false},"author":1,"featured_media":0,"parent":0,"menu_order":0,"comment_status":"closed","ping_status":"closed","template":"","meta":{"footnotes":""},"_links":{"self":[{"href":"https:\/\/huescaturismoagro.com\/index.php\/wp-json\/wp\/v2\/pages\/322"}],"collection":[{"href":"https:\/\/huescaturismoagro.com\/index.php\/wp-json\/wp\/v2\/pages"}],"about":[{"href":"https:\/\/huescaturismoagro.com\/index.php\/wp-json\/wp\/v2\/types\/page"}],"author":[{"embeddable":true,"href":"https:\/\/huescaturismoagro.com\/index.php\/wp-json\/wp\/v2\/users\/1"}],"replies":[{"embeddable":true,"href":"https:\/\/huescaturismoagro.com\/index.php\/wp-json\/wp\/v2\/comments?post=322"}],"version-history":[{"count":7,"href":"https:\/\/huescaturismoagro.com\/index.php\/wp-json\/wp\/v2\/pages\/322\/revisions"}],"predecessor-version":[{"id":891,"href":"https:\/\/huescaturismoagro.com\/index.php\/wp-json\/wp\/v2\/pages\/322\/revisions\/891"}],"wp:attachment":[{"href":"https:\/\/huescaturismoagro.com\/index.php\/wp-json\/wp\/v2\/media?parent=322"}],"curies":[{"name":"wp","href":"https:\/\/api.w.org\/{rel}","templated":true}]}}