{"id":357,"date":"2024-10-15T08:56:04","date_gmt":"2024-10-15T06:56:04","guid":{"rendered":"https:\/\/huescaturismoagro.com\/?page_id=357"},"modified":"2024-12-18T13:15:36","modified_gmt":"2024-12-18T12:15:36","slug":"bodega-el-vino-del-desierto","status":"publish","type":"page","link":"https:\/\/huescaturismoagro.com\/index.php\/bodega-el-vino-del-desierto\/","title":{"rendered":"Bodega El Vino del Desierto"},"content":{"rendered":"\n<p>De tierra de cascajo, cierzo, boira y sol abrasador. De manos amantes de un paisaje de extremos. El Vino del Desierto, fiel reflejo de un lugar \u00fanico, el desierto de Los Monegros.<\/p>\n\n\n\n<p>Al abrigo de la Sierra de Lanaja, en el coraz\u00f3n de Los Monegros, nace La Sardiruela, paraje en el que enra\u00edzan nuestros vi\u00f1edos, donde los suelos son profundos, nobles y de piedra blanca, sobre los que cada paso deja huella.<\/p>\n\n\n<div style=\"text-align: center;\">\n  <iframe loading=\"lazy\" src=\"https:\/\/www.facebook.com\/plugins\/video.php?height=314&#038;href=https%3A%2F%2Fwww.facebook.com%2Felvinodeldesierto%2Fvideos%2F659001631897933%2F&#038;show_text=false&#038;width=560&#038;t=0\" width=\"560\" height=\"314\" style=\"border:none;overflow:hidden\" scrolling=\"no\" frameborder=\"0\" allowfullscreen=\"true\" allow=\"autoplay; clipboard-write; encrypted-media; picture-in-picture; web-share\" allowFullScreen=\"true\"><\/iframe>\n<\/div>\n\n\n\n<p>Con 8 hect\u00e1reas de vi\u00f1edo, donde cultivamos 9 variedades de uva, reflejamos la tipicidad de nuestro desierto, una tierra llena de contrastes, con inviernos largos y duros, veranos abrasadores, donde la lluvia brilla por su ausencia y el cierzo, nuestro famoso viento, se hace notar. Un clima extremo que se ve reflejado en cada una de las botellas de nuestros Vinos del Desierto, en definitiva un territorio embotellado.<\/p>\n\n\n\n<p>La artesan\u00eda aflora en todo momento, desde el cuidado de nuestras cepas, el respeto por nuestro entorno, practicando una viticultura regenerativa y un trabajo totalmente manual y cuidadoso, para conseguir nuestras mejores uvas que reflejen la originalidad de nuestro paisaje. Cada botella pasa por nuestras manos imprimiendo en cada una de ellas nuestro sello de identidad.<\/p>\n\n\n\n<p>Somos viticultores, artesanos y artistas, somos El Vino del Desierto.  <\/p>\n\n\n\n<p class=\"has-custom-color-1-color has-text-color has-link-color has-large-font-size wp-elements-6693331889b99ec415810be5adea9ef1\"><strong>Experiencia Enoturismo<\/strong>  <\/p>\n\n\n\n<p><\/p>\n\n\n\n<p>Queremos que venir a conocer nuestra bodega sea una experiencia \u00fanica para ti y que perdure en tu memoria. Sentirte parte del entorno, empaparte de la filosof\u00eda de nuestro saber hacer, beberte nuestros Monegros, es nuestro objetivo.<\/p>\n\n\n\n<p>Conocer\u00e1s c\u00f3mo cultivamos nuestros vi\u00f1edos, podr\u00e1s tocar la tierra, oler la fragancia de nuestro paraje, sentir la energ\u00eda de nuestras cepas. Aprender\u00e1s como de una manera artesanal elaboramos nuestros vinos \u00fanicos.<\/p>\n\n\n\n<p>Te introduciremos en el mundo de la cata de un vino y disfrutaremos con dos de nuestros Vinos, SED y DUNA, todo ello acompa\u00f1ado de productos de nuestra tierra, Los Monegros.<\/p>\n\n\n\n<p>Esta actividad incluye:<\/p>\n\n\n\n<ol>\n<li>Paseo por los Vi\u00f1edos del Desierto<\/li>\n<\/ol>\n\n\n\n<p>2. Visita a la Bodega El Vino del Desierto<\/p>\n\n\n\n<p>3. Curso de iniciaci\u00f3n a la cata de vinos<\/p>\n\n\n\n<p>4. Aperitivo con productos de la tierra monegrina<\/p>\n\n\n\n<p class=\"has-contrast-color has-text-color has-link-color wp-elements-0367f777f56dac507ae2684f0e38decd\"><strong>Condiciones:<\/strong><br>Reserva previa: s\u00ed<br>Precio: 32 euros por persona<br>Duraci\u00f3n: 3 horas<br>Horario: s\u00e1bados, de 11:00 h a 14:00 h<br>Grupos: m\u00ednimo 4 personas<\/p>\n\n\n\n<p>Descubre m\u00e1s en nuestra <a href=\"https:\/\/elvinodeldesierto.com\/enoturismo\/\" data-type=\"link\" data-id=\"https:\/\/elvinodeldesierto.com\/enoturismo\/\" target=\"_blank\" rel=\"noreferrer noopener\">p\u00e1gina web<\/a>.<\/p>\n\n\n\n<figure class=\"wp-block-gallery has-nested-images columns-default is-cropped wp-block-gallery-1 is-layout-flex wp-block-gallery-is-layout-flex\">\n<figure data-wp-context=\"{&quot;uploadedSrc&quot;:&quot;https:\\\/\\\/huescaturismoagro.com\\\/wp-content\\\/uploads\\\/2024\\\/10\\\/AZADA-AL-HOMBRO-scaled.jpg&quot;,&quot;figureClassNames&quot;:&quot;wp-block-image size-large&quot;,&quot;figureStyles&quot;:null,&quot;imgClassNames&quot;:&quot;wp-image-362&quot;,&quot;imgStyles&quot;:null,&quot;targetWidth&quot;:2560,&quot;targetHeight&quot;:1920,&quot;scaleAttr&quot;:false,&quot;ariaLabel&quot;:&quot;Ampliar la imagen&quot;,&quot;alt&quot;:&quot;&quot;}\" data-wp-interactive=\"core\/image\" class=\"wp-block-image size-large wp-lightbox-container\"><img loading=\"lazy\" decoding=\"async\" width=\"1024\" height=\"768\" data-wp-init=\"callbacks.setButtonStyles\" data-wp-on--click=\"actions.showLightbox\" data-wp-on--load=\"callbacks.setButtonStyles\" data-wp-on-window--resize=\"callbacks.setButtonStyles\" data-id=\"362\" src=\"https:\/\/huescaturismoagro.com\/wp-content\/uploads\/2024\/10\/AZADA-AL-HOMBRO-1024x768.jpg\" alt=\"\" class=\"wp-image-362\" srcset=\"https:\/\/huescaturismoagro.com\/wp-content\/uploads\/2024\/10\/AZADA-AL-HOMBRO-1024x768.jpg 1024w, https:\/\/huescaturismoagro.com\/wp-content\/uploads\/2024\/10\/AZADA-AL-HOMBRO-300x225.jpg 300w, https:\/\/huescaturismoagro.com\/wp-content\/uploads\/2024\/10\/AZADA-AL-HOMBRO-768x576.jpg 768w, https:\/\/huescaturismoagro.com\/wp-content\/uploads\/2024\/10\/AZADA-AL-HOMBRO-1536x1152.jpg 1536w, https:\/\/huescaturismoagro.com\/wp-content\/uploads\/2024\/10\/AZADA-AL-HOMBRO-2048x1536.jpg 2048w\" sizes=\"(max-width: 1024px) 100vw, 1024px\" \/><button\n\t\t\tclass=\"lightbox-trigger\"\n\t\t\ttype=\"button\"\n\t\t\taria-haspopup=\"dialog\"\n\t\t\taria-label=\"Ampliar la imagen\"\n\t\t\tdata-wp-init=\"callbacks.initTriggerButton\"\n\t\t\tdata-wp-on--click=\"actions.showLightbox\"\n\t\t\tdata-wp-style--right=\"context.imageButtonRight\"\n\t\t\tdata-wp-style--top=\"context.imageButtonTop\"\n\t\t>\n\t\t\t<svg xmlns=\"http:\/\/www.w3.org\/2000\/svg\" width=\"12\" height=\"12\" fill=\"none\" viewBox=\"0 0 12 12\">\n\t\t\t\t<path fill=\"#fff\" d=\"M2 0a2 2 0 0 0-2 2v2h1.5V2a.5.5 0 0 1 .5-.5h2V0H2Zm2 10.5H2a.5.5 0 0 1-.5-.5V8H0v2a2 2 0 0 0 2 2h2v-1.5ZM8 12v-1.5h2a.5.5 0 0 0 .5-.5V8H12v2a2 2 0 0 1-2 2H8Zm2-12a2 2 0 0 1 2 2v2h-1.5V2a.5.5 0 0 0-.5-.5H8V0h2Z\" \/>\n\t\t\t<\/svg>\n\t\t<\/button><\/figure>\n\n\n\n<figure data-wp-context=\"{&quot;uploadedSrc&quot;:&quot;https:\\\/\\\/huescaturismoagro.com\\\/wp-content\\\/uploads\\\/2024\\\/10\\\/FOTO-VENDIMIA-scaled.jpg&quot;,&quot;figureClassNames&quot;:&quot;wp-block-image size-large&quot;,&quot;figureStyles&quot;:null,&quot;imgClassNames&quot;:&quot;wp-image-361&quot;,&quot;imgStyles&quot;:null,&quot;targetWidth&quot;:1920,&quot;targetHeight&quot;:2560,&quot;scaleAttr&quot;:false,&quot;ariaLabel&quot;:&quot;Ampliar la imagen&quot;,&quot;alt&quot;:&quot;&quot;}\" data-wp-interactive=\"core\/image\" class=\"wp-block-image size-large wp-lightbox-container\"><img loading=\"lazy\" decoding=\"async\" width=\"768\" height=\"1024\" data-wp-init=\"callbacks.setButtonStyles\" data-wp-on--click=\"actions.showLightbox\" data-wp-on--load=\"callbacks.setButtonStyles\" data-wp-on-window--resize=\"callbacks.setButtonStyles\" data-id=\"361\" src=\"https:\/\/huescaturismoagro.com\/wp-content\/uploads\/2024\/10\/FOTO-VENDIMIA-768x1024.jpg\" alt=\"\" class=\"wp-image-361\" srcset=\"https:\/\/huescaturismoagro.com\/wp-content\/uploads\/2024\/10\/FOTO-VENDIMIA-768x1024.jpg 768w, https:\/\/huescaturismoagro.com\/wp-content\/uploads\/2024\/10\/FOTO-VENDIMIA-225x300.jpg 225w, https:\/\/huescaturismoagro.com\/wp-content\/uploads\/2024\/10\/FOTO-VENDIMIA-1152x1536.jpg 1152w, https:\/\/huescaturismoagro.com\/wp-content\/uploads\/2024\/10\/FOTO-VENDIMIA-1536x2048.jpg 1536w, https:\/\/huescaturismoagro.com\/wp-content\/uploads\/2024\/10\/FOTO-VENDIMIA-scaled.jpg 1920w\" sizes=\"(max-width: 768px) 100vw, 768px\" \/><button\n\t\t\tclass=\"lightbox-trigger\"\n\t\t\ttype=\"button\"\n\t\t\taria-haspopup=\"dialog\"\n\t\t\taria-label=\"Ampliar la imagen\"\n\t\t\tdata-wp-init=\"callbacks.initTriggerButton\"\n\t\t\tdata-wp-on--click=\"actions.showLightbox\"\n\t\t\tdata-wp-style--right=\"context.imageButtonRight\"\n\t\t\tdata-wp-style--top=\"context.imageButtonTop\"\n\t\t>\n\t\t\t<svg xmlns=\"http:\/\/www.w3.org\/2000\/svg\" width=\"12\" height=\"12\" fill=\"none\" viewBox=\"0 0 12 12\">\n\t\t\t\t<path fill=\"#fff\" d=\"M2 0a2 2 0 0 0-2 2v2h1.5V2a.5.5 0 0 1 .5-.5h2V0H2Zm2 10.5H2a.5.5 0 0 1-.5-.5V8H0v2a2 2 0 0 0 2 2h2v-1.5ZM8 12v-1.5h2a.5.5 0 0 0 .5-.5V8H12v2a2 2 0 0 1-2 2H8Zm2-12a2 2 0 0 1 2 2v2h-1.5V2a.5.5 0 0 0-.5-.5H8V0h2Z\" \/>\n\t\t\t<\/svg>\n\t\t<\/button><\/figure>\n\n\n\n<figure data-wp-context=\"{&quot;uploadedSrc&quot;:&quot;https:\\\/\\\/huescaturismoagro.com\\\/wp-content\\\/uploads\\\/2024\\\/10\\\/Logo-El-Vino-del-Desierto-Negro.jpg&quot;,&quot;figureClassNames&quot;:&quot;wp-block-image size-large&quot;,&quot;figureStyles&quot;:null,&quot;imgClassNames&quot;:&quot;wp-image-359&quot;,&quot;imgStyles&quot;:null,&quot;targetWidth&quot;:1948,&quot;targetHeight&quot;:864,&quot;scaleAttr&quot;:false,&quot;ariaLabel&quot;:&quot;Ampliar la imagen&quot;,&quot;alt&quot;:&quot;&quot;}\" data-wp-interactive=\"core\/image\" class=\"wp-block-image size-large wp-lightbox-container\"><img loading=\"lazy\" decoding=\"async\" width=\"1024\" height=\"454\" data-wp-init=\"callbacks.setButtonStyles\" data-wp-on--click=\"actions.showLightbox\" data-wp-on--load=\"callbacks.setButtonStyles\" data-wp-on-window--resize=\"callbacks.setButtonStyles\" data-id=\"359\" src=\"https:\/\/huescaturismoagro.com\/wp-content\/uploads\/2024\/10\/Logo-El-Vino-del-Desierto-Negro-1024x454.jpg\" alt=\"\" class=\"wp-image-359\" srcset=\"https:\/\/huescaturismoagro.com\/wp-content\/uploads\/2024\/10\/Logo-El-Vino-del-Desierto-Negro-1024x454.jpg 1024w, https:\/\/huescaturismoagro.com\/wp-content\/uploads\/2024\/10\/Logo-El-Vino-del-Desierto-Negro-300x133.jpg 300w, https:\/\/huescaturismoagro.com\/wp-content\/uploads\/2024\/10\/Logo-El-Vino-del-Desierto-Negro-768x341.jpg 768w, https:\/\/huescaturismoagro.com\/wp-content\/uploads\/2024\/10\/Logo-El-Vino-del-Desierto-Negro-1536x681.jpg 1536w, https:\/\/huescaturismoagro.com\/wp-content\/uploads\/2024\/10\/Logo-El-Vino-del-Desierto-Negro.jpg 1948w\" sizes=\"(max-width: 1024px) 100vw, 1024px\" \/><button\n\t\t\tclass=\"lightbox-trigger\"\n\t\t\ttype=\"button\"\n\t\t\taria-haspopup=\"dialog\"\n\t\t\taria-label=\"Ampliar la imagen\"\n\t\t\tdata-wp-init=\"callbacks.initTriggerButton\"\n\t\t\tdata-wp-on--click=\"actions.showLightbox\"\n\t\t\tdata-wp-style--right=\"context.imageButtonRight\"\n\t\t\tdata-wp-style--top=\"context.imageButtonTop\"\n\t\t>\n\t\t\t<svg xmlns=\"http:\/\/www.w3.org\/2000\/svg\" width=\"12\" height=\"12\" fill=\"none\" viewBox=\"0 0 12 12\">\n\t\t\t\t<path fill=\"#fff\" d=\"M2 0a2 2 0 0 0-2 2v2h1.5V2a.5.5 0 0 1 .5-.5h2V0H2Zm2 10.5H2a.5.5 0 0 1-.5-.5V8H0v2a2 2 0 0 0 2 2h2v-1.5ZM8 12v-1.5h2a.5.5 0 0 0 .5-.5V8H12v2a2 2 0 0 1-2 2H8Zm2-12a2 2 0 0 1 2 2v2h-1.5V2a.5.5 0 0 0-.5-.5H8V0h2Z\" \/>\n\t\t\t<\/svg>\n\t\t<\/button><\/figure>\n\n\n\n<figure data-wp-context=\"{&quot;uploadedSrc&quot;:&quot;https:\\\/\\\/huescaturismoagro.com\\\/wp-content\\\/uploads\\\/2024\\\/10\\\/TIERRA-DEL-DESIERTO-1-scaled.jpg&quot;,&quot;figureClassNames&quot;:&quot;wp-block-image size-large&quot;,&quot;figureStyles&quot;:null,&quot;imgClassNames&quot;:&quot;wp-image-363&quot;,&quot;imgStyles&quot;:null,&quot;targetWidth&quot;:2560,&quot;targetHeight&quot;:1920,&quot;scaleAttr&quot;:false,&quot;ariaLabel&quot;:&quot;Ampliar la imagen&quot;,&quot;alt&quot;:&quot;&quot;}\" data-wp-interactive=\"core\/image\" class=\"wp-block-image size-large wp-lightbox-container\"><img loading=\"lazy\" decoding=\"async\" width=\"1024\" height=\"768\" data-wp-init=\"callbacks.setButtonStyles\" data-wp-on--click=\"actions.showLightbox\" data-wp-on--load=\"callbacks.setButtonStyles\" data-wp-on-window--resize=\"callbacks.setButtonStyles\" data-id=\"363\" src=\"https:\/\/huescaturismoagro.com\/wp-content\/uploads\/2024\/10\/TIERRA-DEL-DESIERTO-1-1024x768.jpg\" alt=\"\" class=\"wp-image-363\" srcset=\"https:\/\/huescaturismoagro.com\/wp-content\/uploads\/2024\/10\/TIERRA-DEL-DESIERTO-1-1024x768.jpg 1024w, https:\/\/huescaturismoagro.com\/wp-content\/uploads\/2024\/10\/TIERRA-DEL-DESIERTO-1-300x225.jpg 300w, https:\/\/huescaturismoagro.com\/wp-content\/uploads\/2024\/10\/TIERRA-DEL-DESIERTO-1-768x576.jpg 768w, https:\/\/huescaturismoagro.com\/wp-content\/uploads\/2024\/10\/TIERRA-DEL-DESIERTO-1-1536x1152.jpg 1536w, https:\/\/huescaturismoagro.com\/wp-content\/uploads\/2024\/10\/TIERRA-DEL-DESIERTO-1-2048x1536.jpg 2048w\" sizes=\"(max-width: 1024px) 100vw, 1024px\" \/><button\n\t\t\tclass=\"lightbox-trigger\"\n\t\t\ttype=\"button\"\n\t\t\taria-haspopup=\"dialog\"\n\t\t\taria-label=\"Ampliar la imagen\"\n\t\t\tdata-wp-init=\"callbacks.initTriggerButton\"\n\t\t\tdata-wp-on--click=\"actions.showLightbox\"\n\t\t\tdata-wp-style--right=\"context.imageButtonRight\"\n\t\t\tdata-wp-style--top=\"context.imageButtonTop\"\n\t\t>\n\t\t\t<svg xmlns=\"http:\/\/www.w3.org\/2000\/svg\" width=\"12\" height=\"12\" fill=\"none\" viewBox=\"0 0 12 12\">\n\t\t\t\t<path fill=\"#fff\" d=\"M2 0a2 2 0 0 0-2 2v2h1.5V2a.5.5 0 0 1 .5-.5h2V0H2Zm2 10.5H2a.5.5 0 0 1-.5-.5V8H0v2a2 2 0 0 0 2 2h2v-1.5ZM8 12v-1.5h2a.5.5 0 0 0 .5-.5V8H12v2a2 2 0 0 1-2 2H8Zm2-12a2 2 0 0 1 2 2v2h-1.5V2a.5.5 0 0 0-.5-.5H8V0h2Z\" \/>\n\t\t\t<\/svg>\n\t\t<\/button><\/figure>\n\n\n\n<figure data-wp-context=\"{&quot;uploadedSrc&quot;:&quot;https:\\\/\\\/huescaturismoagro.com\\\/wp-content\\\/uploads\\\/2024\\\/10\\\/UVA-DEL-DESIERTO.jpg&quot;,&quot;figureClassNames&quot;:&quot;wp-block-image size-large&quot;,&quot;figureStyles&quot;:null,&quot;imgClassNames&quot;:&quot;wp-image-360&quot;,&quot;imgStyles&quot;:null,&quot;targetWidth&quot;:1920,&quot;targetHeight&quot;:1920,&quot;scaleAttr&quot;:false,&quot;ariaLabel&quot;:&quot;Ampliar la imagen&quot;,&quot;alt&quot;:&quot;&quot;}\" data-wp-interactive=\"core\/image\" class=\"wp-block-image size-large wp-lightbox-container\"><img loading=\"lazy\" decoding=\"async\" width=\"1024\" height=\"1024\" data-wp-init=\"callbacks.setButtonStyles\" data-wp-on--click=\"actions.showLightbox\" data-wp-on--load=\"callbacks.setButtonStyles\" data-wp-on-window--resize=\"callbacks.setButtonStyles\" data-id=\"360\" src=\"https:\/\/huescaturismoagro.com\/wp-content\/uploads\/2024\/10\/UVA-DEL-DESIERTO-1024x1024.jpg\" alt=\"\" class=\"wp-image-360\" srcset=\"https:\/\/huescaturismoagro.com\/wp-content\/uploads\/2024\/10\/UVA-DEL-DESIERTO-1024x1024.jpg 1024w, https:\/\/huescaturismoagro.com\/wp-content\/uploads\/2024\/10\/UVA-DEL-DESIERTO-300x300.jpg 300w, https:\/\/huescaturismoagro.com\/wp-content\/uploads\/2024\/10\/UVA-DEL-DESIERTO-150x150.jpg 150w, https:\/\/huescaturismoagro.com\/wp-content\/uploads\/2024\/10\/UVA-DEL-DESIERTO-768x768.jpg 768w, https:\/\/huescaturismoagro.com\/wp-content\/uploads\/2024\/10\/UVA-DEL-DESIERTO-1536x1536.jpg 1536w, https:\/\/huescaturismoagro.com\/wp-content\/uploads\/2024\/10\/UVA-DEL-DESIERTO.jpg 1920w\" sizes=\"(max-width: 1024px) 100vw, 1024px\" \/><button\n\t\t\tclass=\"lightbox-trigger\"\n\t\t\ttype=\"button\"\n\t\t\taria-haspopup=\"dialog\"\n\t\t\taria-label=\"Ampliar la imagen\"\n\t\t\tdata-wp-init=\"callbacks.initTriggerButton\"\n\t\t\tdata-wp-on--click=\"actions.showLightbox\"\n\t\t\tdata-wp-style--right=\"context.imageButtonRight\"\n\t\t\tdata-wp-style--top=\"context.imageButtonTop\"\n\t\t>\n\t\t\t<svg xmlns=\"http:\/\/www.w3.org\/2000\/svg\" width=\"12\" height=\"12\" fill=\"none\" viewBox=\"0 0 12 12\">\n\t\t\t\t<path fill=\"#fff\" d=\"M2 0a2 2 0 0 0-2 2v2h1.5V2a.5.5 0 0 1 .5-.5h2V0H2Zm2 10.5H2a.5.5 0 0 1-.5-.5V8H0v2a2 2 0 0 0 2 2h2v-1.5ZM8 12v-1.5h2a.5.5 0 0 0 .5-.5V8H12v2a2 2 0 0 1-2 2H8Zm2-12a2 2 0 0 1 2 2v2h-1.5V2a.5.5 0 0 0-.5-.5H8V0h2Z\" \/>\n\t\t\t<\/svg>\n\t\t<\/button><\/figure>\n<\/figure>\n\n\n\n<details class=\"wp-block-details is-style-default has-base-2-background-color has-background is-layout-flow wp-container-core-details-is-layout-1 wp-block-details-is-layout-flow\"><summary>SOBRE NOSOSTROS <\/summary>\n<p>Anta\u00f1o Los Monegros fue un territorio lleno de vid, lleno de color, de ocres, marrones, amarillos, y verdes, muy verdes, ya que fue una de las comarcas aragonesas con mayor superficie de vi\u00f1edo. Todo cambi\u00f3 en la d\u00e9cada de los a\u00f1os 50, con la llegada del regad\u00edo. Se construy\u00f3 el canal de Los Monegros y el paisaje agr\u00edcola comenz\u00f3 a cambiar. Se arrancaron la inmensa mayor\u00eda de las hect\u00e1reas de vi\u00f1edo existentes y se apost\u00f3 por cultivos extensivos como el cereal, forrajes, etc.<\/p>\n\n\n\n<p>Como en tantas otras familias, nuestros antepasados cultivaron la vid. En nuestra casa, la familia Mir, nuestro bisabuelo Antonio junto con nuestro abuelo Manuel, trabajaban 2 hect\u00e1reas de vi\u00f1edo, pero al igual que la gran mayor\u00eda de las personas que habitaban por aquel entonces este territorio, llegado el momento, decidieron arrancar\u2026<\/p>\n\n\n\n<p>Con el paso de los a\u00f1os, en 2001 se unen tres generaciones, nuestro abuelo Manuel, nuestro padre Jos\u00e9 y Fernando, que tras realizar la primera plantaci\u00f3n de vi\u00f1edo, hacen que despierte un sue\u00f1o, convertido en un proyecto, un proyecto de vida llamado El Vino del Desierto.<\/p>\n\n\n\n<p>Fernando Mir, el art\u00edfice de que ese sue\u00f1o se hiciera realidad, empujado a arraigarse a sus or\u00edgenes, en Lanaja, decide apostar por el medio rural y recuperar un cultivo tan afamado como anta\u00f1o convirti\u00e9ndose as\u00ed en su medio de vida.<\/p>\n\n\n\n<p>Tras a\u00f1os muy intensos, en 2012 se inaugura definitivamente la Bodega&nbsp;El&nbsp;Vino&nbsp;del&nbsp;Desierto, con 8 hect\u00e1reas de vi\u00f1edo y con el objetivo de elaborar en torno a 15.000 botellas de vino llenas de un paisaje, de un territorio \u00fanico, el&nbsp;desierto&nbsp;de&nbsp;Los&nbsp;Monegros.<\/p>\n<\/details>\n\n\n\n<details class=\"wp-block-details has-base-2-background-color has-background is-layout-flow wp-block-details-is-layout-flow\"><summary>CONTACTO Y REDES SOCIALES<\/summary>\n<ul>\n<li><strong>Web:<\/strong> <a href=\"https:\/\/elvinodeldesierto.com\/\">https:\/\/elvinodeldesierto.com\/<\/a><\/li>\n\n\n\n<li><strong>Tel\u00e9fono:<\/strong> 974 574 006<\/li>\n\n\n\n<li><strong>Instagram:<\/strong> <a href=\"https:\/\/www.instagram.com\/fernandomir_elvinodeldesierto\/?hl=es\" data-type=\"link\" data-id=\"https:\/\/www.instagram.com\/fernandomir_elvinodeldesierto\/?hl=es\">@fernandomir_elvinodeldesierto<\/a><\/li>\n\n\n\n<li><strong>Facebook:<\/strong> <a href=\"https:\/\/www.facebook.com\/elvinodeldesierto\" data-type=\"link\" data-id=\"https:\/\/www.facebook.com\/elvinodeldesierto\">Bodega El Vino del Desierto<\/a><\/li>\n\n\n\n<li><strong>Twitter: <\/strong><a href=\"https:\/\/x.com\/vinodeldesierto?lang=es\" data-type=\"link\" data-id=\"https:\/\/x.com\/vinodeldesierto?lang=es\" target=\"_blank\" rel=\"noreferrer noopener\">@vinodeldesierto<\/a><\/li>\n<\/ul>\n<\/details>\n\n\n\n<p class=\"has-text-align-center\"><strong><a href=\"https:\/\/huescaturismoagro.com\/wp-content\/uploads\/2024\/12\/El-vino-del-Desierto-1.pdf\">Haz click para descargar el folleto digital<\/a><\/strong><\/p>\n","protected":false},"excerpt":{"rendered":"<p>De tierra de cascajo, cierzo, boira y sol abrasador. De manos amantes de un paisaje de extremos. El Vino del Desierto, fiel reflejo de un lugar \u00fanico, el desierto de Los Monegros. Al abrigo de la Sierra de Lanaja, en el coraz\u00f3n de Los Monegros, nace La Sardiruela, paraje en el que enra\u00edzan nuestros vi\u00f1edos, [&hellip;]<\/p>\n","protected":false},"author":1,"featured_media":0,"parent":0,"menu_order":0,"comment_status":"closed","ping_status":"closed","template":"","meta":{"footnotes":""},"_links":{"self":[{"href":"https:\/\/huescaturismoagro.com\/index.php\/wp-json\/wp\/v2\/pages\/357"}],"collection":[{"href":"https:\/\/huescaturismoagro.com\/index.php\/wp-json\/wp\/v2\/pages"}],"about":[{"href":"https:\/\/huescaturismoagro.com\/index.php\/wp-json\/wp\/v2\/types\/page"}],"author":[{"embeddable":true,"href":"https:\/\/huescaturismoagro.com\/index.php\/wp-json\/wp\/v2\/users\/1"}],"replies":[{"embeddable":true,"href":"https:\/\/huescaturismoagro.com\/index.php\/wp-json\/wp\/v2\/comments?post=357"}],"version-history":[{"count":11,"href":"https:\/\/huescaturismoagro.com\/index.php\/wp-json\/wp\/v2\/pages\/357\/revisions"}],"predecessor-version":[{"id":829,"href":"https:\/\/huescaturismoagro.com\/index.php\/wp-json\/wp\/v2\/pages\/357\/revisions\/829"}],"wp:attachment":[{"href":"https:\/\/huescaturismoagro.com\/index.php\/wp-json\/wp\/v2\/media?parent=357"}],"curies":[{"name":"wp","href":"https:\/\/api.w.org\/{rel}","templated":true}]}}