{"id":385,"date":"2024-10-15T11:23:30","date_gmt":"2024-10-15T09:23:30","guid":{"rendered":"https:\/\/huescaturismoagro.com\/?page_id=385"},"modified":"2024-12-18T13:13:06","modified_gmt":"2024-12-18T12:13:06","slug":"chocolates-casa-cansero","status":"publish","type":"page","link":"https:\/\/huescaturismoagro.com\/index.php\/chocolates-casa-cansero\/","title":{"rendered":"Chocolates Casa Canser\u00f3"},"content":{"rendered":"\n<p>Somos una peque\u00f1a empresa familiar con la caracter\u00edstica de nuestros chocolates artesanos \u00fanicos, hechos en Tolva un peque\u00f1o municipio Ribagorzano de la provincia de Huesca.<\/p>\n\n\n\n<p>Chocolates desde los m\u00e1s puros con el 100%, 90%, 80%, 75% de&nbsp;cacao\u2026. hasta blancos, ruby, chocolates de te verde o la infinidad de sabores que elabora esta casa chocolatera.<\/p>\n\n\n\n<figure class=\"wp-block-video\"><video controls src=\"https:\/\/huescaturismoagro.com\/wp-content\/uploads\/2024\/10\/83af5b3b-d83d-426e-a7c2-2423be9223f7.mp4\"><\/video><\/figure>\n\n\n\n<figure class=\"wp-block-gallery has-nested-images columns-default is-cropped wp-block-gallery-1 is-layout-flex wp-block-gallery-is-layout-flex\">\n<figure data-wp-context=\"{&quot;uploadedSrc&quot;:&quot;https:\\\/\\\/huescaturismoagro.com\\\/wp-content\\\/uploads\\\/2024\\\/10\\\/10481831_781835418568306_2938096504254467066_n.jpg&quot;,&quot;figureClassNames&quot;:&quot;wp-block-image size-large&quot;,&quot;figureStyles&quot;:null,&quot;imgClassNames&quot;:&quot;wp-image-389&quot;,&quot;imgStyles&quot;:null,&quot;targetWidth&quot;:704,&quot;targetHeight&quot;:960,&quot;scaleAttr&quot;:false,&quot;ariaLabel&quot;:&quot;Ampliar la imagen&quot;,&quot;alt&quot;:&quot;&quot;}\" data-wp-interactive=\"core\/image\" class=\"wp-block-image size-large wp-lightbox-container\"><img loading=\"lazy\" decoding=\"async\" width=\"704\" height=\"960\" data-wp-init=\"callbacks.setButtonStyles\" data-wp-on--click=\"actions.showLightbox\" data-wp-on--load=\"callbacks.setButtonStyles\" data-wp-on-window--resize=\"callbacks.setButtonStyles\" data-id=\"389\" src=\"https:\/\/huescaturismoagro.com\/wp-content\/uploads\/2024\/10\/10481831_781835418568306_2938096504254467066_n.jpg\" alt=\"\" class=\"wp-image-389\" srcset=\"https:\/\/huescaturismoagro.com\/wp-content\/uploads\/2024\/10\/10481831_781835418568306_2938096504254467066_n.jpg 704w, https:\/\/huescaturismoagro.com\/wp-content\/uploads\/2024\/10\/10481831_781835418568306_2938096504254467066_n-220x300.jpg 220w\" sizes=\"(max-width: 704px) 100vw, 704px\" \/><button\n\t\t\tclass=\"lightbox-trigger\"\n\t\t\ttype=\"button\"\n\t\t\taria-haspopup=\"dialog\"\n\t\t\taria-label=\"Ampliar la imagen\"\n\t\t\tdata-wp-init=\"callbacks.initTriggerButton\"\n\t\t\tdata-wp-on--click=\"actions.showLightbox\"\n\t\t\tdata-wp-style--right=\"context.imageButtonRight\"\n\t\t\tdata-wp-style--top=\"context.imageButtonTop\"\n\t\t>\n\t\t\t<svg xmlns=\"http:\/\/www.w3.org\/2000\/svg\" width=\"12\" height=\"12\" fill=\"none\" viewBox=\"0 0 12 12\">\n\t\t\t\t<path fill=\"#fff\" d=\"M2 0a2 2 0 0 0-2 2v2h1.5V2a.5.5 0 0 1 .5-.5h2V0H2Zm2 10.5H2a.5.5 0 0 1-.5-.5V8H0v2a2 2 0 0 0 2 2h2v-1.5ZM8 12v-1.5h2a.5.5 0 0 0 .5-.5V8H12v2a2 2 0 0 1-2 2H8Zm2-12a2 2 0 0 1 2 2v2h-1.5V2a.5.5 0 0 0-.5-.5H8V0h2Z\" \/>\n\t\t\t<\/svg>\n\t\t<\/button><\/figure>\n\n\n\n<figure data-wp-context=\"{&quot;uploadedSrc&quot;:&quot;https:\\\/\\\/huescaturismoagro.com\\\/wp-content\\\/uploads\\\/2024\\\/10\\\/14448765_1102824623136049_5940839974051226573_n.jpg&quot;,&quot;figureClassNames&quot;:&quot;wp-block-image size-large&quot;,&quot;figureStyles&quot;:null,&quot;imgClassNames&quot;:&quot;wp-image-387&quot;,&quot;imgStyles&quot;:null,&quot;targetWidth&quot;:540,&quot;targetHeight&quot;:960,&quot;scaleAttr&quot;:false,&quot;ariaLabel&quot;:&quot;Ampliar la imagen&quot;,&quot;alt&quot;:&quot;&quot;}\" data-wp-interactive=\"core\/image\" class=\"wp-block-image size-large wp-lightbox-container\"><img loading=\"lazy\" decoding=\"async\" width=\"540\" height=\"960\" data-wp-init=\"callbacks.setButtonStyles\" data-wp-on--click=\"actions.showLightbox\" data-wp-on--load=\"callbacks.setButtonStyles\" data-wp-on-window--resize=\"callbacks.setButtonStyles\" data-id=\"387\" src=\"https:\/\/huescaturismoagro.com\/wp-content\/uploads\/2024\/10\/14448765_1102824623136049_5940839974051226573_n.jpg\" alt=\"\" class=\"wp-image-387\" srcset=\"https:\/\/huescaturismoagro.com\/wp-content\/uploads\/2024\/10\/14448765_1102824623136049_5940839974051226573_n.jpg 540w, https:\/\/huescaturismoagro.com\/wp-content\/uploads\/2024\/10\/14448765_1102824623136049_5940839974051226573_n-169x300.jpg 169w\" sizes=\"(max-width: 540px) 100vw, 540px\" \/><button\n\t\t\tclass=\"lightbox-trigger\"\n\t\t\ttype=\"button\"\n\t\t\taria-haspopup=\"dialog\"\n\t\t\taria-label=\"Ampliar la imagen\"\n\t\t\tdata-wp-init=\"callbacks.initTriggerButton\"\n\t\t\tdata-wp-on--click=\"actions.showLightbox\"\n\t\t\tdata-wp-style--right=\"context.imageButtonRight\"\n\t\t\tdata-wp-style--top=\"context.imageButtonTop\"\n\t\t>\n\t\t\t<svg xmlns=\"http:\/\/www.w3.org\/2000\/svg\" width=\"12\" height=\"12\" fill=\"none\" viewBox=\"0 0 12 12\">\n\t\t\t\t<path fill=\"#fff\" d=\"M2 0a2 2 0 0 0-2 2v2h1.5V2a.5.5 0 0 1 .5-.5h2V0H2Zm2 10.5H2a.5.5 0 0 1-.5-.5V8H0v2a2 2 0 0 0 2 2h2v-1.5ZM8 12v-1.5h2a.5.5 0 0 0 .5-.5V8H12v2a2 2 0 0 1-2 2H8Zm2-12a2 2 0 0 1 2 2v2h-1.5V2a.5.5 0 0 0-.5-.5H8V0h2Z\" \/>\n\t\t\t<\/svg>\n\t\t<\/button><\/figure>\n\n\n\n<figure data-wp-context=\"{&quot;uploadedSrc&quot;:&quot;https:\\\/\\\/huescaturismoagro.com\\\/wp-content\\\/uploads\\\/2024\\\/10\\\/15350475_1173709392714238_2719184150028532829_n.jpg&quot;,&quot;figureClassNames&quot;:&quot;wp-block-image size-large&quot;,&quot;figureStyles&quot;:null,&quot;imgClassNames&quot;:&quot;wp-image-388&quot;,&quot;imgStyles&quot;:null,&quot;targetWidth&quot;:539,&quot;targetHeight&quot;:960,&quot;scaleAttr&quot;:false,&quot;ariaLabel&quot;:&quot;Ampliar la imagen&quot;,&quot;alt&quot;:&quot;&quot;}\" data-wp-interactive=\"core\/image\" class=\"wp-block-image size-large wp-lightbox-container\"><img loading=\"lazy\" decoding=\"async\" width=\"539\" height=\"960\" data-wp-init=\"callbacks.setButtonStyles\" data-wp-on--click=\"actions.showLightbox\" data-wp-on--load=\"callbacks.setButtonStyles\" data-wp-on-window--resize=\"callbacks.setButtonStyles\" data-id=\"388\" src=\"https:\/\/huescaturismoagro.com\/wp-content\/uploads\/2024\/10\/15350475_1173709392714238_2719184150028532829_n.jpg\" alt=\"\" class=\"wp-image-388\" srcset=\"https:\/\/huescaturismoagro.com\/wp-content\/uploads\/2024\/10\/15350475_1173709392714238_2719184150028532829_n.jpg 539w, https:\/\/huescaturismoagro.com\/wp-content\/uploads\/2024\/10\/15350475_1173709392714238_2719184150028532829_n-168x300.jpg 168w\" sizes=\"(max-width: 539px) 100vw, 539px\" \/><button\n\t\t\tclass=\"lightbox-trigger\"\n\t\t\ttype=\"button\"\n\t\t\taria-haspopup=\"dialog\"\n\t\t\taria-label=\"Ampliar la imagen\"\n\t\t\tdata-wp-init=\"callbacks.initTriggerButton\"\n\t\t\tdata-wp-on--click=\"actions.showLightbox\"\n\t\t\tdata-wp-style--right=\"context.imageButtonRight\"\n\t\t\tdata-wp-style--top=\"context.imageButtonTop\"\n\t\t>\n\t\t\t<svg xmlns=\"http:\/\/www.w3.org\/2000\/svg\" width=\"12\" height=\"12\" fill=\"none\" viewBox=\"0 0 12 12\">\n\t\t\t\t<path fill=\"#fff\" d=\"M2 0a2 2 0 0 0-2 2v2h1.5V2a.5.5 0 0 1 .5-.5h2V0H2Zm2 10.5H2a.5.5 0 0 1-.5-.5V8H0v2a2 2 0 0 0 2 2h2v-1.5ZM8 12v-1.5h2a.5.5 0 0 0 .5-.5V8H12v2a2 2 0 0 1-2 2H8Zm2-12a2 2 0 0 1 2 2v2h-1.5V2a.5.5 0 0 0-.5-.5H8V0h2Z\" \/>\n\t\t\t<\/svg>\n\t\t<\/button><\/figure>\n\n\n\n<figure data-wp-context=\"{&quot;uploadedSrc&quot;:&quot;https:\\\/\\\/huescaturismoagro.com\\\/wp-content\\\/uploads\\\/2024\\\/10\\\/294302023_560462749198317_1671547967889242109_n.jpg&quot;,&quot;figureClassNames&quot;:&quot;wp-block-image size-large&quot;,&quot;figureStyles&quot;:null,&quot;imgClassNames&quot;:&quot;wp-image-390&quot;,&quot;imgStyles&quot;:null,&quot;targetWidth&quot;:2048,&quot;targetHeight&quot;:1365,&quot;scaleAttr&quot;:false,&quot;ariaLabel&quot;:&quot;Ampliar la imagen&quot;,&quot;alt&quot;:&quot;&quot;}\" data-wp-interactive=\"core\/image\" class=\"wp-block-image size-large wp-lightbox-container\"><img loading=\"lazy\" decoding=\"async\" width=\"1024\" height=\"683\" data-wp-init=\"callbacks.setButtonStyles\" data-wp-on--click=\"actions.showLightbox\" data-wp-on--load=\"callbacks.setButtonStyles\" data-wp-on-window--resize=\"callbacks.setButtonStyles\" data-id=\"390\" src=\"https:\/\/huescaturismoagro.com\/wp-content\/uploads\/2024\/10\/294302023_560462749198317_1671547967889242109_n-1024x683.jpg\" alt=\"\" class=\"wp-image-390\" srcset=\"https:\/\/huescaturismoagro.com\/wp-content\/uploads\/2024\/10\/294302023_560462749198317_1671547967889242109_n-1024x683.jpg 1024w, https:\/\/huescaturismoagro.com\/wp-content\/uploads\/2024\/10\/294302023_560462749198317_1671547967889242109_n-300x200.jpg 300w, https:\/\/huescaturismoagro.com\/wp-content\/uploads\/2024\/10\/294302023_560462749198317_1671547967889242109_n-768x512.jpg 768w, https:\/\/huescaturismoagro.com\/wp-content\/uploads\/2024\/10\/294302023_560462749198317_1671547967889242109_n-1536x1024.jpg 1536w, https:\/\/huescaturismoagro.com\/wp-content\/uploads\/2024\/10\/294302023_560462749198317_1671547967889242109_n.jpg 2048w\" sizes=\"(max-width: 1024px) 100vw, 1024px\" \/><button\n\t\t\tclass=\"lightbox-trigger\"\n\t\t\ttype=\"button\"\n\t\t\taria-haspopup=\"dialog\"\n\t\t\taria-label=\"Ampliar la imagen\"\n\t\t\tdata-wp-init=\"callbacks.initTriggerButton\"\n\t\t\tdata-wp-on--click=\"actions.showLightbox\"\n\t\t\tdata-wp-style--right=\"context.imageButtonRight\"\n\t\t\tdata-wp-style--top=\"context.imageButtonTop\"\n\t\t>\n\t\t\t<svg xmlns=\"http:\/\/www.w3.org\/2000\/svg\" width=\"12\" height=\"12\" fill=\"none\" viewBox=\"0 0 12 12\">\n\t\t\t\t<path fill=\"#fff\" d=\"M2 0a2 2 0 0 0-2 2v2h1.5V2a.5.5 0 0 1 .5-.5h2V0H2Zm2 10.5H2a.5.5 0 0 1-.5-.5V8H0v2a2 2 0 0 0 2 2h2v-1.5ZM8 12v-1.5h2a.5.5 0 0 0 .5-.5V8H12v2a2 2 0 0 1-2 2H8Zm2-12a2 2 0 0 1 2 2v2h-1.5V2a.5.5 0 0 0-.5-.5H8V0h2Z\" \/>\n\t\t\t<\/svg>\n\t\t<\/button><\/figure>\n<\/figure>\n\n\n\n<details class=\"wp-block-details has-base-2-background-color has-background is-layout-flow wp-block-details-is-layout-flow\"><summary>CONTACTO Y REDES SOCIALES<\/summary>\n<ul>\n<li><strong>Correo:<\/strong> casacansero@gmail.com<\/li>\n\n\n\n<li><strong>Tel\u00e9fono:<\/strong> 669 90 52 73 (Carmen)<\/li>\n\n\n\n<li><strong>Instagram:<\/strong> <a href=\"https:\/\/www.instagram.com\/casacansero\/?hl=es\" data-type=\"link\" data-id=\"https:\/\/www.instagram.com\/casacansero\/?hl=es\" target=\"_blank\" rel=\"noreferrer noopener\">@casacansero<\/a><\/li>\n\n\n\n<li><strong>Facebook:<\/strong> <a href=\"https:\/\/www.facebook.com\/CasaCansero?locale=es_ES\" data-type=\"link\" data-id=\"https:\/\/www.facebook.com\/CasaCansero?locale=es_ES\">Casa Canser\u00f3<\/a><\/li>\n<\/ul>\n<\/details>\n\n\n\n<p class=\"has-text-align-center\"><strong><a href=\"https:\/\/huescaturismoagro.com\/wp-content\/uploads\/2024\/12\/Chocolates-Casa-Cansero-1.pdf\">Haz click para descargar el folleto digital<\/a><\/strong><\/p>\n","protected":false},"excerpt":{"rendered":"<p>Somos una peque\u00f1a empresa familiar con la caracter\u00edstica de nuestros chocolates artesanos \u00fanicos, hechos en Tolva un peque\u00f1o municipio Ribagorzano de la provincia de Huesca. Chocolates desde los m\u00e1s puros con el 100%, 90%, 80%, 75% de&nbsp;cacao\u2026. hasta blancos, ruby, chocolates de te verde o la infinidad de sabores que elabora esta casa chocolatera. Haz [&hellip;]<\/p>\n","protected":false},"author":1,"featured_media":0,"parent":0,"menu_order":0,"comment_status":"closed","ping_status":"closed","template":"","meta":{"footnotes":""},"_links":{"self":[{"href":"https:\/\/huescaturismoagro.com\/index.php\/wp-json\/wp\/v2\/pages\/385"}],"collection":[{"href":"https:\/\/huescaturismoagro.com\/index.php\/wp-json\/wp\/v2\/pages"}],"about":[{"href":"https:\/\/huescaturismoagro.com\/index.php\/wp-json\/wp\/v2\/types\/page"}],"author":[{"embeddable":true,"href":"https:\/\/huescaturismoagro.com\/index.php\/wp-json\/wp\/v2\/users\/1"}],"replies":[{"embeddable":true,"href":"https:\/\/huescaturismoagro.com\/index.php\/wp-json\/wp\/v2\/comments?post=385"}],"version-history":[{"count":3,"href":"https:\/\/huescaturismoagro.com\/index.php\/wp-json\/wp\/v2\/pages\/385\/revisions"}],"predecessor-version":[{"id":825,"href":"https:\/\/huescaturismoagro.com\/index.php\/wp-json\/wp\/v2\/pages\/385\/revisions\/825"}],"wp:attachment":[{"href":"https:\/\/huescaturismoagro.com\/index.php\/wp-json\/wp\/v2\/media?parent=385"}],"curies":[{"name":"wp","href":"https:\/\/api.w.org\/{rel}","templated":true}]}}