{"id":437,"date":"2024-10-22T11:52:40","date_gmt":"2024-10-22T09:52:40","guid":{"rendered":"https:\/\/huescaturismoagro.com\/?page_id=437"},"modified":"2024-12-18T13:09:35","modified_gmt":"2024-12-18T12:09:35","slug":"hacienda-agricola-ecostean-sc","status":"publish","type":"page","link":"https:\/\/huescaturismoagro.com\/index.php\/hacienda-agricola-ecostean-sc\/","title":{"rendered":"Hacienda Agr\u00edcola Ecostean SC"},"content":{"rendered":"\n<p>En nuestra almazara contamos con un espacio \u00fanico, dedicado a la cultura del aceite de oliva, nuestro Oli-Bar, una sala para catar nuestros aceites de oliva virgen. Mini cursos de cata o catas mas especializadas. Todas realizadas por nuestro catador oficial, miembro del Panel de Cata de Arag\u00f3n. Un espacio donde conocer y descubrir todas las propiedades del aceite de oliva virgen extra.<\/p>\n\n\n\n<figure class=\"wp-block-embed is-type-video is-provider-youtube wp-block-embed-youtube wp-embed-aspect-16-9 wp-has-aspect-ratio\"><div class=\"wp-block-embed__wrapper\">\n<iframe loading=\"lazy\" title=\"Hacienda Agr\u00edcola Ecostean s.c.\" width=\"500\" height=\"281\" src=\"https:\/\/www.youtube.com\/embed\/DsQbIjvmOR4?feature=oembed\" frameborder=\"0\" allow=\"accelerometer; autoplay; clipboard-write; encrypted-media; gyroscope; picture-in-picture; web-share\" referrerpolicy=\"strict-origin-when-cross-origin\" allowfullscreen><\/iframe>\n<\/div><\/figure>\n\n\n\n<figure class=\"wp-block-gallery has-nested-images columns-default is-cropped wp-block-gallery-1 is-layout-flex wp-block-gallery-is-layout-flex\">\n<figure data-wp-context=\"{&quot;uploadedSrc&quot;:&quot;https:\\\/\\\/huescaturismoagro.com\\\/wp-content\\\/uploads\\\/2024\\\/10\\\/Captura.png&quot;,&quot;figureClassNames&quot;:&quot;wp-block-image size-large&quot;,&quot;figureStyles&quot;:null,&quot;imgClassNames&quot;:&quot;wp-image-438&quot;,&quot;imgStyles&quot;:null,&quot;targetWidth&quot;:560,&quot;targetHeight&quot;:201,&quot;scaleAttr&quot;:false,&quot;ariaLabel&quot;:&quot;Ampliar la imagen&quot;,&quot;alt&quot;:&quot;&quot;}\" data-wp-interactive=\"core\/image\" class=\"wp-block-image size-large wp-lightbox-container\"><img loading=\"lazy\" decoding=\"async\" width=\"560\" height=\"201\" data-wp-init=\"callbacks.setButtonStyles\" data-wp-on--click=\"actions.showLightbox\" data-wp-on--load=\"callbacks.setButtonStyles\" data-wp-on-window--resize=\"callbacks.setButtonStyles\" data-id=\"438\" src=\"https:\/\/huescaturismoagro.com\/wp-content\/uploads\/2024\/10\/Captura.png\" alt=\"\" class=\"wp-image-438\" srcset=\"https:\/\/huescaturismoagro.com\/wp-content\/uploads\/2024\/10\/Captura.png 560w, https:\/\/huescaturismoagro.com\/wp-content\/uploads\/2024\/10\/Captura-300x108.png 300w\" sizes=\"(max-width: 560px) 100vw, 560px\" \/><button\n\t\t\tclass=\"lightbox-trigger\"\n\t\t\ttype=\"button\"\n\t\t\taria-haspopup=\"dialog\"\n\t\t\taria-label=\"Ampliar la imagen\"\n\t\t\tdata-wp-init=\"callbacks.initTriggerButton\"\n\t\t\tdata-wp-on--click=\"actions.showLightbox\"\n\t\t\tdata-wp-style--right=\"context.imageButtonRight\"\n\t\t\tdata-wp-style--top=\"context.imageButtonTop\"\n\t\t>\n\t\t\t<svg xmlns=\"http:\/\/www.w3.org\/2000\/svg\" width=\"12\" height=\"12\" fill=\"none\" viewBox=\"0 0 12 12\">\n\t\t\t\t<path fill=\"#fff\" d=\"M2 0a2 2 0 0 0-2 2v2h1.5V2a.5.5 0 0 1 .5-.5h2V0H2Zm2 10.5H2a.5.5 0 0 1-.5-.5V8H0v2a2 2 0 0 0 2 2h2v-1.5ZM8 12v-1.5h2a.5.5 0 0 0 .5-.5V8H12v2a2 2 0 0 1-2 2H8Zm2-12a2 2 0 0 1 2 2v2h-1.5V2a.5.5 0 0 0-.5-.5H8V0h2Z\" \/>\n\t\t\t<\/svg>\n\t\t<\/button><\/figure>\n\n\n\n<figure data-wp-context=\"{&quot;uploadedSrc&quot;:&quot;https:\\\/\\\/huescaturismoagro.com\\\/wp-content\\\/uploads\\\/2024\\\/10\\\/Captura2.png&quot;,&quot;figureClassNames&quot;:&quot;wp-block-image size-large&quot;,&quot;figureStyles&quot;:null,&quot;imgClassNames&quot;:&quot;wp-image-439&quot;,&quot;imgStyles&quot;:null,&quot;targetWidth&quot;:559,&quot;targetHeight&quot;:204,&quot;scaleAttr&quot;:false,&quot;ariaLabel&quot;:&quot;Ampliar la imagen&quot;,&quot;alt&quot;:&quot;&quot;}\" data-wp-interactive=\"core\/image\" class=\"wp-block-image size-large wp-lightbox-container\"><img loading=\"lazy\" decoding=\"async\" width=\"559\" height=\"204\" data-wp-init=\"callbacks.setButtonStyles\" data-wp-on--click=\"actions.showLightbox\" data-wp-on--load=\"callbacks.setButtonStyles\" data-wp-on-window--resize=\"callbacks.setButtonStyles\" data-id=\"439\" src=\"https:\/\/huescaturismoagro.com\/wp-content\/uploads\/2024\/10\/Captura2.png\" alt=\"\" class=\"wp-image-439\" srcset=\"https:\/\/huescaturismoagro.com\/wp-content\/uploads\/2024\/10\/Captura2.png 559w, https:\/\/huescaturismoagro.com\/wp-content\/uploads\/2024\/10\/Captura2-300x109.png 300w\" sizes=\"(max-width: 559px) 100vw, 559px\" \/><button\n\t\t\tclass=\"lightbox-trigger\"\n\t\t\ttype=\"button\"\n\t\t\taria-haspopup=\"dialog\"\n\t\t\taria-label=\"Ampliar la imagen\"\n\t\t\tdata-wp-init=\"callbacks.initTriggerButton\"\n\t\t\tdata-wp-on--click=\"actions.showLightbox\"\n\t\t\tdata-wp-style--right=\"context.imageButtonRight\"\n\t\t\tdata-wp-style--top=\"context.imageButtonTop\"\n\t\t>\n\t\t\t<svg xmlns=\"http:\/\/www.w3.org\/2000\/svg\" width=\"12\" height=\"12\" fill=\"none\" viewBox=\"0 0 12 12\">\n\t\t\t\t<path fill=\"#fff\" d=\"M2 0a2 2 0 0 0-2 2v2h1.5V2a.5.5 0 0 1 .5-.5h2V0H2Zm2 10.5H2a.5.5 0 0 1-.5-.5V8H0v2a2 2 0 0 0 2 2h2v-1.5ZM8 12v-1.5h2a.5.5 0 0 0 .5-.5V8H12v2a2 2 0 0 1-2 2H8Zm2-12a2 2 0 0 1 2 2v2h-1.5V2a.5.5 0 0 0-.5-.5H8V0h2Z\" \/>\n\t\t\t<\/svg>\n\t\t<\/button><\/figure>\n\n\n\n<figure data-wp-context=\"{&quot;uploadedSrc&quot;:&quot;https:\\\/\\\/huescaturismoagro.com\\\/wp-content\\\/uploads\\\/2024\\\/10\\\/hacienda-agricola-ecostean-costean-somontano-1024x614-1.jpg&quot;,&quot;figureClassNames&quot;:&quot;wp-block-image size-large&quot;,&quot;figureStyles&quot;:null,&quot;imgClassNames&quot;:&quot;wp-image-440&quot;,&quot;imgStyles&quot;:null,&quot;targetWidth&quot;:1024,&quot;targetHeight&quot;:614,&quot;scaleAttr&quot;:false,&quot;ariaLabel&quot;:&quot;Ampliar la imagen&quot;,&quot;alt&quot;:&quot;&quot;}\" data-wp-interactive=\"core\/image\" class=\"wp-block-image size-large wp-lightbox-container\"><img loading=\"lazy\" decoding=\"async\" width=\"1024\" height=\"614\" data-wp-init=\"callbacks.setButtonStyles\" data-wp-on--click=\"actions.showLightbox\" data-wp-on--load=\"callbacks.setButtonStyles\" data-wp-on-window--resize=\"callbacks.setButtonStyles\" data-id=\"440\" src=\"https:\/\/huescaturismoagro.com\/wp-content\/uploads\/2024\/10\/hacienda-agricola-ecostean-costean-somontano-1024x614-1.jpg\" alt=\"\" class=\"wp-image-440\" srcset=\"https:\/\/huescaturismoagro.com\/wp-content\/uploads\/2024\/10\/hacienda-agricola-ecostean-costean-somontano-1024x614-1.jpg 1024w, https:\/\/huescaturismoagro.com\/wp-content\/uploads\/2024\/10\/hacienda-agricola-ecostean-costean-somontano-1024x614-1-300x180.jpg 300w, https:\/\/huescaturismoagro.com\/wp-content\/uploads\/2024\/10\/hacienda-agricola-ecostean-costean-somontano-1024x614-1-768x461.jpg 768w\" sizes=\"(max-width: 1024px) 100vw, 1024px\" \/><button\n\t\t\tclass=\"lightbox-trigger\"\n\t\t\ttype=\"button\"\n\t\t\taria-haspopup=\"dialog\"\n\t\t\taria-label=\"Ampliar la imagen\"\n\t\t\tdata-wp-init=\"callbacks.initTriggerButton\"\n\t\t\tdata-wp-on--click=\"actions.showLightbox\"\n\t\t\tdata-wp-style--right=\"context.imageButtonRight\"\n\t\t\tdata-wp-style--top=\"context.imageButtonTop\"\n\t\t>\n\t\t\t<svg xmlns=\"http:\/\/www.w3.org\/2000\/svg\" width=\"12\" height=\"12\" fill=\"none\" viewBox=\"0 0 12 12\">\n\t\t\t\t<path fill=\"#fff\" d=\"M2 0a2 2 0 0 0-2 2v2h1.5V2a.5.5 0 0 1 .5-.5h2V0H2Zm2 10.5H2a.5.5 0 0 1-.5-.5V8H0v2a2 2 0 0 0 2 2h2v-1.5ZM8 12v-1.5h2a.5.5 0 0 0 .5-.5V8H12v2a2 2 0 0 1-2 2H8Zm2-12a2 2 0 0 1 2 2v2h-1.5V2a.5.5 0 0 0-.5-.5H8V0h2Z\" \/>\n\t\t\t<\/svg>\n\t\t<\/button><\/figure>\n<\/figure>\n\n\n\n<details class=\"wp-block-details is-style-default has-base-2-background-color has-background is-layout-flow wp-container-core-details-is-layout-1 wp-block-details-is-layout-flow\"><summary>SOBRE NOSOSTROS <\/summary>\n<p>Con un origen familiar, en 1931, y gestionada actualmente por la tercera generaci\u00f3n. En 1999 nos convertimos en la primera almazara ecol\u00f3gica de la provincia de Huesca. Con un cuidado exquisito en la elaboraci\u00f3n y en la presentaci\u00f3n, siempre hemos querido vincular lo que hacemos y de d\u00f3nde venimos, por eso nuestros aceites, elaborados con variedades locales del Somontano (Huesca), evocan a nombres de nuestras fincas, y de nuestro territorio, Aniguala, Casa Benito, Cuarcos de Otto, Focatiecho, Don Juan Manuel (en homenaje a nuestro abuelo).<\/p>\n<\/details>\n\n\n\n<details class=\"wp-block-details has-base-2-background-color has-background is-layout-flow wp-block-details-is-layout-flow\"><summary>CONTACTO Y REDES SOCIALES<\/summary>\n<ul>\n<li><strong>Web:<\/strong> <a href=\"https:\/\/ecostean.com\/\" target=\"_blank\" rel=\"noreferrer noopener\">https:\/\/ecostean.com\/<\/a><\/li>\n\n\n\n<li><strong>Tel\u00e9fono:<\/strong> 974 110 761<\/li>\n\n\n\n<li><strong>Facebook:<\/strong> <a href=\"https:\/\/www.facebook.com\/ecostean\" data-type=\"link\" data-id=\"https:\/\/www.facebook.com\/ecostean\" target=\"_blank\" rel=\"noreferrer noopener\">Ecostean<\/a><\/li>\n<\/ul>\n<\/details>\n\n\n\n<p class=\"has-text-align-center\"><strong><a href=\"https:\/\/huescaturismoagro.com\/wp-content\/uploads\/2024\/12\/Hacienda-Agricola-Ecostean-SC-1.pdf\">Haz click para descargar el folleto digital<\/a><\/strong><\/p>\n","protected":false},"excerpt":{"rendered":"<p>En nuestra almazara contamos con un espacio \u00fanico, dedicado a la cultura del aceite de oliva, nuestro Oli-Bar, una sala para catar nuestros aceites de oliva virgen. Mini cursos de cata o catas mas especializadas. Todas realizadas por nuestro catador oficial, miembro del Panel de Cata de Arag\u00f3n. Un espacio donde conocer y descubrir todas [&hellip;]<\/p>\n","protected":false},"author":1,"featured_media":0,"parent":0,"menu_order":0,"comment_status":"closed","ping_status":"closed","template":"","meta":{"footnotes":""},"_links":{"self":[{"href":"https:\/\/huescaturismoagro.com\/index.php\/wp-json\/wp\/v2\/pages\/437"}],"collection":[{"href":"https:\/\/huescaturismoagro.com\/index.php\/wp-json\/wp\/v2\/pages"}],"about":[{"href":"https:\/\/huescaturismoagro.com\/index.php\/wp-json\/wp\/v2\/types\/page"}],"author":[{"embeddable":true,"href":"https:\/\/huescaturismoagro.com\/index.php\/wp-json\/wp\/v2\/users\/1"}],"replies":[{"embeddable":true,"href":"https:\/\/huescaturismoagro.com\/index.php\/wp-json\/wp\/v2\/comments?post=437"}],"version-history":[{"count":3,"href":"https:\/\/huescaturismoagro.com\/index.php\/wp-json\/wp\/v2\/pages\/437\/revisions"}],"predecessor-version":[{"id":820,"href":"https:\/\/huescaturismoagro.com\/index.php\/wp-json\/wp\/v2\/pages\/437\/revisions\/820"}],"wp:attachment":[{"href":"https:\/\/huescaturismoagro.com\/index.php\/wp-json\/wp\/v2\/media?parent=437"}],"curies":[{"name":"wp","href":"https:\/\/api.w.org\/{rel}","templated":true}]}}