{"id":455,"date":"2024-10-22T16:32:39","date_gmt":"2024-10-22T14:32:39","guid":{"rendered":"https:\/\/huescaturismoagro.com\/?page_id=455"},"modified":"2024-12-18T13:08:47","modified_gmt":"2024-12-18T12:08:47","slug":"julian-mairal","status":"publish","type":"page","link":"https:\/\/huescaturismoagro.com\/index.php\/julian-mairal\/","title":{"rendered":"Juli\u00e1n Mairal"},"content":{"rendered":"\n<p>En <strong>Juli\u00e1n Mairal<\/strong>, llevamos a\u00f1os haciendo 60 a\u00f1os lo que m\u00e1s nos apasiona: fabricar jamones y embutidos que te hagan disfrutar del aut\u00e9ntico sabor de nuestra tierra. Somos una empresa familiar que cree en la tradici\u00f3n y en hacer las cosas con cari\u00f1o, como siempre se ha hecho.<\/p>\n\n\n\n<figure class=\"wp-block-video\"><video controls src=\"https:\/\/huescaturismoagro.com\/wp-content\/uploads\/2024\/10\/JULIAN-MAIRAL-master-esp.mp4\"><\/video><\/figure>\n\n\n\n<p>Cada jam\u00f3n y cada embutido que ofrecemos est\u00e1 hecho con mimo, siguiendo un proceso artesanal que hemos perfeccionado con el tiempo. Seleccionamos las mejores piezas, las curamos de manera natural y dejamos que el tiempo haga su magia para que cuando lleguen a tu mesa, disfrutes de un sabor \u00fanico e inconfundible.<\/p>\n\n\n\n<p><\/p>\n\n\n\n<p><\/p>\n\n\n\n<p>Nos encanta pensar que, al probar nuestros productos, te llevamos un pedacito de nuestra tradici\u00f3n a casa. Porque en <strong>Juli\u00e1n Mairal<\/strong>, no solo hacemos jamones y embutidos, tambi\u00e9n compartimos una historia, la de una familia que vive por y para la buena gastronom\u00eda.<\/p>\n\n\n\n<p><strong>Degusta Somontano<\/strong><\/p>\n\n\n\n<p>Con una cata dirigida con vino de la DOP Somontano marinada con nuestro productos de fabricaci\u00f3n propia embutidos y jamones. Siempre con reserva previa telef\u00f3nica en el 974 051 279.<\/p>\n\n\n\n<p><strong>Precio de la actividad:<\/strong>&nbsp;<em>20\u20ac<\/em>\/<em>persona IVA incluido.<\/em><\/p>\n\n\n\n<figure class=\"wp-block-gallery has-nested-images columns-default is-cropped wp-block-gallery-1 is-layout-flex wp-block-gallery-is-layout-flex\">\n<figure data-wp-context=\"{&quot;uploadedSrc&quot;:&quot;https:\\\/\\\/huescaturismoagro.com\\\/wp-content\\\/uploads\\\/2024\\\/10\\\/DAV2074.jpg&quot;,&quot;figureClassNames&quot;:&quot;wp-block-image size-large&quot;,&quot;figureStyles&quot;:null,&quot;imgClassNames&quot;:&quot;wp-image-457&quot;,&quot;imgStyles&quot;:null,&quot;targetWidth&quot;:2341,&quot;targetHeight&quot;:1558,&quot;scaleAttr&quot;:false,&quot;ariaLabel&quot;:&quot;Ampliar la imagen&quot;,&quot;alt&quot;:&quot;&quot;}\" data-wp-interactive=\"core\/image\" class=\"wp-block-image size-large wp-lightbox-container\"><img loading=\"lazy\" decoding=\"async\" width=\"1024\" height=\"682\" data-wp-init=\"callbacks.setButtonStyles\" data-wp-on--click=\"actions.showLightbox\" data-wp-on--load=\"callbacks.setButtonStyles\" data-wp-on-window--resize=\"callbacks.setButtonStyles\" data-id=\"457\" src=\"https:\/\/huescaturismoagro.com\/wp-content\/uploads\/2024\/10\/DAV2074-1024x682.jpg\" alt=\"\" class=\"wp-image-457\" srcset=\"https:\/\/huescaturismoagro.com\/wp-content\/uploads\/2024\/10\/DAV2074-1024x682.jpg 1024w, https:\/\/huescaturismoagro.com\/wp-content\/uploads\/2024\/10\/DAV2074-300x200.jpg 300w, https:\/\/huescaturismoagro.com\/wp-content\/uploads\/2024\/10\/DAV2074-768x511.jpg 768w, https:\/\/huescaturismoagro.com\/wp-content\/uploads\/2024\/10\/DAV2074-1536x1022.jpg 1536w, https:\/\/huescaturismoagro.com\/wp-content\/uploads\/2024\/10\/DAV2074-2048x1363.jpg 2048w\" sizes=\"(max-width: 1024px) 100vw, 1024px\" \/><button\n\t\t\tclass=\"lightbox-trigger\"\n\t\t\ttype=\"button\"\n\t\t\taria-haspopup=\"dialog\"\n\t\t\taria-label=\"Ampliar la imagen\"\n\t\t\tdata-wp-init=\"callbacks.initTriggerButton\"\n\t\t\tdata-wp-on--click=\"actions.showLightbox\"\n\t\t\tdata-wp-style--right=\"context.imageButtonRight\"\n\t\t\tdata-wp-style--top=\"context.imageButtonTop\"\n\t\t>\n\t\t\t<svg xmlns=\"http:\/\/www.w3.org\/2000\/svg\" width=\"12\" height=\"12\" fill=\"none\" viewBox=\"0 0 12 12\">\n\t\t\t\t<path fill=\"#fff\" d=\"M2 0a2 2 0 0 0-2 2v2h1.5V2a.5.5 0 0 1 .5-.5h2V0H2Zm2 10.5H2a.5.5 0 0 1-.5-.5V8H0v2a2 2 0 0 0 2 2h2v-1.5ZM8 12v-1.5h2a.5.5 0 0 0 .5-.5V8H12v2a2 2 0 0 1-2 2H8Zm2-12a2 2 0 0 1 2 2v2h-1.5V2a.5.5 0 0 0-.5-.5H8V0h2Z\" \/>\n\t\t\t<\/svg>\n\t\t<\/button><\/figure>\n\n\n\n<figure data-wp-context=\"{&quot;uploadedSrc&quot;:&quot;https:\\\/\\\/huescaturismoagro.com\\\/wp-content\\\/uploads\\\/2024\\\/10\\\/SAB03076-scaled.jpg&quot;,&quot;figureClassNames&quot;:&quot;wp-block-image size-large&quot;,&quot;figureStyles&quot;:null,&quot;imgClassNames&quot;:&quot;wp-image-458&quot;,&quot;imgStyles&quot;:null,&quot;targetWidth&quot;:2169,&quot;targetHeight&quot;:2560,&quot;scaleAttr&quot;:false,&quot;ariaLabel&quot;:&quot;Ampliar la imagen&quot;,&quot;alt&quot;:&quot;&quot;}\" data-wp-interactive=\"core\/image\" class=\"wp-block-image size-large wp-lightbox-container\"><img loading=\"lazy\" decoding=\"async\" width=\"868\" height=\"1024\" data-wp-init=\"callbacks.setButtonStyles\" data-wp-on--click=\"actions.showLightbox\" data-wp-on--load=\"callbacks.setButtonStyles\" data-wp-on-window--resize=\"callbacks.setButtonStyles\" data-id=\"458\" src=\"https:\/\/huescaturismoagro.com\/wp-content\/uploads\/2024\/10\/SAB03076-868x1024.jpg\" alt=\"\" class=\"wp-image-458\" srcset=\"https:\/\/huescaturismoagro.com\/wp-content\/uploads\/2024\/10\/SAB03076-868x1024.jpg 868w, https:\/\/huescaturismoagro.com\/wp-content\/uploads\/2024\/10\/SAB03076-254x300.jpg 254w, https:\/\/huescaturismoagro.com\/wp-content\/uploads\/2024\/10\/SAB03076-768x906.jpg 768w, https:\/\/huescaturismoagro.com\/wp-content\/uploads\/2024\/10\/SAB03076-1302x1536.jpg 1302w, https:\/\/huescaturismoagro.com\/wp-content\/uploads\/2024\/10\/SAB03076-1736x2048.jpg 1736w\" sizes=\"(max-width: 868px) 100vw, 868px\" \/><button\n\t\t\tclass=\"lightbox-trigger\"\n\t\t\ttype=\"button\"\n\t\t\taria-haspopup=\"dialog\"\n\t\t\taria-label=\"Ampliar la imagen\"\n\t\t\tdata-wp-init=\"callbacks.initTriggerButton\"\n\t\t\tdata-wp-on--click=\"actions.showLightbox\"\n\t\t\tdata-wp-style--right=\"context.imageButtonRight\"\n\t\t\tdata-wp-style--top=\"context.imageButtonTop\"\n\t\t>\n\t\t\t<svg xmlns=\"http:\/\/www.w3.org\/2000\/svg\" width=\"12\" height=\"12\" fill=\"none\" viewBox=\"0 0 12 12\">\n\t\t\t\t<path fill=\"#fff\" d=\"M2 0a2 2 0 0 0-2 2v2h1.5V2a.5.5 0 0 1 .5-.5h2V0H2Zm2 10.5H2a.5.5 0 0 1-.5-.5V8H0v2a2 2 0 0 0 2 2h2v-1.5ZM8 12v-1.5h2a.5.5 0 0 0 .5-.5V8H12v2a2 2 0 0 1-2 2H8Zm2-12a2 2 0 0 1 2 2v2h-1.5V2a.5.5 0 0 0-.5-.5H8V0h2Z\" \/>\n\t\t\t<\/svg>\n\t\t<\/button><\/figure>\n<\/figure>\n\n\n\n<details class=\"wp-block-details is-style-default has-base-2-background-color has-background is-layout-flow wp-container-core-details-is-layout-1 wp-block-details-is-layout-flow\"><summary>SOBRE NOSOSTROS <\/summary>\n<p>Todo comenz\u00f3 con la visi\u00f3n y dedicaci\u00f3n de Juli\u00e1n Mairal Fumanal, quien fund\u00f3 la compa\u00f1\u00eda en Barbastro en 1958.<\/p>\n\n\n\n<p>Ahora, su hijo, Juli\u00e1n Mairal Villamana, est\u00e1 al frente con el mismo entusiasmo y compromiso que su padre. Juli\u00e1n se ha formado y experimentado a fondo en todos los aspectos de la industria c\u00e1rnica. Gracias a su visi\u00f3n estrat\u00e9gica, ha planificado, desarrollado y modernizado nuestras instalaciones, convirtiendo la f\u00e1brica en un referente nacional para jamones, embutidos frescos y curados, longaniza y lomo embuchado.<\/p>\n\n\n\n<p>La calidad excepcional de nuestros productos se basa en un profundo conocimiento de las materias primas y los procesos de transformaci\u00f3n. M\u00e1s all\u00e1 de la experiencia y la tradici\u00f3n, nos impulsa una constante b\u00fasqueda de la excelencia, con el firme compromiso de ofrecer cada d\u00eda los mejores productos a nuestros valiosos clientes.<\/p>\n\n\n\n<p>La innovaci\u00f3n, la dedicaci\u00f3n a la calidad, la seriedad y el rigor han sido los principios que han guiado nuestra empresa desde el principio. Hoy, la tercera generaci\u00f3n de la familia Mairal juega roles clave en diferentes \u00e1reas de la empresa, preservando y avanzando la visi\u00f3n de Juli\u00e1n.<\/p>\n\n\n\n<p>Esta no es solo la historia de una empresa; es la narrativa apasionante de un legado familiar que ha perdurado a lo largo de m\u00e1s de 60 a\u00f1os, comprometido a brindar productos de la m\u00e1s alta calidad, honrando la visi\u00f3n y el esfuerzo de su fundador, Juli\u00e1n Mairal Fumanal.<\/p>\n<\/details>\n\n\n\n<details class=\"wp-block-details has-base-2-background-color has-background is-layout-flow wp-block-details-is-layout-flow\"><summary>CONTACTO Y REDES SOCIALES<\/summary>\n<ul>\n<li><strong>Web:<\/strong> <a href=\"https:\/\/www.julianmairal.es\/\" target=\"_blank\" rel=\"noreferrer noopener\">https:\/\/www.julianmairal.es\/<\/a><\/li>\n\n\n\n<li><strong>Tel\u00e9fono:<\/strong> 974311323<\/li>\n\n\n\n<li><strong>Instagram:<\/strong> <a href=\"https:\/\/www.instagram.com\/tiendajulianmairal\/?hl=es\" data-type=\"link\" data-id=\"https:\/\/www.instagram.com\/tiendajulianmairal\/?hl=es\" target=\"_blank\" rel=\"noreferrer noopener\">Tienda Juli\u00e1n Mairal<\/a><\/li>\n\n\n\n<li><strong>Facebook:<\/strong> <a href=\"https:\/\/www.facebook.com\/JulianMairal\/?locale=es_ES\" data-type=\"link\" data-id=\"https:\/\/www.facebook.com\/JulianMairal\/?locale=es_ES\" target=\"_blank\" rel=\"noreferrer noopener\">Juli\u00e1n Mairal<\/a><\/li>\n<\/ul>\n<\/details>\n\n\n\n<p class=\"has-text-align-center\"><strong><a href=\"https:\/\/huescaturismoagro.com\/wp-content\/uploads\/2024\/12\/Julian-Mairal-1.pdf\">Haz click para descargar el folleto digital<\/a><\/strong><\/p>\n","protected":false},"excerpt":{"rendered":"<p>En Juli\u00e1n Mairal, llevamos a\u00f1os haciendo 60 a\u00f1os lo que m\u00e1s nos apasiona: fabricar jamones y embutidos que te hagan disfrutar del aut\u00e9ntico sabor de nuestra tierra. Somos una empresa familiar que cree en la tradici\u00f3n y en hacer las cosas con cari\u00f1o, como siempre se ha hecho. Cada jam\u00f3n y cada embutido que ofrecemos [&hellip;]<\/p>\n","protected":false},"author":1,"featured_media":0,"parent":0,"menu_order":0,"comment_status":"closed","ping_status":"closed","template":"","meta":{"footnotes":""},"_links":{"self":[{"href":"https:\/\/huescaturismoagro.com\/index.php\/wp-json\/wp\/v2\/pages\/455"}],"collection":[{"href":"https:\/\/huescaturismoagro.com\/index.php\/wp-json\/wp\/v2\/pages"}],"about":[{"href":"https:\/\/huescaturismoagro.com\/index.php\/wp-json\/wp\/v2\/types\/page"}],"author":[{"embeddable":true,"href":"https:\/\/huescaturismoagro.com\/index.php\/wp-json\/wp\/v2\/users\/1"}],"replies":[{"embeddable":true,"href":"https:\/\/huescaturismoagro.com\/index.php\/wp-json\/wp\/v2\/comments?post=455"}],"version-history":[{"count":4,"href":"https:\/\/huescaturismoagro.com\/index.php\/wp-json\/wp\/v2\/pages\/455\/revisions"}],"predecessor-version":[{"id":819,"href":"https:\/\/huescaturismoagro.com\/index.php\/wp-json\/wp\/v2\/pages\/455\/revisions\/819"}],"wp:attachment":[{"href":"https:\/\/huescaturismoagro.com\/index.php\/wp-json\/wp\/v2\/media?parent=455"}],"curies":[{"name":"wp","href":"https:\/\/api.w.org\/{rel}","templated":true}]}}