{"id":501,"date":"2024-10-23T16:18:08","date_gmt":"2024-10-23T14:18:08","guid":{"rendered":"https:\/\/huescaturismoagro.com\/?page_id=501"},"modified":"2024-12-20T12:00:37","modified_gmt":"2024-12-20T11:00:37","slug":"aceites-palacio","status":"publish","type":"page","link":"https:\/\/huescaturismoagro.com\/index.php\/aceites-palacio\/","title":{"rendered":"Aceites Palacio"},"content":{"rendered":"\n<p>Desde 1838, Aceites Palacio ha cuidado con mimo cada gota de nuestro aceite de oliva virgen extra. \u00bfQuieres saber c\u00f3mo transformamos una simple aceituna en un elixir de sabor \u00fanico? <\/p>\n\n\n\n<figure data-wp-context=\"{&quot;uploadedSrc&quot;:&quot;https:\\\/\\\/huescaturismoagro.com\\\/wp-content\\\/uploads\\\/2024\\\/12\\\/SKM_C22720061717451-scaled.jpg&quot;,&quot;figureClassNames&quot;:&quot;wp-block-image aligncenter size-large&quot;,&quot;figureStyles&quot;:null,&quot;imgClassNames&quot;:&quot;wp-image-838&quot;,&quot;imgStyles&quot;:null,&quot;targetWidth&quot;:1813,&quot;targetHeight&quot;:2560,&quot;scaleAttr&quot;:false,&quot;ariaLabel&quot;:&quot;Ampliar la imagen&quot;,&quot;alt&quot;:&quot;&quot;}\" data-wp-interactive=\"core\/image\" class=\"wp-block-image aligncenter size-large wp-lightbox-container\"><img loading=\"lazy\" decoding=\"async\" width=\"725\" height=\"1024\" data-wp-init=\"callbacks.setButtonStyles\" data-wp-on--click=\"actions.showLightbox\" data-wp-on--load=\"callbacks.setButtonStyles\" data-wp-on-window--resize=\"callbacks.setButtonStyles\" src=\"https:\/\/huescaturismoagro.com\/wp-content\/uploads\/2024\/12\/SKM_C22720061717451-725x1024.jpg\" alt=\"\" class=\"wp-image-838\" srcset=\"https:\/\/huescaturismoagro.com\/wp-content\/uploads\/2024\/12\/SKM_C22720061717451-725x1024.jpg 725w, https:\/\/huescaturismoagro.com\/wp-content\/uploads\/2024\/12\/SKM_C22720061717451-212x300.jpg 212w, https:\/\/huescaturismoagro.com\/wp-content\/uploads\/2024\/12\/SKM_C22720061717451-768x1084.jpg 768w, https:\/\/huescaturismoagro.com\/wp-content\/uploads\/2024\/12\/SKM_C22720061717451-1088x1536.jpg 1088w, https:\/\/huescaturismoagro.com\/wp-content\/uploads\/2024\/12\/SKM_C22720061717451-1450x2048.jpg 1450w, https:\/\/huescaturismoagro.com\/wp-content\/uploads\/2024\/12\/SKM_C22720061717451-scaled.jpg 1813w\" sizes=\"(max-width: 725px) 100vw, 725px\" \/><button\n\t\t\tclass=\"lightbox-trigger\"\n\t\t\ttype=\"button\"\n\t\t\taria-haspopup=\"dialog\"\n\t\t\taria-label=\"Ampliar la imagen\"\n\t\t\tdata-wp-init=\"callbacks.initTriggerButton\"\n\t\t\tdata-wp-on--click=\"actions.showLightbox\"\n\t\t\tdata-wp-style--right=\"context.imageButtonRight\"\n\t\t\tdata-wp-style--top=\"context.imageButtonTop\"\n\t\t>\n\t\t\t<svg xmlns=\"http:\/\/www.w3.org\/2000\/svg\" width=\"12\" height=\"12\" fill=\"none\" viewBox=\"0 0 12 12\">\n\t\t\t\t<path fill=\"#fff\" d=\"M2 0a2 2 0 0 0-2 2v2h1.5V2a.5.5 0 0 1 .5-.5h2V0H2Zm2 10.5H2a.5.5 0 0 1-.5-.5V8H0v2a2 2 0 0 0 2 2h2v-1.5ZM8 12v-1.5h2a.5.5 0 0 0 .5-.5V8H12v2a2 2 0 0 1-2 2H8Zm2-12a2 2 0 0 1 2 2v2h-1.5V2a.5.5 0 0 0-.5-.5H8V0h2Z\" \/>\n\t\t\t<\/svg>\n\t\t<\/button><\/figure>\n\n\n\n<p>Acomp\u00e1\u00f1anos en un viaje sensorial donde descubrir\u00e1s:<\/p>\n\n\n\n<p class=\"has-contrast-color has-text-color has-link-color wp-elements-4b357517c5126d8bca18b2a29e4c2f12\"><strong><em>Los olivos que cuentan historias:<\/em><\/strong> Recorre nuestros olivares y conoce las variedades que hacen de nuestro aceite tan especial. <\/p>\n\n\n\n<p><em><strong>El legado de cinco generaciones:<\/strong> <\/em>Ad\u00e9ntrate en nuestra almazara hist\u00f3rica y descubre c\u00f3mo hemos evolucionado a lo largo de los a\u00f1os. <\/p>\n\n\n\n<p><strong><em>La magia de la extracci\u00f3n en fr\u00edo:<\/em><\/strong> Asiste a un espect\u00e1culo \u00fanico: la transformaci\u00f3n de la aceituna en oro l\u00edquido. <\/p>\n\n\n\n<p><strong><em>Una cata que despertar\u00e1 tus sentidos:<\/em><\/strong> Aprende a distinguir los matices de nuestros aceites y a apreciar la complejidad de sus sabores.<\/p>\n\n\n\n<p>Disfruta de una experiencia \u00fanica de una hora, donde descubrir\u00e1s todos los secretos de nuestro aceite. Las visitas se realizan en castellano y requieren reserva previa. Adem\u00e1s, son grupos reducidos de 4 a 15 personas para una atenci\u00f3n personalizada!<\/p>\n\n\n\n<figure class=\"wp-block-gallery has-nested-images columns-default is-cropped wp-block-gallery-1 is-layout-flex wp-block-gallery-is-layout-flex\">\n<figure data-wp-context=\"{&quot;uploadedSrc&quot;:&quot;https:\\\/\\\/huescaturismoagro.com\\\/wp-content\\\/uploads\\\/2024\\\/12\\\/MAR8750-scaled.jpg&quot;,&quot;figureClassNames&quot;:&quot;wp-block-image size-large&quot;,&quot;figureStyles&quot;:null,&quot;imgClassNames&quot;:&quot;wp-image-841&quot;,&quot;imgStyles&quot;:null,&quot;targetWidth&quot;:2560,&quot;targetHeight&quot;:1707,&quot;scaleAttr&quot;:false,&quot;ariaLabel&quot;:&quot;Ampliar la imagen&quot;,&quot;alt&quot;:&quot;&quot;}\" data-wp-interactive=\"core\/image\" class=\"wp-block-image size-large wp-lightbox-container\"><img loading=\"lazy\" decoding=\"async\" width=\"1024\" height=\"683\" data-wp-init=\"callbacks.setButtonStyles\" data-wp-on--click=\"actions.showLightbox\" data-wp-on--load=\"callbacks.setButtonStyles\" data-wp-on-window--resize=\"callbacks.setButtonStyles\" data-id=\"841\" src=\"https:\/\/huescaturismoagro.com\/wp-content\/uploads\/2024\/12\/MAR8750-1024x683.jpg\" alt=\"\" class=\"wp-image-841\" srcset=\"https:\/\/huescaturismoagro.com\/wp-content\/uploads\/2024\/12\/MAR8750-1024x683.jpg 1024w, https:\/\/huescaturismoagro.com\/wp-content\/uploads\/2024\/12\/MAR8750-300x200.jpg 300w, https:\/\/huescaturismoagro.com\/wp-content\/uploads\/2024\/12\/MAR8750-768x512.jpg 768w, https:\/\/huescaturismoagro.com\/wp-content\/uploads\/2024\/12\/MAR8750-1536x1024.jpg 1536w, https:\/\/huescaturismoagro.com\/wp-content\/uploads\/2024\/12\/MAR8750-2048x1365.jpg 2048w\" sizes=\"(max-width: 1024px) 100vw, 1024px\" \/><button\n\t\t\tclass=\"lightbox-trigger\"\n\t\t\ttype=\"button\"\n\t\t\taria-haspopup=\"dialog\"\n\t\t\taria-label=\"Ampliar la imagen\"\n\t\t\tdata-wp-init=\"callbacks.initTriggerButton\"\n\t\t\tdata-wp-on--click=\"actions.showLightbox\"\n\t\t\tdata-wp-style--right=\"context.imageButtonRight\"\n\t\t\tdata-wp-style--top=\"context.imageButtonTop\"\n\t\t>\n\t\t\t<svg xmlns=\"http:\/\/www.w3.org\/2000\/svg\" width=\"12\" height=\"12\" fill=\"none\" viewBox=\"0 0 12 12\">\n\t\t\t\t<path fill=\"#fff\" d=\"M2 0a2 2 0 0 0-2 2v2h1.5V2a.5.5 0 0 1 .5-.5h2V0H2Zm2 10.5H2a.5.5 0 0 1-.5-.5V8H0v2a2 2 0 0 0 2 2h2v-1.5ZM8 12v-1.5h2a.5.5 0 0 0 .5-.5V8H12v2a2 2 0 0 1-2 2H8Zm2-12a2 2 0 0 1 2 2v2h-1.5V2a.5.5 0 0 0-.5-.5H8V0h2Z\" \/>\n\t\t\t<\/svg>\n\t\t<\/button><\/figure>\n\n\n\n<figure data-wp-context=\"{&quot;uploadedSrc&quot;:&quot;https:\\\/\\\/huescaturismoagro.com\\\/wp-content\\\/uploads\\\/2024\\\/12\\\/MAR8546-scaled.jpg&quot;,&quot;figureClassNames&quot;:&quot;wp-block-image size-large&quot;,&quot;figureStyles&quot;:null,&quot;imgClassNames&quot;:&quot;wp-image-652&quot;,&quot;imgStyles&quot;:null,&quot;targetWidth&quot;:1707,&quot;targetHeight&quot;:2560,&quot;scaleAttr&quot;:false,&quot;ariaLabel&quot;:&quot;Ampliar la imagen&quot;,&quot;alt&quot;:&quot;&quot;}\" data-wp-interactive=\"core\/image\" class=\"wp-block-image size-large wp-lightbox-container\"><img loading=\"lazy\" decoding=\"async\" width=\"683\" height=\"1024\" data-wp-init=\"callbacks.setButtonStyles\" data-wp-on--click=\"actions.showLightbox\" data-wp-on--load=\"callbacks.setButtonStyles\" data-wp-on-window--resize=\"callbacks.setButtonStyles\" data-id=\"652\" src=\"https:\/\/huescaturismoagro.com\/wp-content\/uploads\/2024\/12\/MAR8546-683x1024.jpg\" alt=\"\" class=\"wp-image-652\" srcset=\"https:\/\/huescaturismoagro.com\/wp-content\/uploads\/2024\/12\/MAR8546-683x1024.jpg 683w, https:\/\/huescaturismoagro.com\/wp-content\/uploads\/2024\/12\/MAR8546-200x300.jpg 200w, https:\/\/huescaturismoagro.com\/wp-content\/uploads\/2024\/12\/MAR8546-768x1152.jpg 768w, https:\/\/huescaturismoagro.com\/wp-content\/uploads\/2024\/12\/MAR8546-1024x1536.jpg 1024w, https:\/\/huescaturismoagro.com\/wp-content\/uploads\/2024\/12\/MAR8546-1365x2048.jpg 1365w, https:\/\/huescaturismoagro.com\/wp-content\/uploads\/2024\/12\/MAR8546-scaled.jpg 1707w\" sizes=\"(max-width: 683px) 100vw, 683px\" \/><button\n\t\t\tclass=\"lightbox-trigger\"\n\t\t\ttype=\"button\"\n\t\t\taria-haspopup=\"dialog\"\n\t\t\taria-label=\"Ampliar la imagen\"\n\t\t\tdata-wp-init=\"callbacks.initTriggerButton\"\n\t\t\tdata-wp-on--click=\"actions.showLightbox\"\n\t\t\tdata-wp-style--right=\"context.imageButtonRight\"\n\t\t\tdata-wp-style--top=\"context.imageButtonTop\"\n\t\t>\n\t\t\t<svg xmlns=\"http:\/\/www.w3.org\/2000\/svg\" width=\"12\" height=\"12\" fill=\"none\" viewBox=\"0 0 12 12\">\n\t\t\t\t<path fill=\"#fff\" d=\"M2 0a2 2 0 0 0-2 2v2h1.5V2a.5.5 0 0 1 .5-.5h2V0H2Zm2 10.5H2a.5.5 0 0 1-.5-.5V8H0v2a2 2 0 0 0 2 2h2v-1.5ZM8 12v-1.5h2a.5.5 0 0 0 .5-.5V8H12v2a2 2 0 0 1-2 2H8Zm2-12a2 2 0 0 1 2 2v2h-1.5V2a.5.5 0 0 0-.5-.5H8V0h2Z\" \/>\n\t\t\t<\/svg>\n\t\t<\/button><\/figure>\n\n\n\n<figure data-wp-context=\"{&quot;uploadedSrc&quot;:&quot;https:\\\/\\\/huescaturismoagro.com\\\/wp-content\\\/uploads\\\/2024\\\/12\\\/MAR8549-scaled.jpg&quot;,&quot;figureClassNames&quot;:&quot;wp-block-image size-large&quot;,&quot;figureStyles&quot;:null,&quot;imgClassNames&quot;:&quot;wp-image-653&quot;,&quot;imgStyles&quot;:null,&quot;targetWidth&quot;:1707,&quot;targetHeight&quot;:2560,&quot;scaleAttr&quot;:false,&quot;ariaLabel&quot;:&quot;Ampliar la imagen&quot;,&quot;alt&quot;:&quot;&quot;}\" data-wp-interactive=\"core\/image\" class=\"wp-block-image size-large wp-lightbox-container\"><img loading=\"lazy\" decoding=\"async\" width=\"683\" height=\"1024\" data-wp-init=\"callbacks.setButtonStyles\" data-wp-on--click=\"actions.showLightbox\" data-wp-on--load=\"callbacks.setButtonStyles\" data-wp-on-window--resize=\"callbacks.setButtonStyles\" data-id=\"653\" src=\"https:\/\/huescaturismoagro.com\/wp-content\/uploads\/2024\/12\/MAR8549-683x1024.jpg\" alt=\"\" class=\"wp-image-653\" srcset=\"https:\/\/huescaturismoagro.com\/wp-content\/uploads\/2024\/12\/MAR8549-683x1024.jpg 683w, https:\/\/huescaturismoagro.com\/wp-content\/uploads\/2024\/12\/MAR8549-200x300.jpg 200w, https:\/\/huescaturismoagro.com\/wp-content\/uploads\/2024\/12\/MAR8549-768x1152.jpg 768w, https:\/\/huescaturismoagro.com\/wp-content\/uploads\/2024\/12\/MAR8549-1024x1536.jpg 1024w, https:\/\/huescaturismoagro.com\/wp-content\/uploads\/2024\/12\/MAR8549-1365x2048.jpg 1365w, https:\/\/huescaturismoagro.com\/wp-content\/uploads\/2024\/12\/MAR8549-scaled.jpg 1707w\" sizes=\"(max-width: 683px) 100vw, 683px\" \/><button\n\t\t\tclass=\"lightbox-trigger\"\n\t\t\ttype=\"button\"\n\t\t\taria-haspopup=\"dialog\"\n\t\t\taria-label=\"Ampliar la imagen\"\n\t\t\tdata-wp-init=\"callbacks.initTriggerButton\"\n\t\t\tdata-wp-on--click=\"actions.showLightbox\"\n\t\t\tdata-wp-style--right=\"context.imageButtonRight\"\n\t\t\tdata-wp-style--top=\"context.imageButtonTop\"\n\t\t>\n\t\t\t<svg xmlns=\"http:\/\/www.w3.org\/2000\/svg\" width=\"12\" height=\"12\" fill=\"none\" viewBox=\"0 0 12 12\">\n\t\t\t\t<path fill=\"#fff\" d=\"M2 0a2 2 0 0 0-2 2v2h1.5V2a.5.5 0 0 1 .5-.5h2V0H2Zm2 10.5H2a.5.5 0 0 1-.5-.5V8H0v2a2 2 0 0 0 2 2h2v-1.5ZM8 12v-1.5h2a.5.5 0 0 0 .5-.5V8H12v2a2 2 0 0 1-2 2H8Zm2-12a2 2 0 0 1 2 2v2h-1.5V2a.5.5 0 0 0-.5-.5H8V0h2Z\" \/>\n\t\t\t<\/svg>\n\t\t<\/button><\/figure>\n\n\n\n<figure data-wp-context=\"{&quot;uploadedSrc&quot;:&quot;https:\\\/\\\/huescaturismoagro.com\\\/wp-content\\\/uploads\\\/2024\\\/12\\\/MAR8550-scaled.jpg&quot;,&quot;figureClassNames&quot;:&quot;wp-block-image size-large&quot;,&quot;figureStyles&quot;:null,&quot;imgClassNames&quot;:&quot;wp-image-651&quot;,&quot;imgStyles&quot;:null,&quot;targetWidth&quot;:2560,&quot;targetHeight&quot;:1707,&quot;scaleAttr&quot;:false,&quot;ariaLabel&quot;:&quot;Ampliar la imagen&quot;,&quot;alt&quot;:&quot;&quot;}\" data-wp-interactive=\"core\/image\" class=\"wp-block-image size-large wp-lightbox-container\"><img loading=\"lazy\" decoding=\"async\" width=\"1024\" height=\"683\" data-wp-init=\"callbacks.setButtonStyles\" data-wp-on--click=\"actions.showLightbox\" data-wp-on--load=\"callbacks.setButtonStyles\" data-wp-on-window--resize=\"callbacks.setButtonStyles\" data-id=\"651\" src=\"https:\/\/huescaturismoagro.com\/wp-content\/uploads\/2024\/12\/MAR8550-1024x683.jpg\" alt=\"\" class=\"wp-image-651\" srcset=\"https:\/\/huescaturismoagro.com\/wp-content\/uploads\/2024\/12\/MAR8550-1024x683.jpg 1024w, https:\/\/huescaturismoagro.com\/wp-content\/uploads\/2024\/12\/MAR8550-300x200.jpg 300w, https:\/\/huescaturismoagro.com\/wp-content\/uploads\/2024\/12\/MAR8550-768x512.jpg 768w, https:\/\/huescaturismoagro.com\/wp-content\/uploads\/2024\/12\/MAR8550-1536x1024.jpg 1536w, https:\/\/huescaturismoagro.com\/wp-content\/uploads\/2024\/12\/MAR8550-2048x1365.jpg 2048w\" sizes=\"(max-width: 1024px) 100vw, 1024px\" \/><button\n\t\t\tclass=\"lightbox-trigger\"\n\t\t\ttype=\"button\"\n\t\t\taria-haspopup=\"dialog\"\n\t\t\taria-label=\"Ampliar la imagen\"\n\t\t\tdata-wp-init=\"callbacks.initTriggerButton\"\n\t\t\tdata-wp-on--click=\"actions.showLightbox\"\n\t\t\tdata-wp-style--right=\"context.imageButtonRight\"\n\t\t\tdata-wp-style--top=\"context.imageButtonTop\"\n\t\t>\n\t\t\t<svg xmlns=\"http:\/\/www.w3.org\/2000\/svg\" width=\"12\" height=\"12\" fill=\"none\" viewBox=\"0 0 12 12\">\n\t\t\t\t<path fill=\"#fff\" d=\"M2 0a2 2 0 0 0-2 2v2h1.5V2a.5.5 0 0 1 .5-.5h2V0H2Zm2 10.5H2a.5.5 0 0 1-.5-.5V8H0v2a2 2 0 0 0 2 2h2v-1.5ZM8 12v-1.5h2a.5.5 0 0 0 .5-.5V8H12v2a2 2 0 0 1-2 2H8Zm2-12a2 2 0 0 1 2 2v2h-1.5V2a.5.5 0 0 0-.5-.5H8V0h2Z\" \/>\n\t\t\t<\/svg>\n\t\t<\/button><\/figure>\n\n\n\n<figure data-wp-context=\"{&quot;uploadedSrc&quot;:&quot;https:\\\/\\\/huescaturismoagro.com\\\/wp-content\\\/uploads\\\/2024\\\/12\\\/MAR8552-scaled.jpg&quot;,&quot;figureClassNames&quot;:&quot;wp-block-image size-large&quot;,&quot;figureStyles&quot;:null,&quot;imgClassNames&quot;:&quot;wp-image-654&quot;,&quot;imgStyles&quot;:null,&quot;targetWidth&quot;:2560,&quot;targetHeight&quot;:1707,&quot;scaleAttr&quot;:false,&quot;ariaLabel&quot;:&quot;Ampliar la imagen&quot;,&quot;alt&quot;:&quot;&quot;}\" data-wp-interactive=\"core\/image\" class=\"wp-block-image size-large wp-lightbox-container\"><img loading=\"lazy\" decoding=\"async\" width=\"1024\" height=\"683\" data-wp-init=\"callbacks.setButtonStyles\" data-wp-on--click=\"actions.showLightbox\" data-wp-on--load=\"callbacks.setButtonStyles\" data-wp-on-window--resize=\"callbacks.setButtonStyles\" data-id=\"654\" src=\"https:\/\/huescaturismoagro.com\/wp-content\/uploads\/2024\/12\/MAR8552-1024x683.jpg\" alt=\"\" class=\"wp-image-654\" srcset=\"https:\/\/huescaturismoagro.com\/wp-content\/uploads\/2024\/12\/MAR8552-1024x683.jpg 1024w, https:\/\/huescaturismoagro.com\/wp-content\/uploads\/2024\/12\/MAR8552-300x200.jpg 300w, https:\/\/huescaturismoagro.com\/wp-content\/uploads\/2024\/12\/MAR8552-768x512.jpg 768w, https:\/\/huescaturismoagro.com\/wp-content\/uploads\/2024\/12\/MAR8552-1536x1024.jpg 1536w, https:\/\/huescaturismoagro.com\/wp-content\/uploads\/2024\/12\/MAR8552-2048x1365.jpg 2048w\" sizes=\"(max-width: 1024px) 100vw, 1024px\" \/><button\n\t\t\tclass=\"lightbox-trigger\"\n\t\t\ttype=\"button\"\n\t\t\taria-haspopup=\"dialog\"\n\t\t\taria-label=\"Ampliar la imagen\"\n\t\t\tdata-wp-init=\"callbacks.initTriggerButton\"\n\t\t\tdata-wp-on--click=\"actions.showLightbox\"\n\t\t\tdata-wp-style--right=\"context.imageButtonRight\"\n\t\t\tdata-wp-style--top=\"context.imageButtonTop\"\n\t\t>\n\t\t\t<svg xmlns=\"http:\/\/www.w3.org\/2000\/svg\" width=\"12\" height=\"12\" fill=\"none\" viewBox=\"0 0 12 12\">\n\t\t\t\t<path fill=\"#fff\" d=\"M2 0a2 2 0 0 0-2 2v2h1.5V2a.5.5 0 0 1 .5-.5h2V0H2Zm2 10.5H2a.5.5 0 0 1-.5-.5V8H0v2a2 2 0 0 0 2 2h2v-1.5ZM8 12v-1.5h2a.5.5 0 0 0 .5-.5V8H12v2a2 2 0 0 1-2 2H8Zm2-12a2 2 0 0 1 2 2v2h-1.5V2a.5.5 0 0 0-.5-.5H8V0h2Z\" \/>\n\t\t\t<\/svg>\n\t\t<\/button><\/figure>\n\n\n\n<figure data-wp-context=\"{&quot;uploadedSrc&quot;:&quot;https:\\\/\\\/huescaturismoagro.com\\\/wp-content\\\/uploads\\\/2024\\\/12\\\/042AFAB0-1B4D-4FBA-9983-1F2A2ABAE732.jpg&quot;,&quot;figureClassNames&quot;:&quot;wp-block-image size-large&quot;,&quot;figureStyles&quot;:null,&quot;imgClassNames&quot;:&quot;wp-image-839&quot;,&quot;imgStyles&quot;:null,&quot;targetWidth&quot;:1536,&quot;targetHeight&quot;:2048,&quot;scaleAttr&quot;:false,&quot;ariaLabel&quot;:&quot;Ampliar la imagen&quot;,&quot;alt&quot;:&quot;&quot;}\" data-wp-interactive=\"core\/image\" class=\"wp-block-image size-large wp-lightbox-container\"><img loading=\"lazy\" decoding=\"async\" width=\"768\" height=\"1024\" data-wp-init=\"callbacks.setButtonStyles\" data-wp-on--click=\"actions.showLightbox\" data-wp-on--load=\"callbacks.setButtonStyles\" data-wp-on-window--resize=\"callbacks.setButtonStyles\" data-id=\"839\" src=\"https:\/\/huescaturismoagro.com\/wp-content\/uploads\/2024\/12\/042AFAB0-1B4D-4FBA-9983-1F2A2ABAE732-768x1024.jpg\" alt=\"\" class=\"wp-image-839\" srcset=\"https:\/\/huescaturismoagro.com\/wp-content\/uploads\/2024\/12\/042AFAB0-1B4D-4FBA-9983-1F2A2ABAE732-768x1024.jpg 768w, https:\/\/huescaturismoagro.com\/wp-content\/uploads\/2024\/12\/042AFAB0-1B4D-4FBA-9983-1F2A2ABAE732-225x300.jpg 225w, https:\/\/huescaturismoagro.com\/wp-content\/uploads\/2024\/12\/042AFAB0-1B4D-4FBA-9983-1F2A2ABAE732-1152x1536.jpg 1152w, https:\/\/huescaturismoagro.com\/wp-content\/uploads\/2024\/12\/042AFAB0-1B4D-4FBA-9983-1F2A2ABAE732.jpg 1536w\" sizes=\"(max-width: 768px) 100vw, 768px\" \/><button\n\t\t\tclass=\"lightbox-trigger\"\n\t\t\ttype=\"button\"\n\t\t\taria-haspopup=\"dialog\"\n\t\t\taria-label=\"Ampliar la imagen\"\n\t\t\tdata-wp-init=\"callbacks.initTriggerButton\"\n\t\t\tdata-wp-on--click=\"actions.showLightbox\"\n\t\t\tdata-wp-style--right=\"context.imageButtonRight\"\n\t\t\tdata-wp-style--top=\"context.imageButtonTop\"\n\t\t>\n\t\t\t<svg xmlns=\"http:\/\/www.w3.org\/2000\/svg\" width=\"12\" height=\"12\" fill=\"none\" viewBox=\"0 0 12 12\">\n\t\t\t\t<path fill=\"#fff\" d=\"M2 0a2 2 0 0 0-2 2v2h1.5V2a.5.5 0 0 1 .5-.5h2V0H2Zm2 10.5H2a.5.5 0 0 1-.5-.5V8H0v2a2 2 0 0 0 2 2h2v-1.5ZM8 12v-1.5h2a.5.5 0 0 0 .5-.5V8H12v2a2 2 0 0 1-2 2H8Zm2-12a2 2 0 0 1 2 2v2h-1.5V2a.5.5 0 0 0-.5-.5H8V0h2Z\" \/>\n\t\t\t<\/svg>\n\t\t<\/button><\/figure>\n<\/figure>\n\n\n\n<p class=\"has-custom-color-1-color has-text-color has-link-color has-large-font-size wp-elements-954c226a6fc216b3966fecee8e71518c\"><\/p>\n\n\n\n<figure class=\"wp-block-video\"><video controls src=\"https:\/\/huescaturismoagro.com\/wp-content\/uploads\/2024\/12\/Aceites-palacio.mp4\"><\/video><\/figure>\n\n\n\n<p><\/p>\n\n\n\n<details class=\"wp-block-details is-style-default has-base-2-background-color has-background is-layout-flow wp-container-core-details-is-layout-1 wp-block-details-is-layout-flow\"><summary>SOBRE NOSOSTROS <\/summary>\n<p>La historia de Aceites Palacio ha sido larga. M\u00e1s de 180 a\u00f1os llevando el fruto de los olivares de los Monegros hasta tu mesa. Y aqu\u00ed seguimos, con la ilusi\u00f3n del primer d\u00eda, la experiencia de los a\u00f1os y la seguridad de que podemos hacerlo un poquito mejor cada d\u00eda para ti.<\/p>\n\n\n\n<p>Bajo estas l\u00edneas te hemos preparado un breve viaje por nuestra historia, para que puedas conocernos algo mejor. Nuestros or\u00edgenes, nuestra evoluci\u00f3n, nuestros sue\u00f1os, todo lo que cuesta y todo lo que vale, pasito a pasito para ser lo que somos ahora mismo.<\/p>\n\n\n\n<p>1838: Los inicios<\/p>\n\n\n\n<p>La historia de la familia Palacio se remonta a 1838 con la almazara situada en la poblaci\u00f3n de Alberuela de Tubo, provincia de Huesca, para as\u00ed poder dar un servicio a los productores y agricultores de aceituna de la zona, aunque el molino es mucho m\u00e1s antiguo.<\/p>\n\n\n\n<p>1946: Electrificaci\u00f3n<\/p>\n\n\n\n<p>Primera ampliaci\u00f3n: llega la electricidad a Alberuela de Tubo lo que permite modificar las instalaciones.<\/p>\n\n\n\n<p>1964: Ampliaci\u00f3n<\/p>\n\n\n\n<p>Ampliamos nuestras instalaciones para ofrecer un mejor servicio.<\/p>\n\n\n\n<p>1982: Nace Aceite Palacio<\/p>\n\n\n\n<p>Tras a\u00f1os molturando y adquirir mayor experiencia, en 1982 decidimos dar a conocer nuestros productos. Estos productos eran envasados para posteriormente ser vendidos a todos los clientes que los demandaban para poderlo consumir en sus hogares.<\/p>\n\n\n\n<p>1989: Acero inoxidable<\/p>\n\n\n\n<p>En 1989 nos pasamos al acero inoxidable a\u00f1adiendo seguridad a nuestro proceso tracicional.<\/p>\n\n\n\n<p>2007: Renovaci\u00f3n de la envasadora<\/p>\n\n\n\n<p>Los envases han ido evolucionando y cambiando para mantener la tendencia de cada momento. Para ello, en el a\u00f1o 2007 se procedi\u00f3 a una renovaci\u00f3n de las instalaciones de la parte de la envasadora<\/p>\n\n\n\n<p><\/p>\n\n\n\n<figure data-wp-context=\"{&quot;uploadedSrc&quot;:&quot;https:\\\/\\\/huescaturismoagro.com\\\/wp-content\\\/uploads\\\/2024\\\/12\\\/primera-y-segunda-embotelladora-scaled.jpg&quot;,&quot;figureClassNames&quot;:&quot;wp-block-image aligncenter size-large&quot;,&quot;figureStyles&quot;:null,&quot;imgClassNames&quot;:&quot;wp-image-837&quot;,&quot;imgStyles&quot;:null,&quot;targetWidth&quot;:2560,&quot;targetHeight&quot;:1729,&quot;scaleAttr&quot;:false,&quot;ariaLabel&quot;:&quot;Ampliar la imagen&quot;,&quot;alt&quot;:&quot;&quot;}\" data-wp-interactive=\"core\/image\" class=\"wp-block-image aligncenter size-large wp-lightbox-container\"><img loading=\"lazy\" decoding=\"async\" width=\"1024\" height=\"692\" data-wp-init=\"callbacks.setButtonStyles\" data-wp-on--click=\"actions.showLightbox\" data-wp-on--load=\"callbacks.setButtonStyles\" data-wp-on-window--resize=\"callbacks.setButtonStyles\" src=\"https:\/\/huescaturismoagro.com\/wp-content\/uploads\/2024\/12\/primera-y-segunda-embotelladora-1024x692.jpg\" alt=\"\" class=\"wp-image-837\" srcset=\"https:\/\/huescaturismoagro.com\/wp-content\/uploads\/2024\/12\/primera-y-segunda-embotelladora-1024x692.jpg 1024w, https:\/\/huescaturismoagro.com\/wp-content\/uploads\/2024\/12\/primera-y-segunda-embotelladora-300x203.jpg 300w, https:\/\/huescaturismoagro.com\/wp-content\/uploads\/2024\/12\/primera-y-segunda-embotelladora-768x519.jpg 768w, https:\/\/huescaturismoagro.com\/wp-content\/uploads\/2024\/12\/primera-y-segunda-embotelladora-1536x1037.jpg 1536w, https:\/\/huescaturismoagro.com\/wp-content\/uploads\/2024\/12\/primera-y-segunda-embotelladora-2048x1383.jpg 2048w\" sizes=\"(max-width: 1024px) 100vw, 1024px\" \/><button\n\t\t\tclass=\"lightbox-trigger\"\n\t\t\ttype=\"button\"\n\t\t\taria-haspopup=\"dialog\"\n\t\t\taria-label=\"Ampliar la imagen\"\n\t\t\tdata-wp-init=\"callbacks.initTriggerButton\"\n\t\t\tdata-wp-on--click=\"actions.showLightbox\"\n\t\t\tdata-wp-style--right=\"context.imageButtonRight\"\n\t\t\tdata-wp-style--top=\"context.imageButtonTop\"\n\t\t>\n\t\t\t<svg xmlns=\"http:\/\/www.w3.org\/2000\/svg\" width=\"12\" height=\"12\" fill=\"none\" viewBox=\"0 0 12 12\">\n\t\t\t\t<path fill=\"#fff\" d=\"M2 0a2 2 0 0 0-2 2v2h1.5V2a.5.5 0 0 1 .5-.5h2V0H2Zm2 10.5H2a.5.5 0 0 1-.5-.5V8H0v2a2 2 0 0 0 2 2h2v-1.5ZM8 12v-1.5h2a.5.5 0 0 0 .5-.5V8H12v2a2 2 0 0 1-2 2H8Zm2-12a2 2 0 0 1 2 2v2h-1.5V2a.5.5 0 0 0-.5-.5H8V0h2Z\" \/>\n\t\t\t<\/svg>\n\t\t<\/button><\/figure>\n<\/details>\n\n\n\n<details class=\"wp-block-details has-base-2-background-color has-background is-layout-flow wp-block-details-is-layout-flow\"><summary>CONTACTO Y REDES SOCIALES<\/summary>\n<ul>\n<li><strong>Web:<\/strong> <a href=\"https:\/\/www.aceitespalacio.com\/\" target=\"_blank\" rel=\"noreferrer noopener\">https:\/\/www.aceitespalacio.com\/<\/a><\/li>\n\n\n\n<li><strong>Tel\u00e9fono:<\/strong> 974232023<\/li>\n\n\n\n<li><strong>Instagram:<\/strong> <a href=\"https:\/\/www.instagram.com\/aceitespalacio\/\" data-type=\"link\" data-id=\"https:\/\/www.instagram.com\/aceitespalacio\/\">@aceitespalacio<\/a><\/li>\n\n\n\n<li><strong>Facebook:<\/strong> <a href=\"https:\/\/www.facebook.com\/profile.php?id=100064146936967\" data-type=\"link\" data-id=\"https:\/\/www.facebook.com\/profile.php?id=100064146936967\" target=\"_blank\" rel=\"noreferrer noopener\">Aceites Palacio<\/a><\/li>\n<\/ul>\n<\/details>\n\n\n\n<p class=\"has-text-align-center\"><strong><a href=\"https:\/\/huescaturismoagro.com\/wp-content\/uploads\/2024\/12\/Aceite-Palacios-2.pdf\">Haz click para descargar el folleto digital<\/a><\/strong><\/p>\n","protected":false},"excerpt":{"rendered":"<p>Desde 1838, Aceites Palacio ha cuidado con mimo cada gota de nuestro aceite de oliva virgen extra. \u00bfQuieres saber c\u00f3mo transformamos una simple aceituna en un elixir de sabor \u00fanico? Acomp\u00e1\u00f1anos en un viaje sensorial donde descubrir\u00e1s: Los olivos que cuentan historias: Recorre nuestros olivares y conoce las variedades que hacen de nuestro aceite tan [&hellip;]<\/p>\n","protected":false},"author":1,"featured_media":0,"parent":0,"menu_order":0,"comment_status":"closed","ping_status":"closed","template":"","meta":{"footnotes":""},"_links":{"self":[{"href":"https:\/\/huescaturismoagro.com\/index.php\/wp-json\/wp\/v2\/pages\/501"}],"collection":[{"href":"https:\/\/huescaturismoagro.com\/index.php\/wp-json\/wp\/v2\/pages"}],"about":[{"href":"https:\/\/huescaturismoagro.com\/index.php\/wp-json\/wp\/v2\/types\/page"}],"author":[{"embeddable":true,"href":"https:\/\/huescaturismoagro.com\/index.php\/wp-json\/wp\/v2\/users\/1"}],"replies":[{"embeddable":true,"href":"https:\/\/huescaturismoagro.com\/index.php\/wp-json\/wp\/v2\/comments?post=501"}],"version-history":[{"count":7,"href":"https:\/\/huescaturismoagro.com\/index.php\/wp-json\/wp\/v2\/pages\/501\/revisions"}],"predecessor-version":[{"id":843,"href":"https:\/\/huescaturismoagro.com\/index.php\/wp-json\/wp\/v2\/pages\/501\/revisions\/843"}],"wp:attachment":[{"href":"https:\/\/huescaturismoagro.com\/index.php\/wp-json\/wp\/v2\/media?parent=501"}],"curies":[{"name":"wp","href":"https:\/\/api.w.org\/{rel}","templated":true}]}}